{"id":3839,"date":"2025-05-13T11:14:29","date_gmt":"2025-05-13T09:14:29","guid":{"rendered":"https:\/\/www.freshandfunny.sk\/produkt\/lufterfrischer-amon\/"},"modified":"2025-05-13T11:14:29","modified_gmt":"2025-05-13T09:14:29","slug":"lufterfrischer-amon","status":"publish","type":"product","link":"https:\/\/www.freshandfunny.sk\/de\/produkt\/lufterfrischer-amon\/","title":{"rendered":"Lufterfrischer &#8211; Amon"},"content":{"rendered":"<p>Dieser Duft ist f\u00fcr alle, die bereits Herr ihres eigenen Gl\u00fccks sind oder es werden und den Thron ihres Erfolgs besteigen m\u00f6chten. Feiern Sie das Leben und Ihren Erfolg.<br \/>\nAkkorde: Holz, Aroma, frische W\u00fcrze, wei\u00dfe Bl\u00fcten, Zitrus, Erdigkeit, S\u00fc\u00dfe<br \/>\nKopfnote: Rosa Pfeffer und Grapefruit<br \/>\nHerznote: Lavendel und Vetiver<br \/>\nBasisnote: Vanille, Amber und Bohnenranke <\/p>\n","protected":false},"excerpt":{"rendered":"<p>Royal ist ein Luxus, den sich jeder leisten kann.<\/p>\n<p><strong>Duftkomposition mit Charakter<\/strong><\/p>\n<p>Indischer Jasmin, Kaschmirholz, warmer, wei\u00dfer Jasmin<\/p>\n","protected":false},"featured_media":3657,"template":"","meta":{"inline_featured_image":false},"product_brand":[],"product_cat":[269],"product_tag":[219,223,224,220,221],"class_list":{"0":"post-3839","1":"product","2":"type-product","3":"status-publish","4":"has-post-thumbnail","6":"product_cat-royal-parfum-nr-99","7":"product_tag-fruchtig","8":"product_tag-leicht-wurzig","9":"product_tag-scharf","10":"product_tag-warm-de","11":"product_tag-woody-de","13":"first","14":"instock","15":"taxable","16":"shipping-taxable","17":"purchasable","18":"product-type-variable","19":"has-default-attributes"},"_links":{"self":[{"href":"https:\/\/www.freshandfunny.sk\/de\/wp-json\/wp\/v2\/product\/3839","targetHints":{"allow":["GET"]}}],"collection":[{"href":"https:\/\/www.freshandfunny.sk\/de\/wp-json\/wp\/v2\/product"}],"about":[{"href":"https:\/\/www.freshandfunny.sk\/de\/wp-json\/wp\/v2\/types\/product"}],"version-history":[{"count":0,"href":"https:\/\/www.freshandfunny.sk\/de\/wp-json\/wp\/v2\/product\/3839\/revisions"}],"wp:featuredmedia":[{"embeddable":true,"href":"https:\/\/www.freshandfunny.sk\/de\/wp-json\/wp\/v2\/media\/3657"}],"wp:attachment":[{"href":"https:\/\/www.freshandfunny.sk\/de\/wp-json\/wp\/v2\/media?parent=3839"}],"wp:term":[{"taxonomy":"product_brand","embeddable":true,"href":"https:\/\/www.freshandfunny.sk\/de\/wp-json\/wp\/v2\/product_brand?post=3839"},{"taxonomy":"product_cat","embeddable":true,"href":"https:\/\/www.freshandfunny.sk\/de\/wp-json\/wp\/v2\/product_cat?post=3839"},{"taxonomy":"product_tag","embeddable":true,"href":"https:\/\/www.freshandfunny.sk\/de\/wp-json\/wp\/v2\/product_tag?post=3839"}],"curies":[{"name":"wp","href":"https:\/\/api.w.org\/{rel}","templated":true}]}}