{"id":3852,"date":"2025-05-13T10:51:14","date_gmt":"2025-05-13T08:51:14","guid":{"rendered":"https:\/\/www.freshandfunny.sk\/produkt\/lufterfrischer-maximilian\/"},"modified":"2025-05-13T10:51:14","modified_gmt":"2025-05-13T08:51:14","slug":"lufterfrischer-maximilian","status":"publish","type":"product","link":"https:\/\/www.freshandfunny.sk\/de\/produkt\/lufterfrischer-maximilian\/","title":{"rendered":"Lufterfrischer &#8211; Maximilian"},"content":{"rendered":"<p>Dieser Duft ist f\u00fcr alle, die bereits Herr ihres eigenen Gl\u00fccks sind oder es werden und den Thron ihres eigenen Erfolgs besteigen m\u00f6chten. Feiern Sie das Leben und Ihren Erfolg.<br \/>\nAkkorde:<br \/>\nHolz, aromatisch, frische W\u00fcrze, wei\u00dfe Bl\u00fcten, Zitrus, erdig, s\u00fc\u00df<br \/>\nKopfnote: Rosa Pfeffer und Grapefruit<br \/>\nHerznote: Lavendel und Vetiver<br \/>\nBasisnote: Vanille, Ambra und Bohnenranke <\/p>\n","protected":false},"excerpt":{"rendered":"<p>Maximilian ist nicht nur der Gr\u00f6\u00dfte nach seinem lateinischen Vorbild, sondern er erreicht auch m\u00fchelos Erfolge, \u00fcberwindet die Hindernisse des Lebens und ist nicht zuletzt \u00e4u\u00dferst liebevoll und gesellig.<\/p>\n<p><strong>Duftkomposition in der Abbildung<\/strong><\/p>\n<p>Holz, Aroma, wei\u00dfe Bl\u00fcten, rosa Pfeffer und Grapefruit, Lavendel und Vetiver, Vanille, Ambra und Bohnenranke<\/p>\n","protected":false},"featured_media":3853,"template":"","meta":{"inline_featured_image":false},"product_brand":[],"product_cat":[270],"product_tag":[219,223,224,220,221],"class_list":{"0":"post-3852","1":"product","2":"type-product","3":"status-publish","4":"has-post-thumbnail","6":"product_cat-maxim-parfum-nr-26","7":"product_tag-fruchtig","8":"product_tag-leicht-wurzig","9":"product_tag-scharf","10":"product_tag-warm-de","11":"product_tag-woody-de","13":"first","14":"instock","15":"taxable","16":"shipping-taxable","17":"purchasable","18":"product-type-variable","19":"has-default-attributes"},"_links":{"self":[{"href":"https:\/\/www.freshandfunny.sk\/de\/wp-json\/wp\/v2\/product\/3852","targetHints":{"allow":["GET"]}}],"collection":[{"href":"https:\/\/www.freshandfunny.sk\/de\/wp-json\/wp\/v2\/product"}],"about":[{"href":"https:\/\/www.freshandfunny.sk\/de\/wp-json\/wp\/v2\/types\/product"}],"version-history":[{"count":0,"href":"https:\/\/www.freshandfunny.sk\/de\/wp-json\/wp\/v2\/product\/3852\/revisions"}],"wp:featuredmedia":[{"embeddable":true,"href":"https:\/\/www.freshandfunny.sk\/de\/wp-json\/wp\/v2\/media\/3853"}],"wp:attachment":[{"href":"https:\/\/www.freshandfunny.sk\/de\/wp-json\/wp\/v2\/media?parent=3852"}],"wp:term":[{"taxonomy":"product_brand","embeddable":true,"href":"https:\/\/www.freshandfunny.sk\/de\/wp-json\/wp\/v2\/product_brand?post=3852"},{"taxonomy":"product_cat","embeddable":true,"href":"https:\/\/www.freshandfunny.sk\/de\/wp-json\/wp\/v2\/product_cat?post=3852"},{"taxonomy":"product_tag","embeddable":true,"href":"https:\/\/www.freshandfunny.sk\/de\/wp-json\/wp\/v2\/product_tag?post=3852"}],"curies":[{"name":"wp","href":"https:\/\/api.w.org\/{rel}","templated":true}]}}