{"id":3858,"date":"2024-11-28T10:21:38","date_gmt":"2024-11-28T09:21:38","guid":{"rendered":"https:\/\/www.freshandfunny.sk\/produkt\/lufterfrischer-strauss\/"},"modified":"2024-11-28T10:21:38","modified_gmt":"2024-11-28T09:21:38","slug":"lufterfrischer-strauss","status":"publish","type":"product","link":"https:\/\/www.freshandfunny.sk\/de\/produkt\/lufterfrischer-strauss\/","title":{"rendered":"Lufterfrischer -Strau\u00df"},"content":{"rendered":"<p>Bitte geben Sie die Produkt-ID an, um entsprechende Daten anzuzeigen!<br \/>\nBitte geben Sie die Produkt-ID an, um entsprechende Daten anzuzeigen!<br \/>\nBitte geben Sie die Produkt-ID an, um entsprechende Daten anzuzeigen!<\/p>\n<h4>\u00c4hnliche Produkte<\/h4>\n<p>Bitte geben Sie die Produkt-ID an, um entsprechende Daten anzuzeigen!<\/p>\n","protected":false},"excerpt":{"rendered":"<p>Vanille ist einer der verf\u00fchrerischsten D\u00fcfte. Wussten Sie, dass sie oft als Hauptbestandteil der ber\u00fchmtesten Parf\u00fcme verwendet wird? Tats\u00e4chlich gilt Vanille in vielen Kulturen als nat\u00fcrliches Aphrodisiakum.<\/p>\n<p><strong>Kopfnote<\/strong>: Der Duft beginnt angenehm s\u00fc\u00df mit subtilen Moschusnoten. Der Duft ist sehr reif, obwohl er beim ersten Kontakt angenehme Kindheitserinnerungen hervorrufen kann. <\/p>\n<p><strong>K\u00f6rper<\/strong>: Unser Vanilleduft ist im Kern nicht so s\u00fc\u00df, enth\u00e4lt weniger Vanillin als die Schote und duftet blumiger. Deshalb bleibt er nicht nur an k\u00e4lteren Tagen, sondern auch bei sommerlichen Temperaturen angenehm frisch. <\/p>\n<p><strong>Basis<\/strong>: Durch sorgf\u00e4ltige Auswahl und Kombination von Vanilleduftkompositionen wurde eine hochwertige Basis aus Vanilleparf\u00fcm-Aroma erreicht. Mit seiner Dominanz im Duft verw\u00f6hnt es Sie lange und verstr\u00f6mt seinen angenehmen Duft. <\/p>\n","protected":false},"featured_media":3698,"template":"","meta":{"inline_featured_image":false},"product_brand":[],"product_cat":[271],"product_tag":[252,259,232,256],"class_list":{"0":"post-3858","1":"product","2":"type-product","3":"status-publish","4":"has-post-thumbnail","6":"product_cat-vanilla-de","7":"product_tag-charmant","8":"product_tag-frisch","9":"product_tag-glueckliches-gesicht","10":"product_tag-suess","12":"first","13":"instock","14":"taxable","15":"shipping-taxable","16":"purchasable","17":"product-type-variable","18":"has-default-attributes"},"_links":{"self":[{"href":"https:\/\/www.freshandfunny.sk\/de\/wp-json\/wp\/v2\/product\/3858","targetHints":{"allow":["GET"]}}],"collection":[{"href":"https:\/\/www.freshandfunny.sk\/de\/wp-json\/wp\/v2\/product"}],"about":[{"href":"https:\/\/www.freshandfunny.sk\/de\/wp-json\/wp\/v2\/types\/product"}],"version-history":[{"count":0,"href":"https:\/\/www.freshandfunny.sk\/de\/wp-json\/wp\/v2\/product\/3858\/revisions"}],"wp:featuredmedia":[{"embeddable":true,"href":"https:\/\/www.freshandfunny.sk\/de\/wp-json\/wp\/v2\/media\/3698"}],"wp:attachment":[{"href":"https:\/\/www.freshandfunny.sk\/de\/wp-json\/wp\/v2\/media?parent=3858"}],"wp:term":[{"taxonomy":"product_brand","embeddable":true,"href":"https:\/\/www.freshandfunny.sk\/de\/wp-json\/wp\/v2\/product_brand?post=3858"},{"taxonomy":"product_cat","embeddable":true,"href":"https:\/\/www.freshandfunny.sk\/de\/wp-json\/wp\/v2\/product_cat?post=3858"},{"taxonomy":"product_tag","embeddable":true,"href":"https:\/\/www.freshandfunny.sk\/de\/wp-json\/wp\/v2\/product_tag?post=3858"}],"curies":[{"name":"wp","href":"https:\/\/api.w.org\/{rel}","templated":true}]}}