{"id":3865,"date":"2024-11-28T10:19:31","date_gmt":"2024-11-28T09:19:31","guid":{"rendered":"https:\/\/www.freshandfunny.sk\/produkt\/lufterfrischer-sport\/"},"modified":"2024-11-28T10:19:31","modified_gmt":"2024-11-28T09:19:31","slug":"lufterfrischer-sport","status":"publish","type":"product","link":"https:\/\/www.freshandfunny.sk\/de\/produkt\/lufterfrischer-sport\/","title":{"rendered":"Lufterfrischer &#8211; Sport"},"content":{"rendered":"<p>Bitte geben Sie die Produkt-ID an, um entsprechende Daten anzuzeigen!<br \/>\nBitte geben Sie die Produkt-ID an, um entsprechende Daten anzuzeigen!<br \/>\nBitte geben Sie die Produkt-ID an, um entsprechende Daten anzuzeigen!<\/p>\n<h4>\u00c4hnliche Produkte<\/h4>\n<p>Bitte geben Sie die Produkt-ID an, um entsprechende Daten anzuzeigen!<\/p>\n","protected":false},"excerpt":{"rendered":"<p>Unaufdringlicher, duftender ARMY. F\u00fcr alle, die ihren Duft maskieren m\u00f6chten. Unaufdringlich und un\u00fcbersehbar zugleich. Muss man haben.   <\/p>\n<p><strong>Zusammensetzung des Duftes im Charakter<\/strong><\/p>\n<p>Ingwerholz, Bergamotte, Mandarine, Lavendel, Granatapfel, Leder<\/p>\n","protected":false},"featured_media":3697,"template":"","meta":{"inline_featured_image":false},"product_brand":[],"product_cat":[272],"product_tag":[233,247],"class_list":{"0":"post-3865","1":"product","2":"type-product","3":"status-publish","4":"has-post-thumbnail","6":"product_cat-sent-perfume-15-de","7":"product_tag-intensiv","8":"product_tag-wolke","10":"first","11":"instock","12":"taxable","13":"shipping-taxable","14":"purchasable","15":"product-type-variable","16":"has-default-attributes"},"_links":{"self":[{"href":"https:\/\/www.freshandfunny.sk\/de\/wp-json\/wp\/v2\/product\/3865","targetHints":{"allow":["GET"]}}],"collection":[{"href":"https:\/\/www.freshandfunny.sk\/de\/wp-json\/wp\/v2\/product"}],"about":[{"href":"https:\/\/www.freshandfunny.sk\/de\/wp-json\/wp\/v2\/types\/product"}],"version-history":[{"count":0,"href":"https:\/\/www.freshandfunny.sk\/de\/wp-json\/wp\/v2\/product\/3865\/revisions"}],"wp:featuredmedia":[{"embeddable":true,"href":"https:\/\/www.freshandfunny.sk\/de\/wp-json\/wp\/v2\/media\/3697"}],"wp:attachment":[{"href":"https:\/\/www.freshandfunny.sk\/de\/wp-json\/wp\/v2\/media?parent=3865"}],"wp:term":[{"taxonomy":"product_brand","embeddable":true,"href":"https:\/\/www.freshandfunny.sk\/de\/wp-json\/wp\/v2\/product_brand?post=3865"},{"taxonomy":"product_cat","embeddable":true,"href":"https:\/\/www.freshandfunny.sk\/de\/wp-json\/wp\/v2\/product_cat?post=3865"},{"taxonomy":"product_tag","embeddable":true,"href":"https:\/\/www.freshandfunny.sk\/de\/wp-json\/wp\/v2\/product_tag?post=3865"}],"curies":[{"name":"wp","href":"https:\/\/api.w.org\/{rel}","templated":true}]}}