{"id":3872,"date":"2024-11-28T10:08:04","date_gmt":"2024-11-28T09:08:04","guid":{"rendered":"https:\/\/www.freshandfunny.sk\/produkt\/lufterfrischer-red-devil\/"},"modified":"2024-11-28T10:08:04","modified_gmt":"2024-11-28T09:08:04","slug":"lufterfrischer-red-devil","status":"publish","type":"product","link":"https:\/\/www.freshandfunny.sk\/de\/produkt\/lufterfrischer-red-devil\/","title":{"rendered":"Lufterfrischer &#8211; Red Devil"},"content":{"rendered":"<p>Bitte geben Sie die Produkt-ID an, um entsprechende Daten anzuzeigen!<br \/>\nBitte geben Sie die Produkt-ID an, um entsprechende Daten anzuzeigen!<br \/>\nBitte geben Sie die Produkt-ID an, um entsprechende Daten anzuzeigen!<\/p>\n<h4>\u00c4hnliche Produkte<\/h4>\n<p>Bitte geben Sie die Produkt-ID an, um entsprechende Daten anzuzeigen!<\/p>\n","protected":false},"excerpt":{"rendered":"<p>Teufel sind b\u00f6se und furchteinfl\u00f6\u00dfend! Die Mission Ihres TEUFELS ist es jedoch, nicht nur die Luft, sondern auch Ihre Stimmung mit seinem schelmischen L\u00e4cheln und seinem Parf\u00fcmduft zu verbessern. <\/p>\n<p><strong>Zusammensetzung des Duftes im Charakter<\/strong><\/p>\n<p>Kiwi, schwarze Trauben, exotische Fr\u00fcchte<\/p>\n","protected":false},"featured_media":3694,"template":"","meta":{"inline_featured_image":false},"product_brand":[],"product_cat":[273],"product_tag":[259,219,232,245,237,257,262],"class_list":{"0":"post-3872","1":"product","2":"type-product","3":"status-publish","4":"has-post-thumbnail","6":"product_cat-kiwi-und-traube","7":"product_tag-frisch","8":"product_tag-fruchtig","9":"product_tag-glueckliches-gesicht","10":"product_tag-marine-de","11":"product_tag-sauer","12":"product_tag-sonnig","13":"product_tag-tropisch","15":"first","16":"instock","17":"taxable","18":"shipping-taxable","19":"purchasable","20":"product-type-variable","21":"has-default-attributes"},"_links":{"self":[{"href":"https:\/\/www.freshandfunny.sk\/de\/wp-json\/wp\/v2\/product\/3872","targetHints":{"allow":["GET"]}}],"collection":[{"href":"https:\/\/www.freshandfunny.sk\/de\/wp-json\/wp\/v2\/product"}],"about":[{"href":"https:\/\/www.freshandfunny.sk\/de\/wp-json\/wp\/v2\/types\/product"}],"version-history":[{"count":0,"href":"https:\/\/www.freshandfunny.sk\/de\/wp-json\/wp\/v2\/product\/3872\/revisions"}],"wp:featuredmedia":[{"embeddable":true,"href":"https:\/\/www.freshandfunny.sk\/de\/wp-json\/wp\/v2\/media\/3694"}],"wp:attachment":[{"href":"https:\/\/www.freshandfunny.sk\/de\/wp-json\/wp\/v2\/media?parent=3872"}],"wp:term":[{"taxonomy":"product_brand","embeddable":true,"href":"https:\/\/www.freshandfunny.sk\/de\/wp-json\/wp\/v2\/product_brand?post=3872"},{"taxonomy":"product_cat","embeddable":true,"href":"https:\/\/www.freshandfunny.sk\/de\/wp-json\/wp\/v2\/product_cat?post=3872"},{"taxonomy":"product_tag","embeddable":true,"href":"https:\/\/www.freshandfunny.sk\/de\/wp-json\/wp\/v2\/product_tag?post=3872"}],"curies":[{"name":"wp","href":"https:\/\/api.w.org\/{rel}","templated":true}]}}