{"id":3879,"date":"2024-11-26T08:11:25","date_gmt":"2024-11-26T07:11:25","guid":{"rendered":"https:\/\/www.freshandfunny.sk\/produkt\/lufterfrischer-leo\/"},"modified":"2024-11-26T08:11:25","modified_gmt":"2024-11-26T07:11:25","slug":"lufterfrischer-leo","status":"publish","type":"product","link":"https:\/\/www.freshandfunny.sk\/de\/produkt\/lufterfrischer-leo\/","title":{"rendered":"Lufterfrischer &#8211; Leo"},"content":{"rendered":"<p>Bitte geben Sie die Produkt-ID an, um entsprechende Daten anzuzeigen!<br \/>\nBitte geben Sie die Produkt-ID an, um entsprechende Daten anzuzeigen!<br \/>\nBitte geben Sie die Produkt-ID an, um entsprechende Daten anzuzeigen!<\/p>\n<h4>\u00c4hnliche Produkte<\/h4>\n<p>Bitte geben Sie die Produkt-ID an, um entsprechende Daten anzuzeigen!<\/p>\n","protected":false},"excerpt":{"rendered":"<p>In der afrikanischen Mythologie wird der Leopard oft als m\u00e4chtiges und listiges Wesen dargestellt. Manche Traditionen glauben, dass sich der Leopard in einen Menschen und zur\u00fcck verwandeln kann und \u00fcber \u00fcbernat\u00fcrliche Kr\u00e4fte verf\u00fcgt. Diese \u00fcbernat\u00fcrlichen Kr\u00e4fte werden dich auf deinen Pfaden des Lichts liebevoll besch\u00fctzen.  <\/p>\n<p><strong>Zusammensetzung des Duftes im Charakter<\/strong><\/p>\n<p>Bergamotte, Kamille, Wei\u00dfdorn, Lavendel, Zitrone, Mandarine und Muskatbl\u00fcte; Nelke, Zedernholz, Zitronenmelisse, Jasmin, Maigl\u00f6ckchen, Muskatnuss, Sandelholz und Veilchenblatt, Amber, Leder, Moschus, Patschuli, Tonkabohne und Vetiver.<\/p>\n","protected":false},"featured_media":3681,"template":"","meta":{"inline_featured_image":false},"product_brand":[],"product_cat":[274],"product_tag":[244,228,225,234],"class_list":{"0":"post-3879","1":"product","2":"type-product","3":"status-publish","4":"has-post-thumbnail","6":"product_cat-leo-perfume-38-de","7":"product_tag-alte-katze","8":"product_tag-aromatisch","9":"product_tag-katzchen","10":"product_tag-scharf-de","12":"first","13":"instock","14":"taxable","15":"shipping-taxable","16":"purchasable","17":"product-type-variable","18":"has-default-attributes"},"_links":{"self":[{"href":"https:\/\/www.freshandfunny.sk\/de\/wp-json\/wp\/v2\/product\/3879","targetHints":{"allow":["GET"]}}],"collection":[{"href":"https:\/\/www.freshandfunny.sk\/de\/wp-json\/wp\/v2\/product"}],"about":[{"href":"https:\/\/www.freshandfunny.sk\/de\/wp-json\/wp\/v2\/types\/product"}],"version-history":[{"count":0,"href":"https:\/\/www.freshandfunny.sk\/de\/wp-json\/wp\/v2\/product\/3879\/revisions"}],"wp:featuredmedia":[{"embeddable":true,"href":"https:\/\/www.freshandfunny.sk\/de\/wp-json\/wp\/v2\/media\/3681"}],"wp:attachment":[{"href":"https:\/\/www.freshandfunny.sk\/de\/wp-json\/wp\/v2\/media?parent=3879"}],"wp:term":[{"taxonomy":"product_brand","embeddable":true,"href":"https:\/\/www.freshandfunny.sk\/de\/wp-json\/wp\/v2\/product_brand?post=3879"},{"taxonomy":"product_cat","embeddable":true,"href":"https:\/\/www.freshandfunny.sk\/de\/wp-json\/wp\/v2\/product_cat?post=3879"},{"taxonomy":"product_tag","embeddable":true,"href":"https:\/\/www.freshandfunny.sk\/de\/wp-json\/wp\/v2\/product_tag?post=3879"}],"curies":[{"name":"wp","href":"https:\/\/api.w.org\/{rel}","templated":true}]}}