{"id":3884,"date":"2024-11-26T08:11:02","date_gmt":"2024-11-26T07:11:02","guid":{"rendered":"https:\/\/www.freshandfunny.sk\/produkt\/lufterfrischer-apollon\/"},"modified":"2024-11-26T08:11:02","modified_gmt":"2024-11-26T07:11:02","slug":"lufterfrischer-apollon","status":"publish","type":"product","link":"https:\/\/www.freshandfunny.sk\/de\/produkt\/lufterfrischer-apollon\/","title":{"rendered":"Lufterfrischer &#8211; Apollon"},"content":{"rendered":"<p>Bitte geben Sie die Produkt-ID an, um entsprechende Daten anzuzeigen!<br \/>\nBitte geben Sie die Produkt-ID an, um entsprechende Daten anzuzeigen!<br \/>\nBitte geben Sie die Produkt-ID an, um entsprechende Daten anzuzeigen!<\/p>\n<h4>\u00c4hnliche Produkte<\/h4>\n<p>Bitte geben Sie die Produkt-ID an, um entsprechende Daten anzuzeigen!<\/p>\n","protected":false},"excerpt":{"rendered":"<p>APOLLO war einer der \u00e4ltesten griechischen G\u00f6tter, Sohn von Zeus und Leto, Gott des Lichts und der Sonne, Besch\u00fctzer des Lebens und der Ordnung, unfehlbarer Bogensch\u00fctze und Wahrsager. APOLLOS Ankunft auf dem Olymp brachte stets Freude und gute Laune. Er besch\u00fctzte die Menschen in Kriegen und Gefahren, vertrieb Naturkatastrophen, schenkte ihnen Gesundheit und heilte sie bei Krankheit, sorgte f\u00fcr die von Zeus geschaffene Ordnung, liebte und belohnte das Gute. Seine heiligen Tiere: der Wolf (Symbol des Lichtgottes). Wir sind fest davon \u00fcberzeugt, dass unsere Duftfigur auch auf Ihren Reisen ein Licht sein wird.    <\/p>\n<p><strong>Zusammensetzung des Duftes im Charakter<\/strong><\/p>\n<div dir=\"ltr\">\n<div class=\"input-box\" spellcheck=\"false\">\n<div id=\"waffle-rich-text-editor\" class=\"cell-input editable disabled-input\" dir=\"ltr\" tabindex=\"0\" role=\"combobox\" contenteditable=\"false\" aria-autocomplete=\"list\" aria-label=\"H40\">Zimt, Vanille, Koriander, Pflaumen, Zitrusfr\u00fcchte, Mandarine, Orange, schwarzer Pfeffer, Jasmin, Gew\u00fcrznelke, Piment, Bergamotte, Nelke, Sandelholz, Patchouli, Zimt, Pfirsich, Rose, Maigl\u00f6ckchen, Iris, Muskatnuss, Vanille, Kokosnuss, Vetivergras, Weihrauch, Zeder, Myrrhe, Castoreum, Amber<\/div>\n<\/div>\n<\/div>\n<div><\/div>\n","protected":false},"featured_media":3662,"template":"","meta":{"inline_featured_image":false},"product_brand":[],"product_cat":[275],"product_tag":[230,219],"class_list":{"0":"post-3884","1":"product","2":"type-product","3":"status-publish","4":"has-post-thumbnail","6":"product_cat-apollo-perfume-46-de","7":"product_tag-elegant-de","8":"product_tag-fruchtig","10":"first","11":"instock","12":"taxable","13":"shipping-taxable","14":"purchasable","15":"product-type-variable","16":"has-default-attributes"},"_links":{"self":[{"href":"https:\/\/www.freshandfunny.sk\/de\/wp-json\/wp\/v2\/product\/3884","targetHints":{"allow":["GET"]}}],"collection":[{"href":"https:\/\/www.freshandfunny.sk\/de\/wp-json\/wp\/v2\/product"}],"about":[{"href":"https:\/\/www.freshandfunny.sk\/de\/wp-json\/wp\/v2\/types\/product"}],"version-history":[{"count":0,"href":"https:\/\/www.freshandfunny.sk\/de\/wp-json\/wp\/v2\/product\/3884\/revisions"}],"wp:featuredmedia":[{"embeddable":true,"href":"https:\/\/www.freshandfunny.sk\/de\/wp-json\/wp\/v2\/media\/3662"}],"wp:attachment":[{"href":"https:\/\/www.freshandfunny.sk\/de\/wp-json\/wp\/v2\/media?parent=3884"}],"wp:term":[{"taxonomy":"product_brand","embeddable":true,"href":"https:\/\/www.freshandfunny.sk\/de\/wp-json\/wp\/v2\/product_brand?post=3884"},{"taxonomy":"product_cat","embeddable":true,"href":"https:\/\/www.freshandfunny.sk\/de\/wp-json\/wp\/v2\/product_cat?post=3884"},{"taxonomy":"product_tag","embeddable":true,"href":"https:\/\/www.freshandfunny.sk\/de\/wp-json\/wp\/v2\/product_tag?post=3884"}],"curies":[{"name":"wp","href":"https:\/\/api.w.org\/{rel}","templated":true}]}}