{"id":3889,"date":"2024-11-26T08:10:36","date_gmt":"2024-11-26T07:10:36","guid":{"rendered":"https:\/\/www.freshandfunny.sk\/produkt\/lufterfrischer-gia\/"},"modified":"2024-11-26T08:10:36","modified_gmt":"2024-11-26T07:10:36","slug":"lufterfrischer-gia","status":"publish","type":"product","link":"https:\/\/www.freshandfunny.sk\/de\/produkt\/lufterfrischer-gia\/","title":{"rendered":"Lufterfrischer &#8211; Gia"},"content":{"rendered":"<p>Bitte geben Sie die Produkt-ID an, um entsprechende Daten anzuzeigen!<br \/>\nBitte geben Sie die Produkt-ID an, um entsprechende Daten anzuzeigen!<br \/>\nBitte geben Sie die Produkt-ID an, um entsprechende Daten anzuzeigen!<\/p>\n<h4>\u00c4hnliche Produkte<\/h4>\n<p>Bitte geben Sie die Produkt-ID an, um entsprechende Daten anzuzeigen!<\/p>\n","protected":false},"excerpt":{"rendered":"<p>Das Fitness-H\u00e4schen ist frisch und immer bereit f\u00fcr k\u00f6rperliche Bet\u00e4tigung. Nichts \u00fcberrascht sie. Sie ist stets gepflegt und gut gelaunt. Sie ist in Topform und l\u00e4uft lange, lebenslange Distanzen. F\u00fcr alle ausdauernden und zielstrebigen Damen.    <\/p>\n<p><strong>Zusammensetzung des Duftes im Charakter<\/strong><\/p>\n<div dir=\"ltr\">\n<div class=\"input-box\" spellcheck=\"false\">\n<div id=\"waffle-rich-text-editor\" class=\"cell-input editable disabled-input\" dir=\"ltr\" tabindex=\"0\" role=\"combobox\" contenteditable=\"false\" aria-autocomplete=\"list\" aria-label=\"H39\">Zitrusfr\u00fcchte, Blumen, Wasserjasmin, rosa Pfingstrose, rosa Pfeffer, Zeder, gelber Zucker, Labdanum<\/div>\n<\/div>\n<\/div>\n<div><\/div>\n","protected":false},"featured_media":3674,"template":"","meta":{"inline_featured_image":false},"product_brand":[],"product_cat":[276],"product_tag":[259,264,245],"class_list":{"0":"post-3889","1":"product","2":"type-product","3":"status-publish","4":"has-post-thumbnail","6":"product_cat-gia-perfume-11-de","7":"product_tag-frisch","8":"product_tag-hase","9":"product_tag-marine-de","11":"first","12":"instock","13":"taxable","14":"shipping-taxable","15":"purchasable","16":"product-type-variable","17":"has-default-attributes"},"_links":{"self":[{"href":"https:\/\/www.freshandfunny.sk\/de\/wp-json\/wp\/v2\/product\/3889","targetHints":{"allow":["GET"]}}],"collection":[{"href":"https:\/\/www.freshandfunny.sk\/de\/wp-json\/wp\/v2\/product"}],"about":[{"href":"https:\/\/www.freshandfunny.sk\/de\/wp-json\/wp\/v2\/types\/product"}],"version-history":[{"count":0,"href":"https:\/\/www.freshandfunny.sk\/de\/wp-json\/wp\/v2\/product\/3889\/revisions"}],"wp:featuredmedia":[{"embeddable":true,"href":"https:\/\/www.freshandfunny.sk\/de\/wp-json\/wp\/v2\/media\/3674"}],"wp:attachment":[{"href":"https:\/\/www.freshandfunny.sk\/de\/wp-json\/wp\/v2\/media?parent=3889"}],"wp:term":[{"taxonomy":"product_brand","embeddable":true,"href":"https:\/\/www.freshandfunny.sk\/de\/wp-json\/wp\/v2\/product_brand?post=3889"},{"taxonomy":"product_cat","embeddable":true,"href":"https:\/\/www.freshandfunny.sk\/de\/wp-json\/wp\/v2\/product_cat?post=3889"},{"taxonomy":"product_tag","embeddable":true,"href":"https:\/\/www.freshandfunny.sk\/de\/wp-json\/wp\/v2\/product_tag?post=3889"}],"curies":[{"name":"wp","href":"https:\/\/api.w.org\/{rel}","templated":true}]}}