{"id":3896,"date":"2024-11-26T08:10:36","date_gmt":"2024-11-26T07:10:36","guid":{"rendered":"https:\/\/www.freshandfunny.sk\/produkt\/lufterfrischer-apollonis\/"},"modified":"2024-11-26T08:10:36","modified_gmt":"2024-11-26T07:10:36","slug":"lufterfrischer-apollonis","status":"publish","type":"product","link":"https:\/\/www.freshandfunny.sk\/de\/produkt\/lufterfrischer-apollonis\/","title":{"rendered":"Lufterfrischer &#8211; Apollonis"},"content":{"rendered":"<p>Bitte geben Sie die Produkt-ID an, um entsprechende Daten anzuzeigen!<br \/>\nBitte geben Sie die Produkt-ID an, um entsprechende Daten anzuzeigen!<br \/>\nBitte geben Sie die Produkt-ID an, um entsprechende Daten anzuzeigen!<\/p>\n<h4>\u00c4hnliche Produkte<\/h4>\n<p>Bitte geben Sie die Produkt-ID an, um entsprechende Daten anzuzeigen!<\/p>\n","protected":false},"excerpt":{"rendered":"<p>APOLLONIS, der weniger bekannte Halbbruder von APOLLON, einem der \u00e4ltesten griechischen G\u00f6tter, ist ein Symbol f\u00fcr einen sanften, aber zugleich sehr strengen Besch\u00fctzer. Er besch\u00fctzt das Gute ohne Unterschied nicht nur unter G\u00f6ttern, sondern insbesondere unter Menschen und Tieren. Wir sind fest davon \u00fcberzeugt, dass seine sch\u00fctzende Kraft auch Sie auf den Pfad des Lichts f\u00fchren wird.  <\/p>\n<p><strong>Zusammensetzung des Duftes im Charakter<\/strong><\/p>\n<div dir=\"ltr\">\n<div class=\"input-box\" spellcheck=\"false\">\n<div id=\"waffle-rich-text-editor\" class=\"cell-input editable disabled-input\" dir=\"ltr\" tabindex=\"0\" role=\"combobox\" contenteditable=\"false\" aria-autocomplete=\"list\" aria-label=\"H41\">Zimt, Vanille, Koriander, Pflaumen, Zitrusfr\u00fcchte, Mandarine, Orange, schwarzer Pfeffer, Jasmin, Gew\u00fcrznelke, Piment, Bergamotte, Nelke, Sandelholz, Patchouli, Zimt, Pfirsich, Rose, Maigl\u00f6ckchen, Iris, Muskatnuss, Vanille, Kokosnuss, Vetivergras, Weihrauch, Zeder, Myrrhe, Castoreum, Amber<\/div>\n<\/div>\n<\/div>\n<div><\/div>\n","protected":false},"featured_media":3663,"template":"","meta":{"inline_featured_image":false},"product_brand":[],"product_cat":[276],"product_tag":[230,219,250],"class_list":{"0":"post-3896","1":"product","2":"type-product","3":"status-publish","4":"has-post-thumbnail","6":"product_cat-gia-perfume-11-de","7":"product_tag-elegant-de","8":"product_tag-fruchtig","9":"product_tag-hund","11":"first","12":"instock","13":"taxable","14":"shipping-taxable","15":"purchasable","16":"product-type-variable","17":"has-default-attributes"},"_links":{"self":[{"href":"https:\/\/www.freshandfunny.sk\/de\/wp-json\/wp\/v2\/product\/3896","targetHints":{"allow":["GET"]}}],"collection":[{"href":"https:\/\/www.freshandfunny.sk\/de\/wp-json\/wp\/v2\/product"}],"about":[{"href":"https:\/\/www.freshandfunny.sk\/de\/wp-json\/wp\/v2\/types\/product"}],"version-history":[{"count":0,"href":"https:\/\/www.freshandfunny.sk\/de\/wp-json\/wp\/v2\/product\/3896\/revisions"}],"wp:featuredmedia":[{"embeddable":true,"href":"https:\/\/www.freshandfunny.sk\/de\/wp-json\/wp\/v2\/media\/3663"}],"wp:attachment":[{"href":"https:\/\/www.freshandfunny.sk\/de\/wp-json\/wp\/v2\/media?parent=3896"}],"wp:term":[{"taxonomy":"product_brand","embeddable":true,"href":"https:\/\/www.freshandfunny.sk\/de\/wp-json\/wp\/v2\/product_brand?post=3896"},{"taxonomy":"product_cat","embeddable":true,"href":"https:\/\/www.freshandfunny.sk\/de\/wp-json\/wp\/v2\/product_cat?post=3896"},{"taxonomy":"product_tag","embeddable":true,"href":"https:\/\/www.freshandfunny.sk\/de\/wp-json\/wp\/v2\/product_tag?post=3896"}],"curies":[{"name":"wp","href":"https:\/\/api.w.org\/{rel}","templated":true}]}}