{"id":3906,"date":"2024-11-26T08:10:09","date_gmt":"2024-11-26T07:10:09","guid":{"rendered":"https:\/\/www.freshandfunny.sk\/produkt\/lufterfrischer-pepe\/"},"modified":"2024-11-26T08:10:09","modified_gmt":"2024-11-26T07:10:09","slug":"lufterfrischer-pepe","status":"publish","type":"product","link":"https:\/\/www.freshandfunny.sk\/de\/produkt\/lufterfrischer-pepe\/","title":{"rendered":"Lufterfrischer &#8211; Pepe"},"content":{"rendered":"<p>Bitte geben Sie die Produkt-ID an, um entsprechende Daten anzuzeigen!<br \/>\nBitte geben Sie die Produkt-ID an, um entsprechende Daten anzuzeigen!<br \/>\nBitte geben Sie die Produkt-ID an, um entsprechende Daten anzuzeigen!<\/p>\n<h4>\u00c4hnliche Produkte<\/h4>\n<p>Bitte geben Sie die Produkt-ID an, um entsprechende Daten anzuzeigen!<\/p>\n","protected":false},"excerpt":{"rendered":"<p>Die \u00c4ra der karierten Flanellmuster ist zur\u00fcck! Nicht nur M\u00e4nner kehren zu ihnen zur\u00fcck, auch viele Frauen bewundern sie. Es ist ein Muster, das nicht neu popul\u00e4r gemacht werden muss. Werfen wir also einen Blick in die Welt der Cowboys und lassen Sie sich von Ideen f\u00fcr allt\u00e4gliches Vergn\u00fcgen mit einem unglaublich femininen Duft inspirieren.   <\/p>\n<p><strong>Zusammensetzung des Duftes im Charakter<\/strong><\/p>\n<p>Wermut, Apfel, Bergamotte, Rose, Lavendel, Kardamom, Sandelholz, Moschus, Moos, Patchouli<\/p>\n","protected":false},"featured_media":3690,"template":"","meta":{"inline_featured_image":false},"product_brand":[],"product_cat":[277],"product_tag":[259,219,227,251,220,221],"class_list":{"0":"post-3906","1":"product","2":"type-product","3":"status-publish","4":"has-post-thumbnail","6":"product_cat-denim-perfume-18-de","7":"product_tag-frisch","8":"product_tag-fruchtig","9":"product_tag-fuenf-auge","10":"product_tag-scharf-de-2","11":"product_tag-warm-de","12":"product_tag-woody-de","14":"first","15":"outofstock","16":"taxable","17":"shipping-taxable","18":"purchasable","19":"product-type-variable","20":"has-default-attributes"},"_links":{"self":[{"href":"https:\/\/www.freshandfunny.sk\/de\/wp-json\/wp\/v2\/product\/3906","targetHints":{"allow":["GET"]}}],"collection":[{"href":"https:\/\/www.freshandfunny.sk\/de\/wp-json\/wp\/v2\/product"}],"about":[{"href":"https:\/\/www.freshandfunny.sk\/de\/wp-json\/wp\/v2\/types\/product"}],"version-history":[{"count":0,"href":"https:\/\/www.freshandfunny.sk\/de\/wp-json\/wp\/v2\/product\/3906\/revisions"}],"wp:featuredmedia":[{"embeddable":true,"href":"https:\/\/www.freshandfunny.sk\/de\/wp-json\/wp\/v2\/media\/3690"}],"wp:attachment":[{"href":"https:\/\/www.freshandfunny.sk\/de\/wp-json\/wp\/v2\/media?parent=3906"}],"wp:term":[{"taxonomy":"product_brand","embeddable":true,"href":"https:\/\/www.freshandfunny.sk\/de\/wp-json\/wp\/v2\/product_brand?post=3906"},{"taxonomy":"product_cat","embeddable":true,"href":"https:\/\/www.freshandfunny.sk\/de\/wp-json\/wp\/v2\/product_cat?post=3906"},{"taxonomy":"product_tag","embeddable":true,"href":"https:\/\/www.freshandfunny.sk\/de\/wp-json\/wp\/v2\/product_tag?post=3906"}],"curies":[{"name":"wp","href":"https:\/\/api.w.org\/{rel}","templated":true}]}}