{"id":3921,"date":"2024-11-26T08:09:32","date_gmt":"2024-11-26T07:09:32","guid":{"rendered":"https:\/\/www.freshandfunny.sk\/produkt\/lufterfrischer-mr-ice\/"},"modified":"2024-11-26T08:09:32","modified_gmt":"2024-11-26T07:09:32","slug":"lufterfrischer-mr-ice","status":"publish","type":"product","link":"https:\/\/www.freshandfunny.sk\/de\/produkt\/lufterfrischer-mr-ice\/","title":{"rendered":"Lufterfrischer &#8211; Mr. ICE"},"content":{"rendered":"<p>Bitte geben Sie die Produkt-ID an, um entsprechende Daten anzuzeigen!<br \/>\nBitte geben Sie die Produkt-ID an, um entsprechende Daten anzuzeigen!<br \/>\nBitte geben Sie die Produkt-ID an, um entsprechende Daten anzuzeigen!<\/p>\n<h4>\u00c4hnliche Produkte<\/h4>\n<p>Bitte geben Sie die Produkt-ID an, um entsprechende Daten anzuzeigen!<\/p>\n","protected":false},"excerpt":{"rendered":"<p>ICE ICE Baby. Unser Eishase sorgt an hei\u00dfen Sommertagen f\u00fcr eine kleine Abk\u00fchlung und erfreut im Winter als tolles Eis-Accessoire im beheizten Auto. <\/p>\n<p><strong>Zusammensetzung des Duftes im Charakter<\/strong><\/p>\n<p>Zitrusfr\u00fcchte, Wasser, Pfeffer, Elemi, Bergamotte, Salbei, Rosmarin, Wermut, Weihrauch, Patchouli<\/p>\n","protected":false},"featured_media":3687,"template":"","meta":{"inline_featured_image":false},"product_brand":[],"product_cat":[280],"product_tag":[259,264,233,240,229],"class_list":{"0":"post-3921","1":"product","2":"type-product","3":"status-publish","4":"has-post-thumbnail","6":"product_cat-ice-perfume-25-de","7":"product_tag-frisch","8":"product_tag-hase","9":"product_tag-intensiv","10":"product_tag-ladova-de","11":"product_tag-zitrusfruechte","13":"first","14":"instock","15":"taxable","16":"shipping-taxable","17":"purchasable","18":"product-type-variable","19":"has-default-attributes"},"_links":{"self":[{"href":"https:\/\/www.freshandfunny.sk\/de\/wp-json\/wp\/v2\/product\/3921","targetHints":{"allow":["GET"]}}],"collection":[{"href":"https:\/\/www.freshandfunny.sk\/de\/wp-json\/wp\/v2\/product"}],"about":[{"href":"https:\/\/www.freshandfunny.sk\/de\/wp-json\/wp\/v2\/types\/product"}],"version-history":[{"count":0,"href":"https:\/\/www.freshandfunny.sk\/de\/wp-json\/wp\/v2\/product\/3921\/revisions"}],"wp:featuredmedia":[{"embeddable":true,"href":"https:\/\/www.freshandfunny.sk\/de\/wp-json\/wp\/v2\/media\/3687"}],"wp:attachment":[{"href":"https:\/\/www.freshandfunny.sk\/de\/wp-json\/wp\/v2\/media?parent=3921"}],"wp:term":[{"taxonomy":"product_brand","embeddable":true,"href":"https:\/\/www.freshandfunny.sk\/de\/wp-json\/wp\/v2\/product_brand?post=3921"},{"taxonomy":"product_cat","embeddable":true,"href":"https:\/\/www.freshandfunny.sk\/de\/wp-json\/wp\/v2\/product_cat?post=3921"},{"taxonomy":"product_tag","embeddable":true,"href":"https:\/\/www.freshandfunny.sk\/de\/wp-json\/wp\/v2\/product_tag?post=3921"}],"curies":[{"name":"wp","href":"https:\/\/api.w.org\/{rel}","templated":true}]}}