{"id":3934,"date":"2024-11-26T08:09:04","date_gmt":"2024-11-26T07:09:04","guid":{"rendered":"https:\/\/www.freshandfunny.sk\/produkt\/lufterfrischer-nautilus-blue\/"},"modified":"2024-11-26T08:09:04","modified_gmt":"2024-11-26T07:09:04","slug":"lufterfrischer-nautilus-blue","status":"publish","type":"product","link":"https:\/\/www.freshandfunny.sk\/de\/produkt\/lufterfrischer-nautilus-blue\/","title":{"rendered":"Lufterfrischer &#8211; Nautilus Blue"},"content":{"rendered":"<p>Bitte geben Sie die Produkt-ID an, um entsprechende Daten anzuzeigen!<br \/>\nBitte geben Sie die Produkt-ID an, um entsprechende Daten anzuzeigen!<br \/>\nBitte geben Sie die Produkt-ID an, um entsprechende Daten anzuzeigen!<\/p>\n<h4>\u00c4hnliche Produkte<\/h4>\n<p>Bitte geben Sie die Produkt-ID an, um entsprechende Daten anzuzeigen!<\/p>\n","protected":false},"excerpt":{"rendered":"<p>Glaubst du, ein Lemur w\u00e4re ein guter Seemann? Unser Seemann ist eher ein Wasser- als ein Landbewohner. In der Antike glaubten die Ureinwohner, dass Lemuren von den Meeresg\u00f6ttern gesandt wurden, um Gl\u00fcck zu bringen. Deshalb glauben wir, dass unsere Lemuren dir auf deiner Lebensreise Gl\u00fcck bringen werden.   <\/p>\n<p><strong>Zusammensetzung des Duftes im Charakter<\/strong><\/p>\n<p>Blumen, Holz, Mandarine, Bergamotte, Kaktusfeige, Jasmin, Pancratium maritimum, Kardamom, Moschus, Olivenbaum, Zeder, Moschus, Sandelholz<\/p>\n","protected":false},"featured_media":3659,"template":"","meta":{"inline_featured_image":false},"product_brand":[],"product_cat":[281],"product_tag":[236,219,242],"class_list":{"0":"post-3934","1":"product","2":"type-product","3":"status-publish","4":"has-post-thumbnail","6":"product_cat-navy-perfume-23-de","7":"product_tag-blumen-de","8":"product_tag-fruchtig","9":"product_tag-lemur-de","11":"first","12":"outofstock","13":"taxable","14":"shipping-taxable","15":"purchasable","16":"product-type-variable","17":"has-default-attributes"},"_links":{"self":[{"href":"https:\/\/www.freshandfunny.sk\/de\/wp-json\/wp\/v2\/product\/3934","targetHints":{"allow":["GET"]}}],"collection":[{"href":"https:\/\/www.freshandfunny.sk\/de\/wp-json\/wp\/v2\/product"}],"about":[{"href":"https:\/\/www.freshandfunny.sk\/de\/wp-json\/wp\/v2\/types\/product"}],"version-history":[{"count":0,"href":"https:\/\/www.freshandfunny.sk\/de\/wp-json\/wp\/v2\/product\/3934\/revisions"}],"wp:featuredmedia":[{"embeddable":true,"href":"https:\/\/www.freshandfunny.sk\/de\/wp-json\/wp\/v2\/media\/3659"}],"wp:attachment":[{"href":"https:\/\/www.freshandfunny.sk\/de\/wp-json\/wp\/v2\/media?parent=3934"}],"wp:term":[{"taxonomy":"product_brand","embeddable":true,"href":"https:\/\/www.freshandfunny.sk\/de\/wp-json\/wp\/v2\/product_brand?post=3934"},{"taxonomy":"product_cat","embeddable":true,"href":"https:\/\/www.freshandfunny.sk\/de\/wp-json\/wp\/v2\/product_cat?post=3934"},{"taxonomy":"product_tag","embeddable":true,"href":"https:\/\/www.freshandfunny.sk\/de\/wp-json\/wp\/v2\/product_tag?post=3934"}],"curies":[{"name":"wp","href":"https:\/\/api.w.org\/{rel}","templated":true}]}}