{"id":3954,"date":"2024-11-26T08:07:31","date_gmt":"2024-11-26T07:07:31","guid":{"rendered":"https:\/\/www.freshandfunny.sk\/produkt\/lufterfrischer-liebe\/"},"modified":"2024-11-26T08:07:31","modified_gmt":"2024-11-26T07:07:31","slug":"lufterfrischer-liebe","status":"publish","type":"product","link":"https:\/\/www.freshandfunny.sk\/de\/produkt\/lufterfrischer-liebe\/","title":{"rendered":"Lufterfrischer &#8211; Liebe"},"content":{"rendered":"<p>Bitte geben Sie die Produkt-ID an, um entsprechende Daten anzuzeigen!<br \/>\nBitte geben Sie die Produkt-ID an, um entsprechende Daten anzuzeigen!<br \/>\nBitte geben Sie die Produkt-ID an, um entsprechende Daten anzuzeigen!<\/p>\n<h4>\u00c4hnliche Produkte<\/h4>\n<p>Bitte geben Sie die Produkt-ID an, um entsprechende Daten anzuzeigen!<\/p>\n","protected":false},"excerpt":{"rendered":"<p>Liebe auf den ersten Blick. Dieses Herz voller sinnlicher D\u00fcfte muss man einfach haben. Verschenke ein St\u00fcck Liebe und Duft zugleich.  <\/p>\n<p><strong>Zusammensetzung des Duftes im Charakter<\/strong><\/p>\n<div dir=\"ltr\">\n<div class=\"input-box\" spellcheck=\"false\">\n<div id=\"waffle-rich-text-editor\" class=\"cell-input editable disabled-input\" dir=\"ltr\" tabindex=\"0\" role=\"combobox\" contenteditable=\"false\" aria-autocomplete=\"list\" aria-label=\"H23\">mandar\u00ednka, ru\u017eov\u00e9 korenie, bergamon, pelarg\u00f3nie, brosky\u0148a, orgov\u00e1n, \u010dierna r\u00edbez\u013ea, jasm\u00edn, pa\u010duli, jant\u00e1r, vanilka, biele pi\u017emo, korenie<\/div>\n<\/div>\n<\/div>\n<div><\/div>\n","protected":false},"featured_media":3682,"template":"","meta":{"inline_featured_image":false},"product_brand":[],"product_cat":[284],"product_tag":[236,219,258],"class_list":{"0":"post-3954","1":"product","2":"type-product","3":"status-publish","4":"has-post-thumbnail","6":"product_cat-destiny-perfume-16-de","7":"product_tag-blumen-de","8":"product_tag-fruchtig","9":"product_tag-herz","11":"first","12":"instock","13":"taxable","14":"shipping-taxable","15":"purchasable","16":"product-type-variable","17":"has-default-attributes"},"_links":{"self":[{"href":"https:\/\/www.freshandfunny.sk\/de\/wp-json\/wp\/v2\/product\/3954","targetHints":{"allow":["GET"]}}],"collection":[{"href":"https:\/\/www.freshandfunny.sk\/de\/wp-json\/wp\/v2\/product"}],"about":[{"href":"https:\/\/www.freshandfunny.sk\/de\/wp-json\/wp\/v2\/types\/product"}],"version-history":[{"count":0,"href":"https:\/\/www.freshandfunny.sk\/de\/wp-json\/wp\/v2\/product\/3954\/revisions"}],"wp:featuredmedia":[{"embeddable":true,"href":"https:\/\/www.freshandfunny.sk\/de\/wp-json\/wp\/v2\/media\/3682"}],"wp:attachment":[{"href":"https:\/\/www.freshandfunny.sk\/de\/wp-json\/wp\/v2\/media?parent=3954"}],"wp:term":[{"taxonomy":"product_brand","embeddable":true,"href":"https:\/\/www.freshandfunny.sk\/de\/wp-json\/wp\/v2\/product_brand?post=3954"},{"taxonomy":"product_cat","embeddable":true,"href":"https:\/\/www.freshandfunny.sk\/de\/wp-json\/wp\/v2\/product_cat?post=3954"},{"taxonomy":"product_tag","embeddable":true,"href":"https:\/\/www.freshandfunny.sk\/de\/wp-json\/wp\/v2\/product_tag?post=3954"}],"curies":[{"name":"wp","href":"https:\/\/api.w.org\/{rel}","templated":true}]}}