{"id":3960,"date":"2024-11-26T08:08:00","date_gmt":"2024-11-26T07:08:00","guid":{"rendered":"https:\/\/www.freshandfunny.sk\/produkt\/lufterfrischer-purple-devil\/"},"modified":"2024-11-26T08:08:00","modified_gmt":"2024-11-26T07:08:00","slug":"lufterfrischer-purple-devil","status":"publish","type":"product","link":"https:\/\/www.freshandfunny.sk\/de\/produkt\/lufterfrischer-purple-devil\/","title":{"rendered":"Lufterfrischer &#8211; Purple Devil"},"content":{"rendered":"<p>Bitte geben Sie die Produkt-ID an, um entsprechende Daten anzuzeigen!<br \/>\nBitte geben Sie die Produkt-ID an, um entsprechende Daten anzuzeigen!<br \/>\nBitte geben Sie die Produkt-ID an, um entsprechende Daten anzuzeigen!<\/p>\n<h4>\u00c4hnliche Produkte<\/h4>\n<p>Bitte geben Sie die Produkt-ID an, um entsprechende Daten anzuzeigen!<\/p>\n","protected":false},"excerpt":{"rendered":"<p>Teufel sind b\u00f6se und furchteinfl\u00f6\u00dfend! Die Mission Ihres TEUFELS ist es jedoch, nicht nur die Luft, sondern auch Ihre Stimmung mit seinem schelmischen L\u00e4cheln und seinem Parf\u00fcmduft zu verbessern. <\/p>\n<p><strong>Zusammensetzung des Duftes im Charakter<\/strong><\/p>\n<p>Kiwi, schwarze Trauben, exotische Fr\u00fcchte<\/p>\n","protected":false},"featured_media":3692,"template":"","meta":{"inline_featured_image":false},"product_brand":[],"product_cat":[273],"product_tag":[259,219,232,245,237,257,256,262],"class_list":{"0":"post-3960","1":"product","2":"type-product","3":"status-publish","4":"has-post-thumbnail","6":"product_cat-kiwi-und-traube","7":"product_tag-frisch","8":"product_tag-fruchtig","9":"product_tag-glueckliches-gesicht","10":"product_tag-marine-de","11":"product_tag-sauer","12":"product_tag-sonnig","13":"product_tag-suess","14":"product_tag-tropisch","16":"first","17":"instock","18":"taxable","19":"shipping-taxable","20":"purchasable","21":"product-type-variable","22":"has-default-attributes"},"_links":{"self":[{"href":"https:\/\/www.freshandfunny.sk\/de\/wp-json\/wp\/v2\/product\/3960","targetHints":{"allow":["GET"]}}],"collection":[{"href":"https:\/\/www.freshandfunny.sk\/de\/wp-json\/wp\/v2\/product"}],"about":[{"href":"https:\/\/www.freshandfunny.sk\/de\/wp-json\/wp\/v2\/types\/product"}],"version-history":[{"count":0,"href":"https:\/\/www.freshandfunny.sk\/de\/wp-json\/wp\/v2\/product\/3960\/revisions"}],"wp:featuredmedia":[{"embeddable":true,"href":"https:\/\/www.freshandfunny.sk\/de\/wp-json\/wp\/v2\/media\/3692"}],"wp:attachment":[{"href":"https:\/\/www.freshandfunny.sk\/de\/wp-json\/wp\/v2\/media?parent=3960"}],"wp:term":[{"taxonomy":"product_brand","embeddable":true,"href":"https:\/\/www.freshandfunny.sk\/de\/wp-json\/wp\/v2\/product_brand?post=3960"},{"taxonomy":"product_cat","embeddable":true,"href":"https:\/\/www.freshandfunny.sk\/de\/wp-json\/wp\/v2\/product_cat?post=3960"},{"taxonomy":"product_tag","embeddable":true,"href":"https:\/\/www.freshandfunny.sk\/de\/wp-json\/wp\/v2\/product_tag?post=3960"}],"curies":[{"name":"wp","href":"https:\/\/api.w.org\/{rel}","templated":true}]}}