{"id":3965,"date":"2024-11-26T08:07:31","date_gmt":"2024-11-26T07:07:31","guid":{"rendered":"https:\/\/www.freshandfunny.sk\/produkt\/lufterfrischer-gibon\/"},"modified":"2024-11-26T08:07:31","modified_gmt":"2024-11-26T07:07:31","slug":"lufterfrischer-gibon","status":"publish","type":"product","link":"https:\/\/www.freshandfunny.sk\/de\/produkt\/lufterfrischer-gibon\/","title":{"rendered":"Lufterfrischer &#8211; Gibon"},"content":{"rendered":"<p>Bitte geben Sie die Produkt-ID an, um entsprechende Daten anzuzeigen!<br \/>\nBitte geben Sie die Produkt-ID an, um entsprechende Daten anzuzeigen!<br \/>\nBitte geben Sie die Produkt-ID an, um entsprechende Daten anzuzeigen!<\/p>\n<h4>\u00c4hnliche Produkte<\/h4>\n<p>Bitte geben Sie die Produkt-ID an, um entsprechende Daten anzuzeigen!<\/p>\n","protected":false},"excerpt":{"rendered":"<p>Ich lebe schon lange hier und f\u00fchle mich hier wohl. Wo ich herkomme, ist alles sehr bunt und fr\u00f6hlich. Je bunter, desto edler die Herkunft. Je nachdem, welche Sonne scheint, bekommen wir eine Br\u00e4une in dieser Farbe.   <\/p>\n<p><strong>Zusammensetzung des Duftes im Charakter<\/strong><\/p>\n<p>Schwarze Johannisbeere, Birne. Iris, Jasmin, Maigl\u00f6ckchen. Pudrige Vanille, Praline, warme Tonkabohne, Patchouli  <\/p>\n","protected":false},"featured_media":3675,"template":"","meta":{"inline_featured_image":false},"product_brand":[],"product_cat":[285],"product_tag":[248,219,256],"class_list":{"0":"post-3965","1":"product","2":"type-product","3":"status-publish","4":"has-post-thumbnail","6":"product_cat-colour-perfume-5-de","7":"product_tag-affe","8":"product_tag-fruchtig","9":"product_tag-suess","11":"first","12":"instock","13":"taxable","14":"shipping-taxable","15":"purchasable","16":"product-type-variable","17":"has-default-attributes"},"_links":{"self":[{"href":"https:\/\/www.freshandfunny.sk\/de\/wp-json\/wp\/v2\/product\/3965","targetHints":{"allow":["GET"]}}],"collection":[{"href":"https:\/\/www.freshandfunny.sk\/de\/wp-json\/wp\/v2\/product"}],"about":[{"href":"https:\/\/www.freshandfunny.sk\/de\/wp-json\/wp\/v2\/types\/product"}],"version-history":[{"count":0,"href":"https:\/\/www.freshandfunny.sk\/de\/wp-json\/wp\/v2\/product\/3965\/revisions"}],"wp:featuredmedia":[{"embeddable":true,"href":"https:\/\/www.freshandfunny.sk\/de\/wp-json\/wp\/v2\/media\/3675"}],"wp:attachment":[{"href":"https:\/\/www.freshandfunny.sk\/de\/wp-json\/wp\/v2\/media?parent=3965"}],"wp:term":[{"taxonomy":"product_brand","embeddable":true,"href":"https:\/\/www.freshandfunny.sk\/de\/wp-json\/wp\/v2\/product_brand?post=3965"},{"taxonomy":"product_cat","embeddable":true,"href":"https:\/\/www.freshandfunny.sk\/de\/wp-json\/wp\/v2\/product_cat?post=3965"},{"taxonomy":"product_tag","embeddable":true,"href":"https:\/\/www.freshandfunny.sk\/de\/wp-json\/wp\/v2\/product_tag?post=3965"}],"curies":[{"name":"wp","href":"https:\/\/api.w.org\/{rel}","templated":true}]}}