{"id":3980,"date":"2024-11-26T08:06:44","date_gmt":"2024-11-26T07:06:44","guid":{"rendered":"https:\/\/www.freshandfunny.sk\/produkt\/lufterfrischer-opiumhase-pablo\/"},"modified":"2024-11-26T08:06:44","modified_gmt":"2024-11-26T07:06:44","slug":"lufterfrischer-opiumhase-pablo","status":"publish","type":"product","link":"https:\/\/www.freshandfunny.sk\/de\/produkt\/lufterfrischer-opiumhase-pablo\/","title":{"rendered":"Lufterfrischer &#8211; Opiumhase Pablo"},"content":{"rendered":"<p>Bitte geben Sie die Produkt-ID an, um entsprechende Daten anzuzeigen!<br \/>\nBitte geben Sie die Produkt-ID an, um entsprechende Daten anzuzeigen!<br \/>\nBitte geben Sie die Produkt-ID an, um entsprechende Daten anzuzeigen!<\/p>\n<h4>\u00c4hnliche Produkte<\/h4>\n<p>Bitte geben Sie die Produkt-ID an, um entsprechende Daten anzuzeigen!<\/p>\n","protected":false},"excerpt":{"rendered":"<p>PABLO ist ein Spa\u00dfvogel und immer auf Achse. Er ist nicht nur mutig, sondern auch k\u00fchn. Er beharrt auf seinem Weg und l\u00e4sst sich von nichts und niemandem davon abbringen. Er ist intelligent und hat eine klare Sicht auf die Dinge.   <\/p>\n<p><strong>Zusammensetzung des Duftes im Charakter<\/strong><\/p>\n<p>Fr\u00fcchte, Zimt, Vanille, Koriander, Pflaumen, Zitrusfr\u00fcchte, Mandarine, Orange, schwarzer Pfeffer, Jasmin, Gew\u00fcrznelke, Piment, Bergamotte, Nelke, Sandelholz, Patchouli, Zimt, Pfirsich, Rose, Maigl\u00f6ckchen, Iris, Muskatnuss, Vanille, Kokosnuss, Vetivergras, Weihrauch, Zeder, Myrrhe, Bibergeil, Ambra<\/p>\n","protected":false},"featured_media":3661,"template":"","meta":{"inline_featured_image":false},"product_brand":[],"product_cat":[288],"product_tag":[219,264,249,234],"class_list":{"0":"post-3980","1":"product","2":"type-product","3":"status-publish","4":"has-post-thumbnail","6":"product_cat-opium-perfume-13-de","7":"product_tag-fruchtig","8":"product_tag-hase","9":"product_tag-orientalisch","10":"product_tag-scharf-de","12":"first","13":"instock","14":"taxable","15":"shipping-taxable","16":"purchasable","17":"product-type-variable","18":"has-default-attributes"},"_links":{"self":[{"href":"https:\/\/www.freshandfunny.sk\/de\/wp-json\/wp\/v2\/product\/3980","targetHints":{"allow":["GET"]}}],"collection":[{"href":"https:\/\/www.freshandfunny.sk\/de\/wp-json\/wp\/v2\/product"}],"about":[{"href":"https:\/\/www.freshandfunny.sk\/de\/wp-json\/wp\/v2\/types\/product"}],"version-history":[{"count":0,"href":"https:\/\/www.freshandfunny.sk\/de\/wp-json\/wp\/v2\/product\/3980\/revisions"}],"wp:featuredmedia":[{"embeddable":true,"href":"https:\/\/www.freshandfunny.sk\/de\/wp-json\/wp\/v2\/media\/3661"}],"wp:attachment":[{"href":"https:\/\/www.freshandfunny.sk\/de\/wp-json\/wp\/v2\/media?parent=3980"}],"wp:term":[{"taxonomy":"product_brand","embeddable":true,"href":"https:\/\/www.freshandfunny.sk\/de\/wp-json\/wp\/v2\/product_brand?post=3980"},{"taxonomy":"product_cat","embeddable":true,"href":"https:\/\/www.freshandfunny.sk\/de\/wp-json\/wp\/v2\/product_cat?post=3980"},{"taxonomy":"product_tag","embeddable":true,"href":"https:\/\/www.freshandfunny.sk\/de\/wp-json\/wp\/v2\/product_tag?post=3980"}],"curies":[{"name":"wp","href":"https:\/\/api.w.org\/{rel}","templated":true}]}}