{"id":3985,"date":"2024-11-26T08:06:44","date_gmt":"2024-11-26T07:06:44","guid":{"rendered":"https:\/\/www.freshandfunny.sk\/produkt\/lufterfrischer-perisa-kamila\/"},"modified":"2024-11-26T08:06:44","modified_gmt":"2024-11-26T07:06:44","slug":"lufterfrischer-perisa-kamila","status":"publish","type":"product","link":"https:\/\/www.freshandfunny.sk\/de\/produkt\/lufterfrischer-perisa-kamila\/","title":{"rendered":"Lufterfrischer &#8211; Perisa Kamila"},"content":{"rendered":"<p>Bitte geben Sie die Produkt-ID an, um entsprechende Daten anzuzeigen!<br \/>\nBitte geben Sie die Produkt-ID an, um entsprechende Daten anzuzeigen!<br \/>\nBitte geben Sie die Produkt-ID an, um entsprechende Daten anzuzeigen!<\/p>\n<h4>\u00c4hnliche Produkte<\/h4>\n<p>Bitte geben Sie die Produkt-ID an, um entsprechende Daten anzuzeigen!<\/p>\n","protected":false},"excerpt":{"rendered":"<p>Kamele gelten als Symbol des Fernen Ostens. Sie sind Teil fast jeder Geschichte und jedes M\u00e4rchens. Die Wesire des Fernen Ostens schm\u00fcckten ihre Kamele mit verschiedenen Schmuckst\u00fccken als Zeichen ihres Reichtums. So ist es auch mit unseren Kamelen. Sie sind mit Perlen- oder Goldaccessoires verziert. G\u00f6nnen Sie sich ein St\u00fcck Orient in einzigartigem Design aus unserer Werkstatt.     <\/p>\n<p><strong>Zusammensetzung des Duftes im Charakter<\/strong><\/p>\n<p>Zitrusfr\u00fcchte, wei\u00dfe Bl\u00fcten, s\u00fc\u00df, Moschus, Birne, Limette, Bl\u00fcten, Orangenbl\u00fcte, Gei\u00dfblatt, Amber, Moschus<\/p>\n","protected":false},"featured_media":3691,"template":"","meta":{"inline_featured_image":false},"product_brand":[],"product_cat":[289],"product_tag":[265,236,260,231,259,219,234,267],"class_list":{"0":"post-3985","1":"product","2":"type-product","3":"status-publish","4":"has-post-thumbnail","6":"product_cat-persia-perfume-21-de","7":"product_tag-absichtlich","8":"product_tag-blumen-de","9":"product_tag-ein-kamel","10":"product_tag-exotisch","11":"product_tag-frisch","12":"product_tag-fruchtig","13":"product_tag-scharf-de","14":"product_tag-verfuehrerisch","16":"first","17":"instock","18":"taxable","19":"shipping-taxable","20":"purchasable","21":"product-type-variable","22":"has-default-attributes"},"_links":{"self":[{"href":"https:\/\/www.freshandfunny.sk\/de\/wp-json\/wp\/v2\/product\/3985","targetHints":{"allow":["GET"]}}],"collection":[{"href":"https:\/\/www.freshandfunny.sk\/de\/wp-json\/wp\/v2\/product"}],"about":[{"href":"https:\/\/www.freshandfunny.sk\/de\/wp-json\/wp\/v2\/types\/product"}],"version-history":[{"count":0,"href":"https:\/\/www.freshandfunny.sk\/de\/wp-json\/wp\/v2\/product\/3985\/revisions"}],"wp:featuredmedia":[{"embeddable":true,"href":"https:\/\/www.freshandfunny.sk\/de\/wp-json\/wp\/v2\/media\/3691"}],"wp:attachment":[{"href":"https:\/\/www.freshandfunny.sk\/de\/wp-json\/wp\/v2\/media?parent=3985"}],"wp:term":[{"taxonomy":"product_brand","embeddable":true,"href":"https:\/\/www.freshandfunny.sk\/de\/wp-json\/wp\/v2\/product_brand?post=3985"},{"taxonomy":"product_cat","embeddable":true,"href":"https:\/\/www.freshandfunny.sk\/de\/wp-json\/wp\/v2\/product_cat?post=3985"},{"taxonomy":"product_tag","embeddable":true,"href":"https:\/\/www.freshandfunny.sk\/de\/wp-json\/wp\/v2\/product_tag?post=3985"}],"curies":[{"name":"wp","href":"https:\/\/api.w.org\/{rel}","templated":true}]}}