{"id":4001,"date":"2024-11-26T08:06:02","date_gmt":"2024-11-26T07:06:02","guid":{"rendered":"https:\/\/www.freshandfunny.sk\/produkt\/lufterfrischer-opium-rex\/"},"modified":"2024-11-26T08:06:02","modified_gmt":"2024-11-26T07:06:02","slug":"lufterfrischer-opium-rex","status":"publish","type":"product","link":"https:\/\/www.freshandfunny.sk\/de\/produkt\/lufterfrischer-opium-rex\/","title":{"rendered":"Lufterfrischer &#8211; Opium Rex"},"content":{"rendered":"<p>Bitte geben Sie die Produkt-ID an, um entsprechende Daten anzuzeigen!<br \/>\nBitte geben Sie die Produkt-ID an, um entsprechende Daten anzuzeigen!<br \/>\nBitte geben Sie die Produkt-ID an, um entsprechende Daten anzuzeigen!<\/p>\n<h4>\u00c4hnliche Produkte<\/h4>\n<p>Bitte geben Sie die Produkt-ID an, um entsprechende Daten anzuzeigen!<\/p>\n","protected":false},"excerpt":{"rendered":"<p>Wie sein Herrchen ist REX mutig und k\u00fchn. Er beharrt auf seinem eigenen Weg und l\u00e4sst sich von niemandem und nichts davon abbringen. Dar\u00fcber hinaus ist er sehr intelligent und scharfsinnig.  <\/p>\n<p><strong>Zusammensetzung des Duftes im Charakter<\/strong><\/p>\n<div dir=\"ltr\">\n<div class=\"input-box\" spellcheck=\"false\">\n<div id=\"waffle-rich-text-editor\" class=\"cell-input editable disabled-input\" dir=\"ltr\" tabindex=\"0\" role=\"combobox\" contenteditable=\"false\" aria-label=\"H15\" aria-autocomplete=\"list\">Fr\u00fcchte, Zimt, Vanille, Koriander, Pflaumen, Zitrusfr\u00fcchte, Mandarine, Orange, schwarzer Pfeffer, Jasmin, Gew\u00fcrznelke, Piment, Bergamotte, Nelke, Sandelholz, Patchouli, Zimt, Pfirsich, Rose, Maigl\u00f6ckchen, Iris, Muskatnuss, Vanille, Kokosnuss, Vetivergras, Weihrauch, Zeder, Myrrhe, Bibergeil, Ambra<\/div>\n<\/div>\n<\/div>\n<div><\/div>\n","protected":false},"featured_media":3689,"template":"","meta":{"inline_featured_image":false},"product_brand":[],"product_cat":[288],"product_tag":[236,219,250,249,234],"class_list":{"0":"post-4001","1":"product","2":"type-product","3":"status-publish","4":"has-post-thumbnail","6":"product_cat-opium-perfume-13-de","7":"product_tag-blumen-de","8":"product_tag-fruchtig","9":"product_tag-hund","10":"product_tag-orientalisch","11":"product_tag-scharf-de","13":"first","14":"instock","15":"taxable","16":"shipping-taxable","17":"purchasable","18":"product-type-variable","19":"has-default-attributes"},"_links":{"self":[{"href":"https:\/\/www.freshandfunny.sk\/de\/wp-json\/wp\/v2\/product\/4001","targetHints":{"allow":["GET"]}}],"collection":[{"href":"https:\/\/www.freshandfunny.sk\/de\/wp-json\/wp\/v2\/product"}],"about":[{"href":"https:\/\/www.freshandfunny.sk\/de\/wp-json\/wp\/v2\/types\/product"}],"version-history":[{"count":0,"href":"https:\/\/www.freshandfunny.sk\/de\/wp-json\/wp\/v2\/product\/4001\/revisions"}],"wp:featuredmedia":[{"embeddable":true,"href":"https:\/\/www.freshandfunny.sk\/de\/wp-json\/wp\/v2\/media\/3689"}],"wp:attachment":[{"href":"https:\/\/www.freshandfunny.sk\/de\/wp-json\/wp\/v2\/media?parent=4001"}],"wp:term":[{"taxonomy":"product_brand","embeddable":true,"href":"https:\/\/www.freshandfunny.sk\/de\/wp-json\/wp\/v2\/product_brand?post=4001"},{"taxonomy":"product_cat","embeddable":true,"href":"https:\/\/www.freshandfunny.sk\/de\/wp-json\/wp\/v2\/product_cat?post=4001"},{"taxonomy":"product_tag","embeddable":true,"href":"https:\/\/www.freshandfunny.sk\/de\/wp-json\/wp\/v2\/product_tag?post=4001"}],"curies":[{"name":"wp","href":"https:\/\/api.w.org\/{rel}","templated":true}]}}