{"id":4013,"date":"2024-11-26T08:06:02","date_gmt":"2024-11-26T07:06:02","guid":{"rendered":"https:\/\/www.freshandfunny.sk\/produkt\/lufterfrischer-ideales-haeschen\/"},"modified":"2024-11-26T08:06:02","modified_gmt":"2024-11-26T07:06:02","slug":"lufterfrischer-ideales-haeschen","status":"publish","type":"product","link":"https:\/\/www.freshandfunny.sk\/de\/produkt\/lufterfrischer-ideales-haeschen\/","title":{"rendered":"Lufterfrischer &#8211; Ideales H\u00e4schen"},"content":{"rendered":"<p>Bitte geben Sie die Produkt-ID an, um entsprechende Daten anzuzeigen!<br \/>\nBitte geben Sie die Produkt-ID an, um entsprechende Daten anzuzeigen!<br \/>\nBitte geben Sie die Produkt-ID an, um entsprechende Daten anzuzeigen!<\/p>\n<h4>\u00c4hnliche Produkte<\/h4>\n<p>Bitte geben Sie die Produkt-ID an, um entsprechende Daten anzuzeigen!<\/p>\n","protected":false},"excerpt":{"rendered":"<p>Es ist wohl kein Geheimnis, dass die heutige Welt mehr oder weniger geldorientiert ist. Mit dieser Figur wollten wir ein wenig Ruhe in unsere gesch\u00e4ftige, gesch\u00e4ftsorientierte Welt bringen. Finden Sie Ihre Ruhe und Entspannung mit dieser gem\u00fctlichen Figur.  <\/p>\n<p><strong>Zusammensetzung des Duftes im Charakter<\/strong><\/p>\n<p>Mandeln, Zitrusfr\u00fcchte, Zeder, Rosmarin, Orangenbl\u00fcte, Bitterorange, Mandeln, Tonkabohne, Leder, Zeder, Vetivergras<\/p>\n","protected":false},"featured_media":3680,"template":"","meta":{"inline_featured_image":false},"product_brand":[],"product_cat":[268],"product_tag":[259,264,221,229],"class_list":{"0":"post-4013","1":"product","2":"type-product","3":"status-publish","4":"has-post-thumbnail","6":"product_cat-ideales-parfum-nr-12","7":"product_tag-frisch","8":"product_tag-hase","9":"product_tag-woody-de","10":"product_tag-zitrusfruechte","12":"first","13":"instock","14":"taxable","15":"shipping-taxable","16":"purchasable","17":"product-type-variable","18":"has-default-attributes"},"_links":{"self":[{"href":"https:\/\/www.freshandfunny.sk\/de\/wp-json\/wp\/v2\/product\/4013","targetHints":{"allow":["GET"]}}],"collection":[{"href":"https:\/\/www.freshandfunny.sk\/de\/wp-json\/wp\/v2\/product"}],"about":[{"href":"https:\/\/www.freshandfunny.sk\/de\/wp-json\/wp\/v2\/types\/product"}],"version-history":[{"count":0,"href":"https:\/\/www.freshandfunny.sk\/de\/wp-json\/wp\/v2\/product\/4013\/revisions"}],"wp:featuredmedia":[{"embeddable":true,"href":"https:\/\/www.freshandfunny.sk\/de\/wp-json\/wp\/v2\/media\/3680"}],"wp:attachment":[{"href":"https:\/\/www.freshandfunny.sk\/de\/wp-json\/wp\/v2\/media?parent=4013"}],"wp:term":[{"taxonomy":"product_brand","embeddable":true,"href":"https:\/\/www.freshandfunny.sk\/de\/wp-json\/wp\/v2\/product_brand?post=4013"},{"taxonomy":"product_cat","embeddable":true,"href":"https:\/\/www.freshandfunny.sk\/de\/wp-json\/wp\/v2\/product_cat?post=4013"},{"taxonomy":"product_tag","embeddable":true,"href":"https:\/\/www.freshandfunny.sk\/de\/wp-json\/wp\/v2\/product_tag?post=4013"}],"curies":[{"name":"wp","href":"https:\/\/api.w.org\/{rel}","templated":true}]}}