{"id":4018,"date":"2024-11-26T08:05:36","date_gmt":"2024-11-26T07:05:36","guid":{"rendered":"https:\/\/www.freshandfunny.sk\/produkt\/lufterfrischer-dumbo\/"},"modified":"2024-11-26T08:05:36","modified_gmt":"2024-11-26T07:05:36","slug":"lufterfrischer-dumbo","status":"publish","type":"product","link":"https:\/\/www.freshandfunny.sk\/de\/produkt\/lufterfrischer-dumbo\/","title":{"rendered":"Lufterfrischer &#8211; Dumbo"},"content":{"rendered":"<p>Bitte geben Sie die Produkt-ID an, um entsprechende Daten anzuzeigen!<br \/>\nBitte geben Sie die Produkt-ID an, um entsprechende Daten anzuzeigen!<br \/>\nBitte geben Sie die Produkt-ID an, um entsprechende Daten anzuzeigen!<\/p>\n<h4>\u00c4hnliche Produkte<\/h4>\n<p>Bitte geben Sie die Produkt-ID an, um entsprechende Daten anzuzeigen!<\/p>\n","protected":false},"excerpt":{"rendered":"<p>Vielleicht wei\u00df jeder von uns, dass der Elefant in s\u00fcd\u00f6stlichen Kulturen Gl\u00fcck bringt.<br \/>\nEr verk\u00f6rpert Geisteskraft, Weisheit, edle Sanftmut und Harmonie.<br \/>\nMit seiner Pr\u00e4senz sch\u00fctzt er das Haus und den Weg. Schutz, Gl\u00fcck und Fruchtbarkeit \u2013 das sind die wichtigsten Energien, die das starke und beliebte Elefantensymbol im Feng Shui repr\u00e4sentiert. Er eignet sich gut f\u00fcr Auto, Haus, Wohnung oder B\u00fcro. Wichtig ist, dass der R\u00fcssel des Elefantensymbols nach oben zeigt. Wir w\u00fcnschen Ihnen alles Gute mit unserem Elefanten.    <\/p>\n<p><strong>Zusammensetzung des Duftes im Charakter<\/strong><\/p>\n<div dir=\"ltr\">\n<div class=\"input-box\" spellcheck=\"false\">\n<div id=\"waffle-rich-text-editor\" class=\"cell-input editable disabled-input\" dir=\"ltr\" tabindex=\"0\" role=\"combobox\" contenteditable=\"false\" aria-autocomplete=\"list\" aria-label=\"H12\">Holz, sizilianische Zeder, Apfel, Glockenblume, Bambus, Jasmin, wei\u00dfe Rose, Zitronenholz, Amber, Moschus.<\/div>\n<\/div>\n<\/div>\n<div><\/div>\n","protected":false},"featured_media":3673,"template":"","meta":{"inline_featured_image":false},"product_brand":[],"product_cat":[291],"product_tag":[236,259,219,245,221],"class_list":{"0":"post-4018","1":"product","2":"type-product","3":"status-publish","4":"has-post-thumbnail","6":"product_cat-atlantis-perfume-3-de","7":"product_tag-blumen-de","8":"product_tag-frisch","9":"product_tag-fruchtig","10":"product_tag-marine-de","11":"product_tag-woody-de","13":"first","14":"instock","15":"taxable","16":"shipping-taxable","17":"purchasable","18":"product-type-variable","19":"has-default-attributes"},"_links":{"self":[{"href":"https:\/\/www.freshandfunny.sk\/de\/wp-json\/wp\/v2\/product\/4018","targetHints":{"allow":["GET"]}}],"collection":[{"href":"https:\/\/www.freshandfunny.sk\/de\/wp-json\/wp\/v2\/product"}],"about":[{"href":"https:\/\/www.freshandfunny.sk\/de\/wp-json\/wp\/v2\/types\/product"}],"version-history":[{"count":0,"href":"https:\/\/www.freshandfunny.sk\/de\/wp-json\/wp\/v2\/product\/4018\/revisions"}],"wp:featuredmedia":[{"embeddable":true,"href":"https:\/\/www.freshandfunny.sk\/de\/wp-json\/wp\/v2\/media\/3673"}],"wp:attachment":[{"href":"https:\/\/www.freshandfunny.sk\/de\/wp-json\/wp\/v2\/media?parent=4018"}],"wp:term":[{"taxonomy":"product_brand","embeddable":true,"href":"https:\/\/www.freshandfunny.sk\/de\/wp-json\/wp\/v2\/product_brand?post=4018"},{"taxonomy":"product_cat","embeddable":true,"href":"https:\/\/www.freshandfunny.sk\/de\/wp-json\/wp\/v2\/product_cat?post=4018"},{"taxonomy":"product_tag","embeddable":true,"href":"https:\/\/www.freshandfunny.sk\/de\/wp-json\/wp\/v2\/product_tag?post=4018"}],"curies":[{"name":"wp","href":"https:\/\/api.w.org\/{rel}","templated":true}]}}