{"id":4043,"date":"2024-11-26T08:05:08","date_gmt":"2024-11-26T07:05:08","guid":{"rendered":"https:\/\/www.freshandfunny.sk\/produkt\/lufterfrischer-hubert-kamila\/"},"modified":"2024-11-26T08:05:08","modified_gmt":"2024-11-26T07:05:08","slug":"lufterfrischer-hubert-kamila","status":"publish","type":"product","link":"https:\/\/www.freshandfunny.sk\/de\/produkt\/lufterfrischer-hubert-kamila\/","title":{"rendered":"Lufterfrischer &#8211; Hubert Kamila"},"content":{"rendered":"","protected":false},"excerpt":{"rendered":"<p>Kamele gelten als Symbol des Fernen Ostens. Sie sind Teil fast jeder Geschichte und jedes M\u00e4rchens. Die Wesire des Fernen Ostens schm\u00fcckten ihre Kamele mit verschiedenen Schmuckst\u00fccken als Zeichen ihres Reichtums. So ist es auch mit unseren Kamelen. Sie sind mit Perlen- oder Goldaccessoires verziert. G\u00f6nnen Sie sich ein St\u00fcck Orient in einzigartigem Design aus unserer Werkstatt.     <\/p>\n<p><strong>Zusammensetzung des Duftes im Charakter<\/strong><\/p>\n<div dir=\"ltr\">\n<div class=\"input-box\" spellcheck=\"false\">\n<div id=\"waffle-rich-text-editor\" class=\"cell-input editable disabled-input\" dir=\"ltr\" tabindex=\"0\" role=\"combobox\" contenteditable=\"false\" aria-autocomplete=\"list\" aria-label=\"H3\">Vanille, Fr\u00fcchte, Apfel, Zimt, Santolholz, Zedernholz, Goldrute, Gew\u00fcrznelken, Bergamottenbl\u00fcte, Maigl\u00f6ckchenbl\u00e4tter<\/div>\n<\/div>\n<\/div>\n<div><\/div>\n<p>&nbsp;<\/p>\n","protected":false},"featured_media":3676,"template":"","meta":{"inline_featured_image":false},"product_brand":[],"product_cat":[295],"product_tag":[260,219,223,224,220,221],"class_list":{"0":"post-4043","1":"product","2":"type-product","3":"status-publish","4":"has-post-thumbnail","6":"product_cat-hubert-perfume-8-de","7":"product_tag-ein-kamel","8":"product_tag-fruchtig","9":"product_tag-leicht-wurzig","10":"product_tag-scharf","11":"product_tag-warm-de","12":"product_tag-woody-de","14":"first","15":"instock","16":"taxable","17":"shipping-taxable","18":"purchasable","19":"product-type-variable","20":"has-default-attributes"},"_links":{"self":[{"href":"https:\/\/www.freshandfunny.sk\/de\/wp-json\/wp\/v2\/product\/4043","targetHints":{"allow":["GET"]}}],"collection":[{"href":"https:\/\/www.freshandfunny.sk\/de\/wp-json\/wp\/v2\/product"}],"about":[{"href":"https:\/\/www.freshandfunny.sk\/de\/wp-json\/wp\/v2\/types\/product"}],"version-history":[{"count":0,"href":"https:\/\/www.freshandfunny.sk\/de\/wp-json\/wp\/v2\/product\/4043\/revisions"}],"wp:featuredmedia":[{"embeddable":true,"href":"https:\/\/www.freshandfunny.sk\/de\/wp-json\/wp\/v2\/media\/3676"}],"wp:attachment":[{"href":"https:\/\/www.freshandfunny.sk\/de\/wp-json\/wp\/v2\/media?parent=4043"}],"wp:term":[{"taxonomy":"product_brand","embeddable":true,"href":"https:\/\/www.freshandfunny.sk\/de\/wp-json\/wp\/v2\/product_brand?post=4043"},{"taxonomy":"product_cat","embeddable":true,"href":"https:\/\/www.freshandfunny.sk\/de\/wp-json\/wp\/v2\/product_cat?post=4043"},{"taxonomy":"product_tag","embeddable":true,"href":"https:\/\/www.freshandfunny.sk\/de\/wp-json\/wp\/v2\/product_tag?post=4043"}],"curies":[{"name":"wp","href":"https:\/\/api.w.org\/{rel}","templated":true}]}}