{"id":4053,"date":"2024-11-26T08:05:08","date_gmt":"2024-11-26T07:05:08","guid":{"rendered":"https:\/\/www.freshandfunny.sk\/produkt\/lufterfrischer-camo\/"},"modified":"2024-11-26T08:05:08","modified_gmt":"2024-11-26T07:05:08","slug":"lufterfrischer-camo","status":"publish","type":"product","link":"https:\/\/www.freshandfunny.sk\/de\/produkt\/lufterfrischer-camo\/","title":{"rendered":"Lufterfrischer &#8211; Camo"},"content":{"rendered":"<p>Bitte geben Sie die Produkt-ID an, um entsprechende Daten anzuzeigen!<br \/>\nBitte geben Sie die Produkt-ID an, um entsprechende Daten anzuzeigen!<br \/>\nBitte geben Sie die Produkt-ID an, um entsprechende Daten anzuzeigen!<\/p>\n<h4>\u00c4hnliche Produkte<\/h4>\n<p>Bitte geben Sie die Produkt-ID an, um entsprechende Daten anzuzeigen!<\/p>\n","protected":false},"excerpt":{"rendered":"<p>Der Action-Hase ist ein richtiger Schalk. Er l\u00e4sst sich st\u00e4ndig etwas Neues einfallen, weshalb ihn alle Beh\u00f6rden aufsp\u00fcren. Doch der Hase ist clever: Er wechselt Namen, benutzt verschiedene D\u00fcfte und verkleidet sich sogar.  <\/p>\n<p><strong>Zusammensetzung des Duftes im Charakter<\/strong><\/p>\n<p>Vanille, Fr\u00fcchte, Apfel, Zimt, Santolholz, Zedernholz, Goldrute, Gew\u00fcrznelken, Bergamottenbl\u00fcte, Maigl\u00f6ckchenbl\u00e4tter<\/p>\n","protected":false},"featured_media":3668,"template":"","meta":{"inline_featured_image":false},"product_brand":[],"product_cat":[296],"product_tag":[259,219,264,223,221],"class_list":{"0":"post-4053","1":"product","2":"type-product","3":"status-publish","4":"has-post-thumbnail","6":"product_cat-camouflage-perfume-7-de","7":"product_tag-frisch","8":"product_tag-fruchtig","9":"product_tag-hase","10":"product_tag-leicht-wurzig","11":"product_tag-woody-de","13":"first","14":"instock","15":"taxable","16":"shipping-taxable","17":"purchasable","18":"product-type-variable","19":"has-default-attributes"},"_links":{"self":[{"href":"https:\/\/www.freshandfunny.sk\/de\/wp-json\/wp\/v2\/product\/4053","targetHints":{"allow":["GET"]}}],"collection":[{"href":"https:\/\/www.freshandfunny.sk\/de\/wp-json\/wp\/v2\/product"}],"about":[{"href":"https:\/\/www.freshandfunny.sk\/de\/wp-json\/wp\/v2\/types\/product"}],"version-history":[{"count":0,"href":"https:\/\/www.freshandfunny.sk\/de\/wp-json\/wp\/v2\/product\/4053\/revisions"}],"wp:featuredmedia":[{"embeddable":true,"href":"https:\/\/www.freshandfunny.sk\/de\/wp-json\/wp\/v2\/media\/3668"}],"wp:attachment":[{"href":"https:\/\/www.freshandfunny.sk\/de\/wp-json\/wp\/v2\/media?parent=4053"}],"wp:term":[{"taxonomy":"product_brand","embeddable":true,"href":"https:\/\/www.freshandfunny.sk\/de\/wp-json\/wp\/v2\/product_brand?post=4053"},{"taxonomy":"product_cat","embeddable":true,"href":"https:\/\/www.freshandfunny.sk\/de\/wp-json\/wp\/v2\/product_cat?post=4053"},{"taxonomy":"product_tag","embeddable":true,"href":"https:\/\/www.freshandfunny.sk\/de\/wp-json\/wp\/v2\/product_tag?post=4053"}],"curies":[{"name":"wp","href":"https:\/\/api.w.org\/{rel}","templated":true}]}}