{"id":4059,"date":"2024-11-26T08:05:08","date_gmt":"2024-11-26T07:05:08","guid":{"rendered":"https:\/\/www.freshandfunny.sk\/produkt\/lufterfrischer-hubert-coyote\/"},"modified":"2024-11-26T08:05:08","modified_gmt":"2024-11-26T07:05:08","slug":"lufterfrischer-hubert-coyote","status":"publish","type":"product","link":"https:\/\/www.freshandfunny.sk\/de\/produkt\/lufterfrischer-hubert-coyote\/","title":{"rendered":"Lufterfrischer &#8211; Hubert Coyote"},"content":{"rendered":"<p>Dieser Duft wurde f\u00fcr den Mann und die Frau von heute entwickelt.<br \/>\nAkkorde: Warmer, scharfer Akkord, Holz, Vanille, Fr\u00fcchte, Zimt.<br \/>\nKopf: Frischer Apfel und Bergamottebl\u00fcte, zart umh\u00fcllt von gr\u00fcnen Lilienbl\u00e4ttern.<br \/>\nHerz: Zimt und Zimt pr\u00e4gen das Herz des Duftes.<br \/>\nBasis: Ausgew\u00e4hltes Sandelholz und Zedernholz bilden zusammen mit Goldschnurrbart-Extrakt die einzigartige Basis dieses k\u00f6stlichen Parf\u00fcms.<\/p>\n","protected":false},"excerpt":{"rendered":"<p>Die am weitesten verbreitete Art nordamerikanischer Stammesgeschichten sind boshafte Geschichten. In der Folklore und den Erz\u00e4hlungen des Wilden Westens ist der Kojote ein Spa\u00dfvogel. Er ist st\u00e4ndig in Bewegung, dumm, ein bisschen gemein, ja geradezu furchteinfl\u00f6\u00dfend und unertr\u00e4glich. Erinnert Sie das an jemanden? Schenken Sie einen Kojote.    <\/p>\n<p><strong>Zusammensetzung des Duftes im Charakter<\/strong><\/p>\n<p>Vanille, Fr\u00fcchte, Apfel, Zimt, Santolholz, Zedernholz, Goldrute, Gew\u00fcrznelken, Bergamottenbl\u00fcte, Maigl\u00f6ckchenbl\u00e4tter<\/p>\n","protected":false},"featured_media":3677,"template":"","meta":{"inline_featured_image":false},"product_brand":[],"product_cat":[295],"product_tag":[219,222,223,224,220,221],"class_list":{"0":"post-4059","1":"product","2":"type-product","3":"status-publish","4":"has-post-thumbnail","6":"product_cat-hubert-perfume-8-de","7":"product_tag-fruchtig","8":"product_tag-kojote","9":"product_tag-leicht-wurzig","10":"product_tag-scharf","11":"product_tag-warm-de","12":"product_tag-woody-de","14":"first","15":"instock","16":"taxable","17":"shipping-taxable","18":"purchasable","19":"product-type-variable","20":"has-default-attributes"},"_links":{"self":[{"href":"https:\/\/www.freshandfunny.sk\/de\/wp-json\/wp\/v2\/product\/4059","targetHints":{"allow":["GET"]}}],"collection":[{"href":"https:\/\/www.freshandfunny.sk\/de\/wp-json\/wp\/v2\/product"}],"about":[{"href":"https:\/\/www.freshandfunny.sk\/de\/wp-json\/wp\/v2\/types\/product"}],"version-history":[{"count":0,"href":"https:\/\/www.freshandfunny.sk\/de\/wp-json\/wp\/v2\/product\/4059\/revisions"}],"wp:featuredmedia":[{"embeddable":true,"href":"https:\/\/www.freshandfunny.sk\/de\/wp-json\/wp\/v2\/media\/3677"}],"wp:attachment":[{"href":"https:\/\/www.freshandfunny.sk\/de\/wp-json\/wp\/v2\/media?parent=4059"}],"wp:term":[{"taxonomy":"product_brand","embeddable":true,"href":"https:\/\/www.freshandfunny.sk\/de\/wp-json\/wp\/v2\/product_brand?post=4059"},{"taxonomy":"product_cat","embeddable":true,"href":"https:\/\/www.freshandfunny.sk\/de\/wp-json\/wp\/v2\/product_cat?post=4059"},{"taxonomy":"product_tag","embeddable":true,"href":"https:\/\/www.freshandfunny.sk\/de\/wp-json\/wp\/v2\/product_tag?post=4059"}],"curies":[{"name":"wp","href":"https:\/\/api.w.org\/{rel}","templated":true}]}}