{"id":2725,"date":"2025-05-13T11:24:18","date_gmt":"2025-05-13T09:24:18","guid":{"rendered":"https:\/\/www.freshandfunny.sk\/?post_type=product&#038;p=2725"},"modified":"2025-07-23T12:02:43","modified_gmt":"2025-07-23T10:02:43","slug":"ra","status":"publish","type":"product","link":"https:\/\/www.freshandfunny.sk\/en\/produkt\/ra\/","title":{"rendered":"Osvie\u017eova\u010d vzduchu &#8211; Ra"},"content":{"rendered":"<p>T\u00e1to v\u00f4\u0148a je ur\u010den\u00e1 pre ka\u017ed\u00e9ho, kto je u\u017e strojcom vlastn\u00e9ho \u0161\u0165astia alebo sa n\u00edm chce sta\u0165 a zasadn\u00fa\u0165 na tr\u00f3n vlastn\u00e9ho \u00faspechu. Osl\u00e1vte teda \u017eivot a svoj \u00faspech.<br \/>\nPr\u00edtomn\u00e9 akordy: drevo, aroma, svie\u017ea korenistos\u0165, biele kvety, citrus, zemitos\u0165, sladkos\u0165<br \/>\nHlava: ru\u017eov\u00e9 korenie a grapefruit<br \/>\nSrdce: levandu\u013ea a vetiver<br \/>\nZ\u00e1klad: vanilka, ambra a fazu\u013eov\u00e1 stonka<\/p>\n","protected":false},"excerpt":{"rendered":"<p>Royal je luxus, ktor\u00fd si m\u00f4\u017ee dovoli\u0165 ka\u017ed\u00fd.<\/p>\n<p><strong>Zlo\u017eenie v\u00f4ne v postavi\u010dke<\/strong><\/p>\n<p>indick\u00fd jazm\u00edn, ka\u0161m\u00edrov\u00e9 drevo, tepl\u00fd, biely jant\u00e1r<\/p>\n","protected":false},"featured_media":2956,"template":"","meta":{"inline_featured_image":false},"product_brand":[],"product_cat":[204],"product_tag":[67,58,66,68,65,64],"class_list":{"0":"post-2725","1":"product","2":"type-product","3":"status-publish","4":"has-post-thumbnail","6":"product_cat-royal-perfume-99","7":"product_tag-drevita","8":"product_tag-kojot","9":"product_tag-mierne-korenista","10":"product_tag-ovocna","11":"product_tag-stiplava","12":"product_tag-tepla","14":"first","15":"instock","16":"taxable","17":"shipping-taxable","18":"purchasable","19":"product-type-variable","20":"has-default-attributes"},"_links":{"self":[{"href":"https:\/\/www.freshandfunny.sk\/en\/wp-json\/wp\/v2\/product\/2725","targetHints":{"allow":["GET"]}}],"collection":[{"href":"https:\/\/www.freshandfunny.sk\/en\/wp-json\/wp\/v2\/product"}],"about":[{"href":"https:\/\/www.freshandfunny.sk\/en\/wp-json\/wp\/v2\/types\/product"}],"version-history":[{"count":3,"href":"https:\/\/www.freshandfunny.sk\/en\/wp-json\/wp\/v2\/product\/2725\/revisions"}],"predecessor-version":[{"id":4251,"href":"https:\/\/www.freshandfunny.sk\/en\/wp-json\/wp\/v2\/product\/2725\/revisions\/4251"}],"wp:featuredmedia":[{"embeddable":true,"href":"https:\/\/www.freshandfunny.sk\/en\/wp-json\/wp\/v2\/media\/2956"}],"wp:attachment":[{"href":"https:\/\/www.freshandfunny.sk\/en\/wp-json\/wp\/v2\/media?parent=2725"}],"wp:term":[{"taxonomy":"product_brand","embeddable":true,"href":"https:\/\/www.freshandfunny.sk\/en\/wp-json\/wp\/v2\/product_brand?post=2725"},{"taxonomy":"product_cat","embeddable":true,"href":"https:\/\/www.freshandfunny.sk\/en\/wp-json\/wp\/v2\/product_cat?post=2725"},{"taxonomy":"product_tag","embeddable":true,"href":"https:\/\/www.freshandfunny.sk\/en\/wp-json\/wp\/v2\/product_tag?post=2725"}],"curies":[{"name":"wp","href":"https:\/\/api.w.org\/{rel}","templated":true}]}}