{"id":4408,"date":"2025-05-13T11:36:07","date_gmt":"2025-05-13T09:36:07","guid":{"rendered":"https:\/\/www.freshandfunny.sk\/produkt\/odswiezacz-powietrza-ideal-pies\/"},"modified":"2025-05-13T11:36:07","modified_gmt":"2025-05-13T09:36:07","slug":"odswiezacz-powietrza-ideal-pies","status":"publish","type":"product","link":"https:\/\/www.freshandfunny.sk\/pl\/produkt\/odswiezacz-powietrza-ideal-pies\/","title":{"rendered":"Od\u015bwie\u017cacz powietrza \u2013 Ideal pies"},"content":{"rendered":"<p>Ten zapach jest przeznaczony dla ka\u017cdego, kto ju\u017c jest tw\u00f3rc\u0105 w\u0142asnego szcz\u0119\u015bcia albo chce nim zosta\u0107 i zasi\u0105\u015b\u0107 na tronie w\u0142asnego sukcesu. \u015awi\u0119tuj wi\u0119c \u017cycie i swoje osi\u0105gni\u0119cia.<br \/>\nObecne akordy: drewno, aromat, \u015bwie\u017ca korzenno\u015b\u0107, bia\u0142e kwiaty, cytrusy, ziemisto\u015b\u0107, s\u0142odycz<br \/>\nG\u0142owa: r\u00f3\u017cowy pieprz i grejpfrut<br \/>\nSerce: lawenda i wetiwer<br \/>\nBaza: wanilia, ambra i fasolowa nuta <\/p>\n","protected":false},"excerpt":{"rendered":"<p>Tak jak jego pan, tak i REX jest odwa\u017cny i \u015bmia\u0142y. Upiera si\u0119 przy swoim i nikt ani nic go nie zniech\u0119ci. Poza tym jest r\u00f3wnie\u017c bardzo inteligentny i bystry.  <\/p>\n<p><strong>Kompozycja zapachu w zawieszce<\/strong><\/p>\n<p>owoce, cynamon, wanilia, kolendra, \u015bliwki, cytrusy, mandarynka, pomara\u0144cza, czarny pieprz, ja\u015bmin, go\u017adzik, ziele angielskie, bergamotka, go\u017adzik ogrodowy, drzewo sanda\u0142owe, paczula, cynamon, brzoskwinia, r\u00f3\u017ca, konwalia, irys, ga\u0142ka muszkato\u0142owa, wanilia, kokos, trawa wetiwerowa, kadzid\u0142o, cedr, mirra, kastoreum, bursztyn<\/p>\n","protected":false},"featured_media":4383,"template":"","meta":{"inline_featured_image":false},"product_brand":[],"product_cat":[309],"product_tag":[303,306,305,307,304],"class_list":{"0":"post-4408","1":"product","2":"type-product","3":"status-publish","4":"has-post-thumbnail","6":"product_cat-ideal-perfume-12","7":"product_tag-ciepla","8":"product_tag-drzewna","9":"product_tag-lekko-korzenna","10":"product_tag-owocowa","11":"product_tag-pikantna","13":"first","14":"instock","15":"taxable","16":"shipping-taxable","17":"purchasable","18":"product-type-variable","19":"has-default-attributes"},"_links":{"self":[{"href":"https:\/\/www.freshandfunny.sk\/pl\/wp-json\/wp\/v2\/product\/4408","targetHints":{"allow":["GET"]}}],"collection":[{"href":"https:\/\/www.freshandfunny.sk\/pl\/wp-json\/wp\/v2\/product"}],"about":[{"href":"https:\/\/www.freshandfunny.sk\/pl\/wp-json\/wp\/v2\/types\/product"}],"version-history":[{"count":0,"href":"https:\/\/www.freshandfunny.sk\/pl\/wp-json\/wp\/v2\/product\/4408\/revisions"}],"wp:featuredmedia":[{"embeddable":true,"href":"https:\/\/www.freshandfunny.sk\/pl\/wp-json\/wp\/v2\/media\/4383"}],"wp:attachment":[{"href":"https:\/\/www.freshandfunny.sk\/pl\/wp-json\/wp\/v2\/media?parent=4408"}],"wp:term":[{"taxonomy":"product_brand","embeddable":true,"href":"https:\/\/www.freshandfunny.sk\/pl\/wp-json\/wp\/v2\/product_brand?post=4408"},{"taxonomy":"product_cat","embeddable":true,"href":"https:\/\/www.freshandfunny.sk\/pl\/wp-json\/wp\/v2\/product_cat?post=4408"},{"taxonomy":"product_tag","embeddable":true,"href":"https:\/\/www.freshandfunny.sk\/pl\/wp-json\/wp\/v2\/product_tag?post=4408"}],"curies":[{"name":"wp","href":"https:\/\/api.w.org\/{rel}","templated":true}]}}