{"id":4426,"date":"2025-05-13T10:51:14","date_gmt":"2025-05-13T08:51:14","guid":{"rendered":"https:\/\/www.freshandfunny.sk\/produkt\/odswiezacz-powietrza-maksymilian\/"},"modified":"2025-05-13T10:51:14","modified_gmt":"2025-05-13T08:51:14","slug":"odswiezacz-powietrza-maksymilian","status":"publish","type":"product","link":"https:\/\/www.freshandfunny.sk\/pl\/produkt\/odswiezacz-powietrza-maksymilian\/","title":{"rendered":"Od\u015bwie\u017cacz powietrza \u2013 Maksymilian"},"content":{"rendered":"<p>Ten zapach jest przeznaczony dla ka\u017cdego, kto ju\u017c jest tw\u00f3rc\u0105 w\u0142asnego szcz\u0119\u015bcia albo chce nim zosta\u0107 i zasi\u0105\u015b\u0107 na tronie w\u0142asnego sukcesu. \u015awi\u0119tuj wi\u0119c \u017cycie i swoje osi\u0105gni\u0119cia.<br \/>\nObecne akordy:<br \/>\ndrewno, aromat, bia\u0142e kwiaty, r\u00f3\u017cowy pieprz i grejpfrut, lawenda i wetiwer, wanilia, ambra i nuta fasoli<br \/>\nSerce: lawenda i wetiwer<br \/>\nBaza: wanilia, ambra i nuta fasoli <\/p>\n","protected":false},"excerpt":{"rendered":"<p>Maksymilian, podobnie jak jego \u0142aci\u0144ski pierwowz\u00f3r, jest najwi\u0119kszy \u2014 z \u0142atwo\u015bci\u0105 osi\u0105ga sukcesy, pokonuje \u017cyciowe przeszkody, a co wi\u0119cej, jest niezwykle atrakcyjny i towarzyski.<\/p>\n<p><strong>Kompozycja zapachu w zawieszce<\/p>\n<p>drewno, aromat, bia\u0142e kwiaty, r\u00f3\u017cowy pieprz i grejpfrut, lawenda i wetiwer, wanilia, ambra i nuta fasoli<br \/><\/strong><\/p>\n","protected":false},"featured_media":4428,"template":"","meta":{"inline_featured_image":false},"product_brand":[],"product_cat":[312],"product_tag":[303,306,305,307,304],"class_list":{"0":"post-4426","1":"product","2":"type-product","3":"status-publish","4":"has-post-thumbnail","6":"product_cat-maxim-perfume-26","7":"product_tag-ciepla","8":"product_tag-drzewna","9":"product_tag-lekko-korzenna","10":"product_tag-owocowa","11":"product_tag-pikantna","13":"first","14":"instock","15":"taxable","16":"shipping-taxable","17":"purchasable","18":"product-type-variable","19":"has-default-attributes"},"_links":{"self":[{"href":"https:\/\/www.freshandfunny.sk\/pl\/wp-json\/wp\/v2\/product\/4426","targetHints":{"allow":["GET"]}}],"collection":[{"href":"https:\/\/www.freshandfunny.sk\/pl\/wp-json\/wp\/v2\/product"}],"about":[{"href":"https:\/\/www.freshandfunny.sk\/pl\/wp-json\/wp\/v2\/types\/product"}],"version-history":[{"count":0,"href":"https:\/\/www.freshandfunny.sk\/pl\/wp-json\/wp\/v2\/product\/4426\/revisions"}],"wp:featuredmedia":[{"embeddable":true,"href":"https:\/\/www.freshandfunny.sk\/pl\/wp-json\/wp\/v2\/media\/4428"}],"wp:attachment":[{"href":"https:\/\/www.freshandfunny.sk\/pl\/wp-json\/wp\/v2\/media?parent=4426"}],"wp:term":[{"taxonomy":"product_brand","embeddable":true,"href":"https:\/\/www.freshandfunny.sk\/pl\/wp-json\/wp\/v2\/product_brand?post=4426"},{"taxonomy":"product_cat","embeddable":true,"href":"https:\/\/www.freshandfunny.sk\/pl\/wp-json\/wp\/v2\/product_cat?post=4426"},{"taxonomy":"product_tag","embeddable":true,"href":"https:\/\/www.freshandfunny.sk\/pl\/wp-json\/wp\/v2\/product_tag?post=4426"}],"curies":[{"name":"wp","href":"https:\/\/api.w.org\/{rel}","templated":true}]}}