{"id":4432,"date":"2024-11-28T10:21:38","date_gmt":"2024-11-28T09:21:38","guid":{"rendered":"https:\/\/www.freshandfunny.sk\/produkt\/odswiezacz-powietrza-straus\/"},"modified":"2024-11-28T10:21:38","modified_gmt":"2024-11-28T09:21:38","slug":"odswiezacz-powietrza-straus","status":"publish","type":"product","link":"https:\/\/www.freshandfunny.sk\/pl\/produkt\/odswiezacz-powietrza-straus\/","title":{"rendered":"Od\u015bwie\u017cacz powietrza \u2013 Straus"},"content":{"rendered":"<p>Prosz\u0119 poda\u0107 identyfikator produktu, aby wy\u015bwietli\u0107 odpowiednie dane!<br \/>\nProsz\u0119 poda\u0107 identyfikator produktu, aby wy\u015bwietli\u0107 odpowiednie dane!<br \/>\nProsz\u0119 poda\u0107 identyfikator produktu, aby wy\u015bwietli\u0107 odpowiednie dane!<\/p>\n<h4>Podobne produkty<\/h4>\n<p>Prosz\u0119 poda\u0107 identyfikator produktu, aby wy\u015bwietli\u0107 odpowiednie dane!<\/p>\n","protected":false},"excerpt":{"rendered":"<p>Wanilia, jeden z najbardziej kusz\u0105cych i opowiadaj\u0105cych zapach\u00f3w. Czy wiedzieli\u015bcie, \u017ce cz\u0119sto jest u\u017cywana jako g\u0142\u00f3wny sk\u0142adnik w najs\u0142ynniejszych perfumach? W rzeczywisto\u015bci wanilia w wielu kulturach jest uwa\u017cana za naturalny afrodyzjak.<\/p>\n<p><strong>G\u0142owa:<\/strong> Na pocz\u0105tku zapach jest przyjemnie s\u0142odki z delikatn\u0105 nut\u0105 pi\u017cma. Zapach jest bardzo radosny, a przy pierwszym kontakcie mo\u017ce wywo\u0142a\u0107 mi\u0142e wspomnienia z dzieci\u0144stwa. <\/p>\n<p><strong>Cia\u0142o:<\/strong> W swojej g\u0142\u0119bi nasz zapach wanilii nie jest a\u017c tak s\u0142odki, nie zawiera tyle waniliny co str\u0105k i pachnie bardziej kwiatowo. Dlatego pozostaje przyjemnie \u015bwie\u017cy nie tylko w ch\u0142odniejsze dni, ale tak\u017ce podczas letnich upa\u0142\u00f3w. <\/p>\n<p><strong>Baza:<\/strong> Staranny dob\u00f3r i po\u0142\u0105czenie waniliowych kompozycji zapachowych pozwoli\u0142y uzyska\u0107 wysokiej jako\u015bci podstaw\u0119 waniliowej aromy perfum. Dzi\u0119ki swojej bazowej dominacji potrafi d\u0142ugotrwale wzbogaca\u0107 czas sp\u0119dzany w przestrzeni, w kt\u00f3rej subtelnie roztacza sw\u00f3j urokliwy zapach. <\/p>\n","protected":false},"featured_media":4402,"template":"","meta":{"inline_featured_image":false},"product_brand":[],"product_cat":[313],"product_tag":[315,314,316,317],"class_list":{"0":"post-4432","1":"product","2":"type-product","3":"status-publish","4":"has-post-thumbnail","6":"product_cat-wanilia","7":"product_tag-slodka","8":"product_tag-swieza","9":"product_tag-szczesliwa-twarz","10":"product_tag-urocza","12":"first","13":"instock","14":"taxable","15":"shipping-taxable","16":"purchasable","17":"product-type-variable","18":"has-default-attributes"},"_links":{"self":[{"href":"https:\/\/www.freshandfunny.sk\/pl\/wp-json\/wp\/v2\/product\/4432","targetHints":{"allow":["GET"]}}],"collection":[{"href":"https:\/\/www.freshandfunny.sk\/pl\/wp-json\/wp\/v2\/product"}],"about":[{"href":"https:\/\/www.freshandfunny.sk\/pl\/wp-json\/wp\/v2\/types\/product"}],"version-history":[{"count":0,"href":"https:\/\/www.freshandfunny.sk\/pl\/wp-json\/wp\/v2\/product\/4432\/revisions"}],"wp:featuredmedia":[{"embeddable":true,"href":"https:\/\/www.freshandfunny.sk\/pl\/wp-json\/wp\/v2\/media\/4402"}],"wp:attachment":[{"href":"https:\/\/www.freshandfunny.sk\/pl\/wp-json\/wp\/v2\/media?parent=4432"}],"wp:term":[{"taxonomy":"product_brand","embeddable":true,"href":"https:\/\/www.freshandfunny.sk\/pl\/wp-json\/wp\/v2\/product_brand?post=4432"},{"taxonomy":"product_cat","embeddable":true,"href":"https:\/\/www.freshandfunny.sk\/pl\/wp-json\/wp\/v2\/product_cat?post=4432"},{"taxonomy":"product_tag","embeddable":true,"href":"https:\/\/www.freshandfunny.sk\/pl\/wp-json\/wp\/v2\/product_tag?post=4432"}],"curies":[{"name":"wp","href":"https:\/\/api.w.org\/{rel}","templated":true}]}}