{"id":4446,"date":"2024-11-28T10:08:04","date_gmt":"2024-11-28T09:08:04","guid":{"rendered":"https:\/\/www.freshandfunny.sk\/produkt\/odswiezacz-powietrza-red-devil\/"},"modified":"2024-11-28T10:08:04","modified_gmt":"2024-11-28T09:08:04","slug":"odswiezacz-powietrza-red-devil","status":"publish","type":"product","link":"https:\/\/www.freshandfunny.sk\/pl\/produkt\/odswiezacz-powietrza-red-devil\/","title":{"rendered":"Od\u015bwie\u017cacz powietrza \u2013 Red Devil"},"content":{"rendered":"<p>Prosz\u0119 poda\u0107 identyfikator produktu, aby wy\u015bwietli\u0107 odpowiednie dane!<br \/>\nProsz\u0119 poda\u0107 identyfikator produktu, aby wy\u015bwietli\u0107 odpowiednie dane!<br \/>\nProsz\u0119 poda\u0107 identyfikator produktu, aby wy\u015bwietli\u0107 odpowiednie dane!<\/p>\n<h4>Podobne produkty<\/h4>\n<p>Prosz\u0119 poda\u0107 identyfikator produktu, aby wy\u015bwietli\u0107 odpowiednie dane!<\/p>\n","protected":false},"excerpt":{"rendered":"<p>Diab\u0142y s\u0105 z\u0142e i gro\u017ane. Zadaniem twojego DEVILA jest jednak poprawi\u0107 nie tylko powietrze, ale tak\u017ce nastr\u00f3j swoim psotnym u\u015bmiechem i perfumowym aromatem. <\/p>\n<p><strong>Kompozycja zapachu w zawieszce<\/strong><\/p>\n<p>kiwi, czarne winogrona, owoce egzotyczne<\/p>\n","protected":false},"featured_media":4398,"template":"","meta":{"inline_featured_image":false},"product_brand":[],"product_cat":[321],"product_tag":[323,322,307,325,314,316,324],"class_list":{"0":"post-4446","1":"product","2":"type-product","3":"status-publish","4":"has-post-thumbnail","6":"product_cat-kiwi-grape","7":"product_tag-kwasna","8":"product_tag-morska","9":"product_tag-owocowa","10":"product_tag-sloneczna","11":"product_tag-swieza","12":"product_tag-szczesliwa-twarz","13":"product_tag-tropikalna","15":"first","16":"instock","17":"taxable","18":"shipping-taxable","19":"purchasable","20":"product-type-variable","21":"has-default-attributes"},"_links":{"self":[{"href":"https:\/\/www.freshandfunny.sk\/pl\/wp-json\/wp\/v2\/product\/4446","targetHints":{"allow":["GET"]}}],"collection":[{"href":"https:\/\/www.freshandfunny.sk\/pl\/wp-json\/wp\/v2\/product"}],"about":[{"href":"https:\/\/www.freshandfunny.sk\/pl\/wp-json\/wp\/v2\/types\/product"}],"version-history":[{"count":0,"href":"https:\/\/www.freshandfunny.sk\/pl\/wp-json\/wp\/v2\/product\/4446\/revisions"}],"wp:featuredmedia":[{"embeddable":true,"href":"https:\/\/www.freshandfunny.sk\/pl\/wp-json\/wp\/v2\/media\/4398"}],"wp:attachment":[{"href":"https:\/\/www.freshandfunny.sk\/pl\/wp-json\/wp\/v2\/media?parent=4446"}],"wp:term":[{"taxonomy":"product_brand","embeddable":true,"href":"https:\/\/www.freshandfunny.sk\/pl\/wp-json\/wp\/v2\/product_brand?post=4446"},{"taxonomy":"product_cat","embeddable":true,"href":"https:\/\/www.freshandfunny.sk\/pl\/wp-json\/wp\/v2\/product_cat?post=4446"},{"taxonomy":"product_tag","embeddable":true,"href":"https:\/\/www.freshandfunny.sk\/pl\/wp-json\/wp\/v2\/product_tag?post=4446"}],"curies":[{"name":"wp","href":"https:\/\/api.w.org\/{rel}","templated":true}]}}