{"id":4453,"date":"2024-11-26T08:11:25","date_gmt":"2024-11-26T07:11:25","guid":{"rendered":"https:\/\/www.freshandfunny.sk\/produkt\/odswiezacz-powietrza-leo\/"},"modified":"2024-11-26T08:11:25","modified_gmt":"2024-11-26T07:11:25","slug":"odswiezacz-powietrza-leo","status":"publish","type":"product","link":"https:\/\/www.freshandfunny.sk\/pl\/produkt\/odswiezacz-powietrza-leo\/","title":{"rendered":"Od\u015bwie\u017cacz powietrza \u2013 Leo"},"content":{"rendered":"<p>Prosz\u0119 poda\u0107 identyfikator produktu, aby wy\u015bwietli\u0107 odpowiednie dane!<br \/>\nProsz\u0119 poda\u0107 identyfikator produktu, aby wy\u015bwietli\u0107 odpowiednie dane!<br \/>\nProsz\u0119 poda\u0107 identyfikator produktu, aby wy\u015bwietli\u0107 odpowiednie dane!<\/p>\n<h4>Podobne produkty<\/h4>\n<p>Prosz\u0119 poda\u0107 identyfikator produktu, aby wy\u015bwietli\u0107 odpowiednie dane!<\/p>\n","protected":false},"excerpt":{"rendered":"<p>W afryka\u0144skiej mitologii LEOpard jest cz\u0119sto postrzegany jako pot\u0119\u017cne i przebieg\u0142e stworzenie. W niekt\u00f3rych tradycjach wierzy si\u0119, \u017ce lampart potrafi przemieni\u0107 si\u0119 w cz\u0142owieka i z powrotem oraz \u017ce mo\u017ce posiada\u0107 nadprzyrodzone zdolno\u015bci. Te nadprzyrodzone zdolno\u015bci b\u0119d\u0105 z mi\u0142o\u015bci\u0105 czuwa\u0107 nad Wami podczas Waszych podr\u00f3\u017cy po \u015bwiecie.  <\/p>\n<p><strong>Kompozycja zapachu w zawieszce<\/strong><\/p>\n<p>bergamotka, rumianek, g\u0142\u00f3g, lawenda, cytryna, mandarynka i kwiat muszkato\u0142owy; go\u017adzik, drewno cedrowe, melisa, ja\u015bmin, konwalia, ga\u0142ka muszkato\u0142owa, drewno sanda\u0142owe i li\u015b\u0107 fio\u0142ka; ambra, sk\u00f3ra, pi\u017cmo, paczula, tonka i wetiwer<\/p>\n","protected":false},"featured_media":4385,"template":"","meta":{"inline_featured_image":false},"product_brand":[],"product_cat":[326],"product_tag":[328,327,329,308],"class_list":{"0":"post-4453","1":"product","2":"type-product","3":"status-publish","4":"has-post-thumbnail","6":"product_cat-leo-perfume-38","7":"product_tag-aromatyczna","8":"product_tag-korzenna","9":"product_tag-kot-stary","10":"product_tag-koteczki","12":"first","13":"instock","14":"taxable","15":"shipping-taxable","16":"purchasable","17":"product-type-variable","18":"has-default-attributes"},"_links":{"self":[{"href":"https:\/\/www.freshandfunny.sk\/pl\/wp-json\/wp\/v2\/product\/4453","targetHints":{"allow":["GET"]}}],"collection":[{"href":"https:\/\/www.freshandfunny.sk\/pl\/wp-json\/wp\/v2\/product"}],"about":[{"href":"https:\/\/www.freshandfunny.sk\/pl\/wp-json\/wp\/v2\/types\/product"}],"version-history":[{"count":0,"href":"https:\/\/www.freshandfunny.sk\/pl\/wp-json\/wp\/v2\/product\/4453\/revisions"}],"wp:featuredmedia":[{"embeddable":true,"href":"https:\/\/www.freshandfunny.sk\/pl\/wp-json\/wp\/v2\/media\/4385"}],"wp:attachment":[{"href":"https:\/\/www.freshandfunny.sk\/pl\/wp-json\/wp\/v2\/media?parent=4453"}],"wp:term":[{"taxonomy":"product_brand","embeddable":true,"href":"https:\/\/www.freshandfunny.sk\/pl\/wp-json\/wp\/v2\/product_brand?post=4453"},{"taxonomy":"product_cat","embeddable":true,"href":"https:\/\/www.freshandfunny.sk\/pl\/wp-json\/wp\/v2\/product_cat?post=4453"},{"taxonomy":"product_tag","embeddable":true,"href":"https:\/\/www.freshandfunny.sk\/pl\/wp-json\/wp\/v2\/product_tag?post=4453"}],"curies":[{"name":"wp","href":"https:\/\/api.w.org\/{rel}","templated":true}]}}