{"id":4458,"date":"2024-11-26T08:11:02","date_gmt":"2024-11-26T07:11:02","guid":{"rendered":"https:\/\/www.freshandfunny.sk\/produkt\/odswiezacz-powietrza-apollon\/"},"modified":"2025-11-20T09:52:55","modified_gmt":"2025-11-20T08:52:55","slug":"odswiezacz-powietrza-apollon","status":"publish","type":"product","link":"https:\/\/www.freshandfunny.sk\/pl\/produkt\/odswiezacz-powietrza-apollon\/","title":{"rendered":"Od\u015bwie\u017cacz powietrza \u2013 Apollon"},"content":{"rendered":"<p>Prosz\u0119 poda\u0107 identyfikator produktu, aby wy\u015bwietli\u0107 odpowiednie dane!<br \/>\nProsz\u0119 poda\u0107 identyfikator produktu, aby wy\u015bwietli\u0107 odpowiednie dane!<br \/>\nProsz\u0119 poda\u0107 identyfikator produktu, aby wy\u015bwietli\u0107 odpowiednie dane!<\/p>\n<h4>Podobne produkty<\/h4>\n<p>Prosz\u0119 poda\u0107 identyfikator produktu, aby wy\u015bwietli\u0107 odpowiednie dane!<\/p>\n","protected":false},"excerpt":{"rendered":"<p>APOLLON by\u0142 jednym z najstarszych bog\u00f3w greckich, synem Zeusa i Leto, bogiem \u015bwiat\u0142a i s\u0142o\u0144ca, opiekunem \u017cycia i porz\u0105dku, nieomylnym strzelcem i wyroczni\u0105. Przybycie APOLLONA na Olimp zawsze przynosi\u0142o rado\u015b\u0107 i dobry nastr\u00f3j. Chroni\u0142 ludzi w wojnach i niebezpiecze\u0144stwach, odp\u0119dza\u0142 od nich kl\u0119ski \u017cywio\u0142owe, dawa\u0142 im zdrowie i leczy\u0142 w chorobach, dba\u0142 o porz\u0105dek ustanowiony przez Zeusa, kocha\u0142 i nagradza\u0142 dobro. Jego po\u015bwi\u0119cone zwierz\u0119: wilk (symbol boga \u015bwiat\u0142a). Mocno wierzymy, \u017ce r\u00f3wnie\u017c Wam b\u0119dzie towarzyszy\u0107 na Waszych podr\u00f3\u017cach nasza pachn\u0105ca zawieszka.    <\/p>\n<p><strong>Kompozycja zapachu w zawieszce<\/strong><\/p>\n<div dir=\"ltr\">\n<div class=\"input-box\" spellcheck=\"false\">\n<div id=\"waffle-rich-text-editor\" class=\"cell-input editable disabled-input\" dir=\"ltr\" tabindex=\"0\" role=\"combobox\" contenteditable=\"false\" aria-autocomplete=\"list\" aria-label=\"H40\">cynamon, wanilia, kolendra, \u015bliwki, cytrusy, mandarynka, pomara\u0144cza, czarny pieprz, ja\u015bmin, go\u017adzik, ziele angielskie, bergamotka, go\u017adzik ogrodowy, drzewo sanda\u0142owe, paczula, cynamon, brzoskwinia, r\u00f3\u017ca, konwalia, irys, ga\u0142ka muszkato\u0142owa, wanilia, kokos, trawa wetiwerowa, kadzid\u0142o, cedr, mirra, kastoreum, bursztyn<\/div>\n<\/div>\n<\/div>\n<div><\/div>\n","protected":false},"featured_media":4365,"template":"","meta":{"inline_featured_image":false},"product_brand":[],"product_cat":[330],"product_tag":[331,307],"class_list":{"0":"post-4458","1":"product","2":"type-product","3":"status-publish","4":"has-post-thumbnail","6":"product_cat-apollo-perfume-46","7":"product_tag-elegancka","8":"product_tag-owocowa","10":"first","11":"instock","12":"taxable","13":"shipping-taxable","14":"purchasable","15":"product-type-variable","16":"has-default-attributes"},"_links":{"self":[{"href":"https:\/\/www.freshandfunny.sk\/pl\/wp-json\/wp\/v2\/product\/4458","targetHints":{"allow":["GET"]}}],"collection":[{"href":"https:\/\/www.freshandfunny.sk\/pl\/wp-json\/wp\/v2\/product"}],"about":[{"href":"https:\/\/www.freshandfunny.sk\/pl\/wp-json\/wp\/v2\/types\/product"}],"version-history":[{"count":1,"href":"https:\/\/www.freshandfunny.sk\/pl\/wp-json\/wp\/v2\/product\/4458\/revisions"}],"predecessor-version":[{"id":4463,"href":"https:\/\/www.freshandfunny.sk\/pl\/wp-json\/wp\/v2\/product\/4458\/revisions\/4463"}],"wp:featuredmedia":[{"embeddable":true,"href":"https:\/\/www.freshandfunny.sk\/pl\/wp-json\/wp\/v2\/media\/4365"}],"wp:attachment":[{"href":"https:\/\/www.freshandfunny.sk\/pl\/wp-json\/wp\/v2\/media?parent=4458"}],"wp:term":[{"taxonomy":"product_brand","embeddable":true,"href":"https:\/\/www.freshandfunny.sk\/pl\/wp-json\/wp\/v2\/product_brand?post=4458"},{"taxonomy":"product_cat","embeddable":true,"href":"https:\/\/www.freshandfunny.sk\/pl\/wp-json\/wp\/v2\/product_cat?post=4458"},{"taxonomy":"product_tag","embeddable":true,"href":"https:\/\/www.freshandfunny.sk\/pl\/wp-json\/wp\/v2\/product_tag?post=4458"}],"curies":[{"name":"wp","href":"https:\/\/api.w.org\/{rel}","templated":true}]}}