{"id":4470,"date":"2024-11-26T08:10:36","date_gmt":"2024-11-26T07:10:36","guid":{"rendered":"https:\/\/www.freshandfunny.sk\/produkt\/odswiezacz-powietrza-apollonis\/"},"modified":"2024-11-26T08:10:36","modified_gmt":"2024-11-26T07:10:36","slug":"odswiezacz-powietrza-apollonis","status":"publish","type":"product","link":"https:\/\/www.freshandfunny.sk\/pl\/produkt\/odswiezacz-powietrza-apollonis\/","title":{"rendered":"Od\u015bwie\u017cacz powietrza \u2013 Apollonis"},"content":{"rendered":"<p>Prosz\u0119 poda\u0107 identyfikator produktu, aby wy\u015bwietli\u0107 odpowiednie dane!<br \/>\nProsz\u0119 poda\u0107 identyfikator produktu, aby wy\u015bwietli\u0107 odpowiednie dane!<br \/>\nProsz\u0119 poda\u0107 identyfikator produktu, aby wy\u015bwietli\u0107 odpowiednie dane!<\/p>\n<h4>Podobne produkty<\/h4>\n<p>Prosz\u0119 poda\u0107 identyfikator produktu, aby wy\u015bwietli\u0107 odpowiednie dane!<\/p>\n","protected":false},"excerpt":{"rendered":"<p>APOLLONIS, jako mniej znany, a nawet nieznany przyrodni brat APOLLONA, jednego z najstarszych bog\u00f3w greckich, jest symbolem delikatnego, a jednocze\u015bnie w swoich postawach bardzo stanowczego opiekuna. Bez r\u00f3\u017cnicy chroni dobro nie tylko w\u015br\u00f3d bog\u00f3w, ale przede wszystkim w\u015br\u00f3d ludzi i zwierz\u0105t. Mocno wierzymy, \u017ce jego ochronna si\u0142a b\u0119dzie towarzyszy\u0107 r\u00f3wnie\u017c Wam w podr\u00f3\u017cach po \u015bwiecie.  <\/p>\n<p><strong>Kompozycja zapachu w zawieszce<\/strong><\/p>\n<div dir=\"ltr\">\n<div class=\"input-box\" spellcheck=\"false\">\n<div id=\"waffle-rich-text-editor\" class=\"cell-input editable disabled-input\" dir=\"ltr\" tabindex=\"0\" role=\"combobox\" contenteditable=\"false\" aria-autocomplete=\"list\" aria-label=\"H41\">cynamon, wanilia, kolendra, \u015bliwki, cytrusy, mandarynka, pomara\u0144cza, czarny pieprz, ja\u015bmin, go\u017adzik, ziele angielskie, bergamotka, go\u017adzik ogrodowy, drzewo sanda\u0142owe, paczula, cynamon, brzoskwinia, r\u00f3\u017ca, konwalia, irys, ga\u0142ka muszkato\u0142owa, wanilia, kokos, trawa wetiwerowa, kadzid\u0142o, cedr, mirra, kastoreum, bursztyn<\/div>\n<\/div>\n<\/div>\n<div><\/div>\n","protected":false},"featured_media":4366,"template":"","meta":{"inline_featured_image":false},"product_brand":[],"product_cat":[332],"product_tag":[331,307,334],"class_list":{"0":"post-4470","1":"product","2":"type-product","3":"status-publish","4":"has-post-thumbnail","6":"product_cat-gia-perfume-11","7":"product_tag-elegancka","8":"product_tag-owocowa","9":"product_tag-pies","11":"first","12":"instock","13":"taxable","14":"shipping-taxable","15":"purchasable","16":"product-type-variable","17":"has-default-attributes"},"_links":{"self":[{"href":"https:\/\/www.freshandfunny.sk\/pl\/wp-json\/wp\/v2\/product\/4470","targetHints":{"allow":["GET"]}}],"collection":[{"href":"https:\/\/www.freshandfunny.sk\/pl\/wp-json\/wp\/v2\/product"}],"about":[{"href":"https:\/\/www.freshandfunny.sk\/pl\/wp-json\/wp\/v2\/types\/product"}],"version-history":[{"count":0,"href":"https:\/\/www.freshandfunny.sk\/pl\/wp-json\/wp\/v2\/product\/4470\/revisions"}],"wp:featuredmedia":[{"embeddable":true,"href":"https:\/\/www.freshandfunny.sk\/pl\/wp-json\/wp\/v2\/media\/4366"}],"wp:attachment":[{"href":"https:\/\/www.freshandfunny.sk\/pl\/wp-json\/wp\/v2\/media?parent=4470"}],"wp:term":[{"taxonomy":"product_brand","embeddable":true,"href":"https:\/\/www.freshandfunny.sk\/pl\/wp-json\/wp\/v2\/product_brand?post=4470"},{"taxonomy":"product_cat","embeddable":true,"href":"https:\/\/www.freshandfunny.sk\/pl\/wp-json\/wp\/v2\/product_cat?post=4470"},{"taxonomy":"product_tag","embeddable":true,"href":"https:\/\/www.freshandfunny.sk\/pl\/wp-json\/wp\/v2\/product_tag?post=4470"}],"curies":[{"name":"wp","href":"https:\/\/api.w.org\/{rel}","templated":true}]}}