{"id":4480,"date":"2024-11-26T08:10:09","date_gmt":"2024-11-26T07:10:09","guid":{"rendered":"https:\/\/www.freshandfunny.sk\/produkt\/odswiezacz-powietrza-pepe\/"},"modified":"2024-11-26T08:10:09","modified_gmt":"2024-11-26T07:10:09","slug":"odswiezacz-powietrza-pepe","status":"publish","type":"product","link":"https:\/\/www.freshandfunny.sk\/pl\/produkt\/odswiezacz-powietrza-pepe\/","title":{"rendered":"Od\u015bwie\u017cacz powietrza \u2013 Pepe"},"content":{"rendered":"<p>Prosz\u0119 poda\u0107 identyfikator produktu, aby wy\u015bwietli\u0107 odpowiednie dane!<br \/>\nProsz\u0119 poda\u0107 identyfikator produktu, aby wy\u015bwietli\u0107 odpowiednie dane!<br \/>\nProsz\u0119 poda\u0107 identyfikator produktu, aby wy\u015bwietli\u0107 odpowiednie dane!<\/p>\n<h4>Podobne produkty<\/h4>\n<p>Prosz\u0119 poda\u0107 identyfikator produktu, aby wy\u015bwietli\u0107 odpowiednie dane!<\/p>\n","protected":false},"excerpt":{"rendered":"<p>Era kraciastych flanelowych wzor\u00f3w powraca! Nie wracaj\u0105 do nich tylko panowie \u2013 z zachwytem spogl\u0105da na nie tak\u017ce wiele kobiet. To wz\u00f3r, kt\u00f3rego nie trzeba ponownie popularyzowa\u0107. Zaj\u00adrzyjmy wi\u0119c do \u015bwiata kowboj\u00f3w i zainspirujmy si\u0119 pomys\u0142ami na codzienn\u0105 przyjemno\u015b\u0107 w nieodparcie zadziornym zapachu.   <\/p>\n<p><strong>Kompozycja zapachu w zawieszce<\/strong><\/p>\n<p>bodziszek, jab\u0142ko, bergamotka, r\u00f3\u017ca, lawenda, kardamon, drzewo sanda\u0142owe, fio\u0142ek, mech, paczula<\/p>\n","protected":false},"featured_media":4394,"template":"","meta":{"inline_featured_image":false},"product_brand":[],"product_cat":[335],"product_tag":[337,303,306,307,336,314],"class_list":{"0":"post-4480","1":"product","2":"type-product","3":"status-publish","4":"has-post-thumbnail","6":"product_cat-denim-perfume-18","7":"product_tag-5-oczko","8":"product_tag-ciepla","9":"product_tag-drzewna","10":"product_tag-owocowa","11":"product_tag-pikantna-2","12":"product_tag-swieza","14":"first","15":"outofstock","16":"taxable","17":"shipping-taxable","18":"purchasable","19":"product-type-variable","20":"has-default-attributes"},"_links":{"self":[{"href":"https:\/\/www.freshandfunny.sk\/pl\/wp-json\/wp\/v2\/product\/4480","targetHints":{"allow":["GET"]}}],"collection":[{"href":"https:\/\/www.freshandfunny.sk\/pl\/wp-json\/wp\/v2\/product"}],"about":[{"href":"https:\/\/www.freshandfunny.sk\/pl\/wp-json\/wp\/v2\/types\/product"}],"version-history":[{"count":0,"href":"https:\/\/www.freshandfunny.sk\/pl\/wp-json\/wp\/v2\/product\/4480\/revisions"}],"wp:featuredmedia":[{"embeddable":true,"href":"https:\/\/www.freshandfunny.sk\/pl\/wp-json\/wp\/v2\/media\/4394"}],"wp:attachment":[{"href":"https:\/\/www.freshandfunny.sk\/pl\/wp-json\/wp\/v2\/media?parent=4480"}],"wp:term":[{"taxonomy":"product_brand","embeddable":true,"href":"https:\/\/www.freshandfunny.sk\/pl\/wp-json\/wp\/v2\/product_brand?post=4480"},{"taxonomy":"product_cat","embeddable":true,"href":"https:\/\/www.freshandfunny.sk\/pl\/wp-json\/wp\/v2\/product_cat?post=4480"},{"taxonomy":"product_tag","embeddable":true,"href":"https:\/\/www.freshandfunny.sk\/pl\/wp-json\/wp\/v2\/product_tag?post=4480"}],"curies":[{"name":"wp","href":"https:\/\/api.w.org\/{rel}","templated":true}]}}