{"id":4485,"date":"2024-11-26T08:10:09","date_gmt":"2024-11-26T07:10:09","guid":{"rendered":"https:\/\/www.freshandfunny.sk\/produkt\/odswiezacz-powietrza-dory\/"},"modified":"2024-11-26T08:10:09","modified_gmt":"2024-11-26T07:10:09","slug":"odswiezacz-powietrza-dory","status":"publish","type":"product","link":"https:\/\/www.freshandfunny.sk\/pl\/produkt\/odswiezacz-powietrza-dory\/","title":{"rendered":"Od\u015bwie\u017cacz powietrza \u2013 Dory"},"content":{"rendered":"<p>Prosz\u0119 poda\u0107 identyfikator produktu, aby wy\u015bwietli\u0107 odpowiednie dane!<br \/>\nProsz\u0119 poda\u0107 identyfikator produktu, aby wy\u015bwietli\u0107 odpowiednie dane!<br \/>\nProsz\u0119 poda\u0107 identyfikator produktu, aby wy\u015bwietli\u0107 odpowiednie dane!<\/p>\n<h4>Podobne produkty<\/h4>\n<p>Prosz\u0119 poda\u0107 identyfikator produktu, aby wy\u015bwietli\u0107 odpowiednie dane!<\/p>\n","protected":false},"excerpt":{"rendered":"<p>Nasza DORY w stylu retro vintage jest przeznaczona dla wszystkich, kt\u00f3rzy lubi\u0105 prostot\u0119 i lekko\u015b\u0107 wzor\u00f3w. Uzupe\u0142niona przyjemnym zapachem jest bardzo \u015bwie\u017cym dodatkiem zar\u00f3wno do Waszych dom\u00f3w, jak i samochod\u00f3w. <\/p>\n<p><strong>Kompozycja zapachu w zawieszce<\/strong><\/p>\n<div dir=\"ltr\">\n<div class=\"input-box\" spellcheck=\"false\">\n<div id=\"waffle-rich-text-editor\" class=\"cell-input editable disabled-input\" dir=\"ltr\" tabindex=\"0\" role=\"combobox\" contenteditable=\"false\" aria-autocomplete=\"list\" aria-label=\"H35\">levandula<\/div>\n<\/div>\n<\/div>\n<div><\/div>\n","protected":false},"featured_media":4376,"template":"","meta":{"inline_featured_image":false},"product_brand":[],"product_cat":[338],"product_tag":[342,339,340,341],"class_list":{"0":"post-4485","1":"product","2":"type-product","3":"status-publish","4":"has-post-thumbnail","6":"product_cat-lavender","7":"product_tag-delikatny","8":"product_tag-kwiatowa","9":"product_tag-ryba","10":"product_tag-uspokajajaca","12":"first","13":"instock","14":"taxable","15":"shipping-taxable","16":"purchasable","17":"product-type-variable","18":"has-default-attributes"},"_links":{"self":[{"href":"https:\/\/www.freshandfunny.sk\/pl\/wp-json\/wp\/v2\/product\/4485","targetHints":{"allow":["GET"]}}],"collection":[{"href":"https:\/\/www.freshandfunny.sk\/pl\/wp-json\/wp\/v2\/product"}],"about":[{"href":"https:\/\/www.freshandfunny.sk\/pl\/wp-json\/wp\/v2\/types\/product"}],"version-history":[{"count":0,"href":"https:\/\/www.freshandfunny.sk\/pl\/wp-json\/wp\/v2\/product\/4485\/revisions"}],"wp:featuredmedia":[{"embeddable":true,"href":"https:\/\/www.freshandfunny.sk\/pl\/wp-json\/wp\/v2\/media\/4376"}],"wp:attachment":[{"href":"https:\/\/www.freshandfunny.sk\/pl\/wp-json\/wp\/v2\/media?parent=4485"}],"wp:term":[{"taxonomy":"product_brand","embeddable":true,"href":"https:\/\/www.freshandfunny.sk\/pl\/wp-json\/wp\/v2\/product_brand?post=4485"},{"taxonomy":"product_cat","embeddable":true,"href":"https:\/\/www.freshandfunny.sk\/pl\/wp-json\/wp\/v2\/product_cat?post=4485"},{"taxonomy":"product_tag","embeddable":true,"href":"https:\/\/www.freshandfunny.sk\/pl\/wp-json\/wp\/v2\/product_tag?post=4485"}],"curies":[{"name":"wp","href":"https:\/\/api.w.org\/{rel}","templated":true}]}}