{"id":4495,"date":"2024-11-26T08:09:32","date_gmt":"2024-11-26T07:09:32","guid":{"rendered":"https:\/\/www.freshandfunny.sk\/produkt\/odswiezacz-powietrza-mr-ice\/"},"modified":"2024-11-26T08:09:32","modified_gmt":"2024-11-26T07:09:32","slug":"odswiezacz-powietrza-mr-ice","status":"publish","type":"product","link":"https:\/\/www.freshandfunny.sk\/pl\/produkt\/odswiezacz-powietrza-mr-ice\/","title":{"rendered":"Od\u015bwie\u017cacz powietrza \u2013 Mr. ICE"},"content":{"rendered":"<p>Prosz\u0119 poda\u0107 identyfikator produktu, aby wy\u015bwietli\u0107 odpowiednie dane!<br \/>\nProsz\u0119 poda\u0107 identyfikator produktu, aby wy\u015bwietli\u0107 odpowiednie dane!<br \/>\nProsz\u0119 poda\u0107 identyfikator produktu, aby wy\u015bwietli\u0107 odpowiednie dane!<\/p>\n<h4>Podobne produkty<\/h4>\n<p>Prosz\u0119 poda\u0107 identyfikator produktu, aby wy\u015bwietli\u0107 odpowiednie dane!<\/p>\n","protected":false},"excerpt":{"rendered":"<p>ICE ICE baby. Nasz lodowy kr\u00f3liczek przyniesie Ci odrobin\u0119 och\u0142odzenia w upalne letnie dni, a zim\u0105 ucieszy Ci\u0119 jako \u015bwietny lodowy dodatek w Twoim nagrzanym aucie. <\/p>\n<p><strong>Kompozycja zapachu w zawieszce<\/strong><\/p>\n<p>cytrus, woda, przyprawy, elemi, bergamotka, sza\u0142wia, rozmaryn, bodziszek, kadzid\u0142o, paczula<\/p>\n","protected":false},"featured_media":4391,"template":"","meta":{"inline_featured_image":false},"product_brand":[],"product_cat":[345],"product_tag":[346,319,347,314,333],"class_list":{"0":"post-4495","1":"product","2":"type-product","3":"status-publish","4":"has-post-thumbnail","6":"product_cat-ice-perfume-25","7":"product_tag-cytrusowa","8":"product_tag-intensywna","9":"product_tag-lodowa","10":"product_tag-swieza","11":"product_tag-zajac","13":"first","14":"instock","15":"taxable","16":"shipping-taxable","17":"purchasable","18":"product-type-variable","19":"has-default-attributes"},"_links":{"self":[{"href":"https:\/\/www.freshandfunny.sk\/pl\/wp-json\/wp\/v2\/product\/4495","targetHints":{"allow":["GET"]}}],"collection":[{"href":"https:\/\/www.freshandfunny.sk\/pl\/wp-json\/wp\/v2\/product"}],"about":[{"href":"https:\/\/www.freshandfunny.sk\/pl\/wp-json\/wp\/v2\/types\/product"}],"version-history":[{"count":0,"href":"https:\/\/www.freshandfunny.sk\/pl\/wp-json\/wp\/v2\/product\/4495\/revisions"}],"wp:featuredmedia":[{"embeddable":true,"href":"https:\/\/www.freshandfunny.sk\/pl\/wp-json\/wp\/v2\/media\/4391"}],"wp:attachment":[{"href":"https:\/\/www.freshandfunny.sk\/pl\/wp-json\/wp\/v2\/media?parent=4495"}],"wp:term":[{"taxonomy":"product_brand","embeddable":true,"href":"https:\/\/www.freshandfunny.sk\/pl\/wp-json\/wp\/v2\/product_brand?post=4495"},{"taxonomy":"product_cat","embeddable":true,"href":"https:\/\/www.freshandfunny.sk\/pl\/wp-json\/wp\/v2\/product_cat?post=4495"},{"taxonomy":"product_tag","embeddable":true,"href":"https:\/\/www.freshandfunny.sk\/pl\/wp-json\/wp\/v2\/product_tag?post=4495"}],"curies":[{"name":"wp","href":"https:\/\/api.w.org\/{rel}","templated":true}]}}