{"id":4500,"date":"2024-11-26T08:09:04","date_gmt":"2024-11-26T07:09:04","guid":{"rendered":"https:\/\/www.freshandfunny.sk\/produkt\/odswiezacz-powietrza-nautilus-red\/"},"modified":"2024-11-26T08:09:04","modified_gmt":"2024-11-26T07:09:04","slug":"odswiezacz-powietrza-nautilus-red","status":"publish","type":"product","link":"https:\/\/www.freshandfunny.sk\/pl\/produkt\/odswiezacz-powietrza-nautilus-red\/","title":{"rendered":"Od\u015bwie\u017cacz powietrza \u2013 Nautilus red"},"content":{"rendered":"<p>Prosz\u0119 poda\u0107 identyfikator produktu, aby wy\u015bwietli\u0107 odpowiednie dane!<br \/>\nProsz\u0119 poda\u0107 identyfikator produktu, aby wy\u015bwietli\u0107 odpowiednie dane!<br \/>\nProsz\u0119 poda\u0107 identyfikator produktu, aby wy\u015bwietli\u0107 odpowiednie dane!<\/p>\n<h4>Podobne produkty<\/h4>\n<p>Prosz\u0119 poda\u0107 identyfikator produktu, aby wy\u015bwietli\u0107 odpowiednie dane!<\/p>\n","protected":false},"excerpt":{"rendered":"<p>My\u015blisz, \u017ce Lemur by\u0142by dobrym marynarzem? Nasz marynarz jest bardziej wodnym ni\u017c l\u0105dowym stworzeniem. W dawnych czasach tubylcy wierzyli, \u017ce Lemura zes\u0142ali bogowie m\u00f3rz, aby przynosi\u0142 szcz\u0119\u015bcie. Wierzymy wi\u0119c i my, \u017ce nasz przyniesie Ci szcz\u0119\u015bcie podczas w\u0119dr\u00f3wek \u017cyciem.   <\/p>\n<p><strong>Kompozycja zapachu w zawieszce<\/strong><\/p>\n<p>kwiaty, drewno, mandarynka, bergamotka, opuncja, ja\u015bmin, Pancratium maritimum, kardamon, pi\u017cmo, oliwka, cedr, pi\u017cmo, drzewo sanda\u0142owe<\/p>\n","protected":false},"featured_media":4392,"template":"","meta":{"inline_featured_image":false},"product_brand":[],"product_cat":[348],"product_tag":[339,349,307],"class_list":{"0":"post-4500","1":"product","2":"type-product","3":"status-publish","4":"has-post-thumbnail","6":"product_cat-navy-perfume-23","7":"product_tag-kwiatowa","8":"product_tag-lemur","9":"product_tag-owocowa","11":"first","12":"outofstock","13":"taxable","14":"shipping-taxable","15":"purchasable","16":"product-type-variable","17":"has-default-attributes"},"_links":{"self":[{"href":"https:\/\/www.freshandfunny.sk\/pl\/wp-json\/wp\/v2\/product\/4500","targetHints":{"allow":["GET"]}}],"collection":[{"href":"https:\/\/www.freshandfunny.sk\/pl\/wp-json\/wp\/v2\/product"}],"about":[{"href":"https:\/\/www.freshandfunny.sk\/pl\/wp-json\/wp\/v2\/types\/product"}],"version-history":[{"count":0,"href":"https:\/\/www.freshandfunny.sk\/pl\/wp-json\/wp\/v2\/product\/4500\/revisions"}],"wp:featuredmedia":[{"embeddable":true,"href":"https:\/\/www.freshandfunny.sk\/pl\/wp-json\/wp\/v2\/media\/4392"}],"wp:attachment":[{"href":"https:\/\/www.freshandfunny.sk\/pl\/wp-json\/wp\/v2\/media?parent=4500"}],"wp:term":[{"taxonomy":"product_brand","embeddable":true,"href":"https:\/\/www.freshandfunny.sk\/pl\/wp-json\/wp\/v2\/product_brand?post=4500"},{"taxonomy":"product_cat","embeddable":true,"href":"https:\/\/www.freshandfunny.sk\/pl\/wp-json\/wp\/v2\/product_cat?post=4500"},{"taxonomy":"product_tag","embeddable":true,"href":"https:\/\/www.freshandfunny.sk\/pl\/wp-json\/wp\/v2\/product_tag?post=4500"}],"curies":[{"name":"wp","href":"https:\/\/api.w.org\/{rel}","templated":true}]}}