{"id":4516,"date":"2024-11-26T08:08:26","date_gmt":"2024-11-26T07:08:26","guid":{"rendered":"https:\/\/www.freshandfunny.sk\/produkt\/odswiezacz-powietrza-banana-joe-blue\/"},"modified":"2024-11-26T08:08:26","modified_gmt":"2024-11-26T07:08:26","slug":"odswiezacz-powietrza-banana-joe-blue","status":"publish","type":"product","link":"https:\/\/www.freshandfunny.sk\/pl\/produkt\/odswiezacz-powietrza-banana-joe-blue\/","title":{"rendered":"Od\u015bwie\u017cacz powietrza \u2013 Banana Joe Blue"},"content":{"rendered":"<p>Prosz\u0119 poda\u0107 identyfikator produktu, aby wy\u015bwietli\u0107 odpowiednie dane!<br \/>\nProsz\u0119 poda\u0107 identyfikator produktu, aby wy\u015bwietli\u0107 odpowiednie dane!<br \/>\nProsz\u0119 poda\u0107 identyfikator produktu, aby wy\u015bwietli\u0107 odpowiednie dane!<\/p>\n<h4>Podobne produkty<\/h4>\n<p>Prosz\u0119 poda\u0107 identyfikator produktu, aby wy\u015bwietli\u0107 odpowiednie dane!<\/p>\n","protected":false},"excerpt":{"rendered":"<p>JOE jest pot\u0119\u017cnym, ale \u0142agodnym dobrotliwcem, kt\u00f3ry \u017cyje w ma\u0142ej wiosce g\u0142\u0119boko w d\u017cungli. Na swojej \u0142\u00f3dce niesie tropiczny powiew lasu deszczowego. Sprawd\u017a i Ty, czy Joe zdo\u0142a nape\u0142ni\u0107 Twoje wakacyjne wyobra\u017cenia swoim zapachem.  <\/p>\n<p><strong>Kompozycja zapachu w zawieszce<\/strong><\/p>\n<p>banan<\/p>\n","protected":false},"featured_media":4369,"template":"","meta":{"inline_featured_image":false},"product_brand":[],"product_cat":[350],"product_tag":[351,307,314],"class_list":{"0":"post-4516","1":"product","2":"type-product","3":"status-publish","4":"has-post-thumbnail","6":"product_cat-joe-perfume-17","7":"product_tag-1-oczko","8":"product_tag-owocowa","9":"product_tag-swieza","11":"first","12":"instock","13":"taxable","14":"shipping-taxable","15":"purchasable","16":"product-type-variable","17":"has-default-attributes"},"_links":{"self":[{"href":"https:\/\/www.freshandfunny.sk\/pl\/wp-json\/wp\/v2\/product\/4516","targetHints":{"allow":["GET"]}}],"collection":[{"href":"https:\/\/www.freshandfunny.sk\/pl\/wp-json\/wp\/v2\/product"}],"about":[{"href":"https:\/\/www.freshandfunny.sk\/pl\/wp-json\/wp\/v2\/types\/product"}],"version-history":[{"count":0,"href":"https:\/\/www.freshandfunny.sk\/pl\/wp-json\/wp\/v2\/product\/4516\/revisions"}],"wp:featuredmedia":[{"embeddable":true,"href":"https:\/\/www.freshandfunny.sk\/pl\/wp-json\/wp\/v2\/media\/4369"}],"wp:attachment":[{"href":"https:\/\/www.freshandfunny.sk\/pl\/wp-json\/wp\/v2\/media?parent=4516"}],"wp:term":[{"taxonomy":"product_brand","embeddable":true,"href":"https:\/\/www.freshandfunny.sk\/pl\/wp-json\/wp\/v2\/product_brand?post=4516"},{"taxonomy":"product_cat","embeddable":true,"href":"https:\/\/www.freshandfunny.sk\/pl\/wp-json\/wp\/v2\/product_cat?post=4516"},{"taxonomy":"product_tag","embeddable":true,"href":"https:\/\/www.freshandfunny.sk\/pl\/wp-json\/wp\/v2\/product_tag?post=4516"}],"curies":[{"name":"wp","href":"https:\/\/api.w.org\/{rel}","templated":true}]}}