{"id":4523,"date":"2024-11-26T08:08:00","date_gmt":"2024-11-26T07:08:00","guid":{"rendered":"https:\/\/www.freshandfunny.sk\/produkt\/odswiezacz-powietrza-purple-devil\/"},"modified":"2024-11-26T08:08:00","modified_gmt":"2024-11-26T07:08:00","slug":"odswiezacz-powietrza-purple-devil","status":"publish","type":"product","link":"https:\/\/www.freshandfunny.sk\/pl\/produkt\/odswiezacz-powietrza-purple-devil\/","title":{"rendered":"Od\u015bwie\u017cacz powietrza \u2013 Purple Devil"},"content":{"rendered":"<p>Prosz\u0119 poda\u0107 identyfikator produktu, aby wy\u015bwietli\u0107 odpowiednie dane!<br \/>\nProsz\u0119 poda\u0107 identyfikator produktu, aby wy\u015bwietli\u0107 odpowiednie dane!<br \/>\nProsz\u0119 poda\u0107 identyfikator produktu, aby wy\u015bwietli\u0107 odpowiednie dane!<\/p>\n<h4>Podobne produkty<\/h4>\n<p>Prosz\u0119 poda\u0107 identyfikator produktu, aby wy\u015bwietli\u0107 odpowiednie dane!<\/p>\n","protected":false},"excerpt":{"rendered":"<p>Diab\u0142y s\u0105 z\u0142e i gro\u017ane. Zadaniem twojego DEVILA jest jednak poprawi\u0107 nie tylko powietrze, ale tak\u017ce nastr\u00f3j swoim psotnym u\u015bmiechem i perfumowym aromatem. <\/p>\n<p><strong>Kompozycja zapachu w zawieszce<\/strong><\/p>\n<p>kiwi, czarne winogrona, owoce egzotyczne<\/p>\n","protected":false},"featured_media":4396,"template":"","meta":{"inline_featured_image":false},"product_brand":[],"product_cat":[321],"product_tag":[323,322,307,315,325,314,316,324],"class_list":{"0":"post-4523","1":"product","2":"type-product","3":"status-publish","4":"has-post-thumbnail","6":"product_cat-kiwi-grape","7":"product_tag-kwasna","8":"product_tag-morska","9":"product_tag-owocowa","10":"product_tag-slodka","11":"product_tag-sloneczna","12":"product_tag-swieza","13":"product_tag-szczesliwa-twarz","14":"product_tag-tropikalna","16":"first","17":"instock","18":"taxable","19":"shipping-taxable","20":"purchasable","21":"product-type-variable","22":"has-default-attributes"},"_links":{"self":[{"href":"https:\/\/www.freshandfunny.sk\/pl\/wp-json\/wp\/v2\/product\/4523","targetHints":{"allow":["GET"]}}],"collection":[{"href":"https:\/\/www.freshandfunny.sk\/pl\/wp-json\/wp\/v2\/product"}],"about":[{"href":"https:\/\/www.freshandfunny.sk\/pl\/wp-json\/wp\/v2\/types\/product"}],"version-history":[{"count":0,"href":"https:\/\/www.freshandfunny.sk\/pl\/wp-json\/wp\/v2\/product\/4523\/revisions"}],"wp:featuredmedia":[{"embeddable":true,"href":"https:\/\/www.freshandfunny.sk\/pl\/wp-json\/wp\/v2\/media\/4396"}],"wp:attachment":[{"href":"https:\/\/www.freshandfunny.sk\/pl\/wp-json\/wp\/v2\/media?parent=4523"}],"wp:term":[{"taxonomy":"product_brand","embeddable":true,"href":"https:\/\/www.freshandfunny.sk\/pl\/wp-json\/wp\/v2\/product_brand?post=4523"},{"taxonomy":"product_cat","embeddable":true,"href":"https:\/\/www.freshandfunny.sk\/pl\/wp-json\/wp\/v2\/product_cat?post=4523"},{"taxonomy":"product_tag","embeddable":true,"href":"https:\/\/www.freshandfunny.sk\/pl\/wp-json\/wp\/v2\/product_tag?post=4523"}],"curies":[{"name":"wp","href":"https:\/\/api.w.org\/{rel}","templated":true}]}}