{"id":4528,"date":"2024-11-26T08:08:00","date_gmt":"2024-11-26T07:08:00","guid":{"rendered":"https:\/\/www.freshandfunny.sk\/produkt\/odswiezacz-powietrza-adore\/"},"modified":"2024-11-26T08:08:00","modified_gmt":"2024-11-26T07:08:00","slug":"odswiezacz-powietrza-adore","status":"publish","type":"product","link":"https:\/\/www.freshandfunny.sk\/pl\/produkt\/odswiezacz-powietrza-adore\/","title":{"rendered":"Od\u015bwie\u017cacz powietrza \u2013 Adore"},"content":{"rendered":"<p>Prosz\u0119 poda\u0107 identyfikator produktu, aby wy\u015bwietli\u0107 odpowiednie dane!<br \/>\nProsz\u0119 poda\u0107 identyfikator produktu, aby wy\u015bwietli\u0107 odpowiednie dane!<br \/>\nProsz\u0119 poda\u0107 identyfikator produktu, aby wy\u015bwietli\u0107 odpowiednie dane!<\/p>\n<h4>Podobne produkty<\/h4>\n<p>Prosz\u0119 poda\u0107 identyfikator produktu, aby wy\u015bwietli\u0107 odpowiednie dane!<\/p>\n","protected":false},"excerpt":{"rendered":"<p>Ka\u017cda kobieta w g\u0142\u0119bi duszy jest troch\u0119 tygrysic\u0105. A je\u015bli Panie nie odkry\u0142y\u015bcie jeszcze tej pradawnej si\u0142y w sobie, najwy\u017cszy czas j\u0105 obudzi\u0107. My odnale\u017ali\u015bmy j\u0105 w naszej tygrysicy \u2014 dla wszystkich odwa\u017cnych kobiet, ale tak\u017ce dla tych, kt\u00f3re dopiero odkrywaj\u0105 swoj\u0105 kobiec\u0105 si\u0142\u0119.  <\/p>\n<p><strong>Kompozycja zapachu w zawieszce<\/strong><\/p>\n<p>bergamotka, brzoskwinia, gruszka, magnolia, mandarynka, melon, fio\u0142ek, frezja, ja\u015bmin, konwalia, orchidea, r\u00f3\u017ca, \u015bliwka, cedr, je\u017cyna, pi\u017cmo, wanilia<\/p>\n","protected":false},"featured_media":4359,"template":"","meta":{"inline_featured_image":false},"product_brand":[],"product_cat":[352],"product_tag":[331,329,308,339,307,315],"class_list":{"0":"post-4528","1":"product","2":"type-product","3":"status-publish","4":"has-post-thumbnail","6":"product_cat-adore-perfume-22","7":"product_tag-elegancka","8":"product_tag-kot-stary","9":"product_tag-koteczki","10":"product_tag-kwiatowa","11":"product_tag-owocowa","12":"product_tag-slodka","14":"first","15":"outofstock","16":"taxable","17":"shipping-taxable","18":"purchasable","19":"product-type-variable","20":"has-default-attributes"},"_links":{"self":[{"href":"https:\/\/www.freshandfunny.sk\/pl\/wp-json\/wp\/v2\/product\/4528","targetHints":{"allow":["GET"]}}],"collection":[{"href":"https:\/\/www.freshandfunny.sk\/pl\/wp-json\/wp\/v2\/product"}],"about":[{"href":"https:\/\/www.freshandfunny.sk\/pl\/wp-json\/wp\/v2\/types\/product"}],"version-history":[{"count":0,"href":"https:\/\/www.freshandfunny.sk\/pl\/wp-json\/wp\/v2\/product\/4528\/revisions"}],"wp:featuredmedia":[{"embeddable":true,"href":"https:\/\/www.freshandfunny.sk\/pl\/wp-json\/wp\/v2\/media\/4359"}],"wp:attachment":[{"href":"https:\/\/www.freshandfunny.sk\/pl\/wp-json\/wp\/v2\/media?parent=4528"}],"wp:term":[{"taxonomy":"product_brand","embeddable":true,"href":"https:\/\/www.freshandfunny.sk\/pl\/wp-json\/wp\/v2\/product_brand?post=4528"},{"taxonomy":"product_cat","embeddable":true,"href":"https:\/\/www.freshandfunny.sk\/pl\/wp-json\/wp\/v2\/product_cat?post=4528"},{"taxonomy":"product_tag","embeddable":true,"href":"https:\/\/www.freshandfunny.sk\/pl\/wp-json\/wp\/v2\/product_tag?post=4528"}],"curies":[{"name":"wp","href":"https:\/\/api.w.org\/{rel}","templated":true}]}}