{"id":4539,"date":"2024-11-26T08:07:31","date_gmt":"2024-11-26T07:07:31","guid":{"rendered":"https:\/\/www.freshandfunny.sk\/produkt\/odswiezacz-powietrza-gibon\/"},"modified":"2024-11-26T08:07:31","modified_gmt":"2024-11-26T07:07:31","slug":"odswiezacz-powietrza-gibon","status":"publish","type":"product","link":"https:\/\/www.freshandfunny.sk\/pl\/produkt\/odswiezacz-powietrza-gibon\/","title":{"rendered":"Od\u015bwie\u017cacz powietrza \u2013 Gibon"},"content":{"rendered":"<p>Prosz\u0119 poda\u0107 identyfikator produktu, aby wy\u015bwietli\u0107 odpowiednie dane!<br \/>\nProsz\u0119 poda\u0107 identyfikator produktu, aby wy\u015bwietli\u0107 odpowiednie dane!<br \/>\nProsz\u0119 poda\u0107 identyfikator produktu, aby wy\u015bwietli\u0107 odpowiednie dane!<\/p>\n<h4>Podobne produkty<\/h4>\n<p>Prosz\u0119 poda\u0107 identyfikator produktu, aby wy\u015bwietli\u0107 odpowiednie dane!<\/p>\n","protected":false},"excerpt":{"rendered":"<p>Mieszkam tu ju\u017c d\u0142ugo, czuj\u0119 si\u0119 tu jak w domu. Tam, sk\u0105d pochodz\u0119, wszystko jest bardzo kolorowe i weso\u0142e. Im wi\u0119cej kolor\u00f3w, tym szlachetniejszy p\u00f4ch\u00f3d. W zale\u017cno\u015bci od tego, kt\u00f3ry w\u0142a\u015bnie \u015bwieci, takim kolorem si\u0119 opalamy.   <\/p>\n<p><strong>Kompozycja zapachu w zawieszce<\/strong><\/p>\n<p>czarna porzeczka, gruszka, irys, ja\u015bmin, fio\u0142ek, pudrowa wanilia, pralinka, ciep\u0142a tonka, paczula  <\/p>\n","protected":false},"featured_media":4379,"template":"","meta":{"inline_featured_image":false},"product_brand":[],"product_cat":[355],"product_tag":[356,307,315],"class_list":{"0":"post-4539","1":"product","2":"type-product","3":"status-publish","4":"has-post-thumbnail","6":"product_cat-colour-perfume-5","7":"product_tag-malpa","8":"product_tag-owocowa","9":"product_tag-slodka","11":"first","12":"instock","13":"taxable","14":"shipping-taxable","15":"purchasable","16":"product-type-variable","17":"has-default-attributes"},"_links":{"self":[{"href":"https:\/\/www.freshandfunny.sk\/pl\/wp-json\/wp\/v2\/product\/4539","targetHints":{"allow":["GET"]}}],"collection":[{"href":"https:\/\/www.freshandfunny.sk\/pl\/wp-json\/wp\/v2\/product"}],"about":[{"href":"https:\/\/www.freshandfunny.sk\/pl\/wp-json\/wp\/v2\/types\/product"}],"version-history":[{"count":0,"href":"https:\/\/www.freshandfunny.sk\/pl\/wp-json\/wp\/v2\/product\/4539\/revisions"}],"wp:featuredmedia":[{"embeddable":true,"href":"https:\/\/www.freshandfunny.sk\/pl\/wp-json\/wp\/v2\/media\/4379"}],"wp:attachment":[{"href":"https:\/\/www.freshandfunny.sk\/pl\/wp-json\/wp\/v2\/media?parent=4539"}],"wp:term":[{"taxonomy":"product_brand","embeddable":true,"href":"https:\/\/www.freshandfunny.sk\/pl\/wp-json\/wp\/v2\/product_brand?post=4539"},{"taxonomy":"product_cat","embeddable":true,"href":"https:\/\/www.freshandfunny.sk\/pl\/wp-json\/wp\/v2\/product_cat?post=4539"},{"taxonomy":"product_tag","embeddable":true,"href":"https:\/\/www.freshandfunny.sk\/pl\/wp-json\/wp\/v2\/product_tag?post=4539"}],"curies":[{"name":"wp","href":"https:\/\/api.w.org\/{rel}","templated":true}]}}