{"id":4554,"date":"2024-11-26T08:06:44","date_gmt":"2024-11-26T07:06:44","guid":{"rendered":"https:\/\/www.freshandfunny.sk\/produkt\/odswiezacz-powietrza-opium-kroliczek-pablo\/"},"modified":"2024-11-26T08:06:44","modified_gmt":"2024-11-26T07:06:44","slug":"odswiezacz-powietrza-opium-kroliczek-pablo","status":"publish","type":"product","link":"https:\/\/www.freshandfunny.sk\/pl\/produkt\/odswiezacz-powietrza-opium-kroliczek-pablo\/","title":{"rendered":"Od\u015bwie\u017cacz powietrza \u2013 Opium kr\u00f3liczek Pablo"},"content":{"rendered":"<p>Prosz\u0119 poda\u0107 identyfikator produktu, aby wy\u015bwietli\u0107 odpowiednie dane!<br \/>\nProsz\u0119 poda\u0107 identyfikator produktu, aby wy\u015bwietli\u0107 odpowiednie dane!<br \/>\nProsz\u0119 poda\u0107 identyfikator produktu, aby wy\u015bwietli\u0107 odpowiednie dane!<\/p>\n<h4>Podobne produkty<\/h4>\n<p>Prosz\u0119 poda\u0107 identyfikator produktu, aby wy\u015bwietli\u0107 odpowiednie dane!<\/p>\n","protected":false},"excerpt":{"rendered":"<p>PABLO to \u017cartowni\u015b i ci\u0105gle jest w drodze. PABLO jest nie tylko odwa\u017cny, ale tak\u017ce \u015bmia\u0142y. Zawsze stoi za swoim i nikt ani nic go nie zniech\u0119ci. Jest inteligentny i ma szerok\u0105 wiedz\u0119 o \u015bwiecie.   <\/p>\n<p><strong>Kompozycja zapachu w zawieszce<\/strong><\/p>\n<p>owoce, cynamon, wanilia, kolendra, \u015bliwki, cytrusy, mandarynka, pomara\u0144cza, czarny pieprz, ja\u015bmin, go\u017adzik, ziele angielskie, bergamotka, go\u017adzik ogrodowy, drzewo sanda\u0142owe, paczula, cynamon, brzoskwinia, r\u00f3\u017ca, konwalia, irys, ga\u0142ka muszkato\u0142owa, wanilia, kokos, trawa wetiwerowa, kadzid\u0142o, cedr, mirra, kastoreum, bursztyn<\/p>\n","protected":false},"featured_media":4364,"template":"","meta":{"inline_featured_image":false},"product_brand":[],"product_cat":[360],"product_tag":[327,361,307,333],"class_list":{"0":"post-4554","1":"product","2":"type-product","3":"status-publish","4":"has-post-thumbnail","6":"product_cat-opium-perfume-13","7":"product_tag-korzenna","8":"product_tag-orientalna","9":"product_tag-owocowa","10":"product_tag-zajac","12":"first","13":"instock","14":"taxable","15":"shipping-taxable","16":"purchasable","17":"product-type-variable","18":"has-default-attributes"},"_links":{"self":[{"href":"https:\/\/www.freshandfunny.sk\/pl\/wp-json\/wp\/v2\/product\/4554","targetHints":{"allow":["GET"]}}],"collection":[{"href":"https:\/\/www.freshandfunny.sk\/pl\/wp-json\/wp\/v2\/product"}],"about":[{"href":"https:\/\/www.freshandfunny.sk\/pl\/wp-json\/wp\/v2\/types\/product"}],"version-history":[{"count":0,"href":"https:\/\/www.freshandfunny.sk\/pl\/wp-json\/wp\/v2\/product\/4554\/revisions"}],"wp:featuredmedia":[{"embeddable":true,"href":"https:\/\/www.freshandfunny.sk\/pl\/wp-json\/wp\/v2\/media\/4364"}],"wp:attachment":[{"href":"https:\/\/www.freshandfunny.sk\/pl\/wp-json\/wp\/v2\/media?parent=4554"}],"wp:term":[{"taxonomy":"product_brand","embeddable":true,"href":"https:\/\/www.freshandfunny.sk\/pl\/wp-json\/wp\/v2\/product_brand?post=4554"},{"taxonomy":"product_cat","embeddable":true,"href":"https:\/\/www.freshandfunny.sk\/pl\/wp-json\/wp\/v2\/product_cat?post=4554"},{"taxonomy":"product_tag","embeddable":true,"href":"https:\/\/www.freshandfunny.sk\/pl\/wp-json\/wp\/v2\/product_tag?post=4554"}],"curies":[{"name":"wp","href":"https:\/\/api.w.org\/{rel}","templated":true}]}}