{"id":4559,"date":"2024-11-26T08:06:44","date_gmt":"2024-11-26T07:06:44","guid":{"rendered":"https:\/\/www.freshandfunny.sk\/produkt\/odswiezacz-powietrza-perisa-kamila\/"},"modified":"2024-11-26T08:06:44","modified_gmt":"2024-11-26T07:06:44","slug":"odswiezacz-powietrza-perisa-kamila","status":"publish","type":"product","link":"https:\/\/www.freshandfunny.sk\/pl\/produkt\/odswiezacz-powietrza-perisa-kamila\/","title":{"rendered":"Od\u015bwie\u017cacz powietrza \u2013 Perisa Kamila"},"content":{"rendered":"<p>Prosz\u0119 poda\u0107 identyfikator produktu, aby wy\u015bwietli\u0107 odpowiednie dane!<br \/>\nProsz\u0119 poda\u0107 identyfikator produktu, aby wy\u015bwietli\u0107 odpowiednie dane!<br \/>\nProsz\u0119 poda\u0107 identyfikator produktu, aby wy\u015bwietli\u0107 odpowiednie dane!<\/p>\n<h4>Podobne produkty<\/h4>\n<p>Prosz\u0119 poda\u0107 identyfikator produktu, aby wy\u015bwietli\u0107 odpowiednie dane!<\/p>\n","protected":false},"excerpt":{"rendered":"<p>O wielb\u0142\u0105dach powszechnie wiadomo, \u017ce s\u0105 symbolem Dalekiego Wschodu. S\u0105 cz\u0119\u015bci\u0105 niemal ka\u017cdego opowiadania czy bajki. Wezyrowie Dalekiego Wschodu ozdabiali swoje wielb\u0142\u0105dy r\u00f3\u017cnymi klejnotami jako znak swojego bogactwa. Tak jest to r\u00f3wnie\u017c w przypadku naszych wielb\u0142\u0105dk\u00f3w. S\u0105 zdobione per\u0142owymi lub z\u0142otymi dodatkami. Podaruj sobie odrobin\u0119 w\u0142asnego orientu w jedynym w swoim rodzaju wydaniu z naszej pracowni.     <\/p>\n<p><strong>Kompozycja zapachu w zawieszce<\/strong><\/p>\n<p>cytrus, bia\u0142y kwiat, s\u0142odka, pi\u017cmo, gruszka, limonka, kwiat, kwiat pomara\u0144czy, wiciokrzew, bursztyn, pi\u017cmo<\/p>\n","protected":false},"featured_media":4395,"template":"","meta":{"inline_featured_image":false},"product_brand":[],"product_cat":[362],"product_tag":[366,327,339,307,314,365,363,364],"class_list":{"0":"post-4559","1":"product","2":"type-product","3":"status-publish","4":"has-post-thumbnail","6":"product_cat-persia-perfume-21","7":"product_tag-egzotyczna","8":"product_tag-korzenna","9":"product_tag-kwiatowa","10":"product_tag-owocowa","11":"product_tag-swieza","12":"product_tag-uwodzicielska","13":"product_tag-wielblad","14":"product_tag-zmyslowa","16":"first","17":"instock","18":"taxable","19":"shipping-taxable","20":"purchasable","21":"product-type-variable","22":"has-default-attributes"},"_links":{"self":[{"href":"https:\/\/www.freshandfunny.sk\/pl\/wp-json\/wp\/v2\/product\/4559","targetHints":{"allow":["GET"]}}],"collection":[{"href":"https:\/\/www.freshandfunny.sk\/pl\/wp-json\/wp\/v2\/product"}],"about":[{"href":"https:\/\/www.freshandfunny.sk\/pl\/wp-json\/wp\/v2\/types\/product"}],"version-history":[{"count":0,"href":"https:\/\/www.freshandfunny.sk\/pl\/wp-json\/wp\/v2\/product\/4559\/revisions"}],"wp:featuredmedia":[{"embeddable":true,"href":"https:\/\/www.freshandfunny.sk\/pl\/wp-json\/wp\/v2\/media\/4395"}],"wp:attachment":[{"href":"https:\/\/www.freshandfunny.sk\/pl\/wp-json\/wp\/v2\/media?parent=4559"}],"wp:term":[{"taxonomy":"product_brand","embeddable":true,"href":"https:\/\/www.freshandfunny.sk\/pl\/wp-json\/wp\/v2\/product_brand?post=4559"},{"taxonomy":"product_cat","embeddable":true,"href":"https:\/\/www.freshandfunny.sk\/pl\/wp-json\/wp\/v2\/product_cat?post=4559"},{"taxonomy":"product_tag","embeddable":true,"href":"https:\/\/www.freshandfunny.sk\/pl\/wp-json\/wp\/v2\/product_tag?post=4559"}],"curies":[{"name":"wp","href":"https:\/\/api.w.org\/{rel}","templated":true}]}}