{"id":4569,"date":"2024-11-26T08:06:02","date_gmt":"2024-11-26T07:06:02","guid":{"rendered":"https:\/\/www.freshandfunny.sk\/produkt\/odswiezacz-powietrza-opium-rex\/"},"modified":"2024-11-26T08:06:02","modified_gmt":"2024-11-26T07:06:02","slug":"odswiezacz-powietrza-opium-rex","status":"publish","type":"product","link":"https:\/\/www.freshandfunny.sk\/pl\/produkt\/odswiezacz-powietrza-opium-rex\/","title":{"rendered":"Od\u015bwie\u017cacz powietrza \u2013 Opium Rex"},"content":{"rendered":"<p>Prosz\u0119 poda\u0107 identyfikator produktu, aby wy\u015bwietli\u0107 odpowiednie dane!<br \/>\nProsz\u0119 poda\u0107 identyfikator produktu, aby wy\u015bwietli\u0107 odpowiednie dane!<br \/>\nProsz\u0119 poda\u0107 identyfikator produktu, aby wy\u015bwietli\u0107 odpowiednie dane!<\/p>\n<h4>Podobne produkty<\/h4>\n<p>Prosz\u0119 poda\u0107 identyfikator produktu, aby wy\u015bwietli\u0107 odpowiednie dane!<\/p>\n","protected":false},"excerpt":{"rendered":"<p>Tak jak jego pan, tak i REX jest odwa\u017cny i \u015bmia\u0142y. Upiera si\u0119 przy swoim i nikt ani nic go nie zniech\u0119ci. Poza tym jest r\u00f3wnie\u017c bardzo inteligentny i bystry.  <\/p>\n<p><strong>Kompozycja zapachu w zawieszce<\/strong><\/p>\n<div dir=\"ltr\">\n<div class=\"input-box\" spellcheck=\"false\">\n<div id=\"waffle-rich-text-editor\" class=\"cell-input editable disabled-input\" dir=\"ltr\" tabindex=\"0\" role=\"combobox\" contenteditable=\"false\" aria-label=\"H15\" aria-autocomplete=\"list\">owoce, cynamon, wanilia, kolendra, \u015bliwki, cytrusy, mandarynka, pomara\u0144cza, czarny pieprz, ja\u015bmin, go\u017adzik, ziele angielskie, bergamotka, go\u017adzik ogrodowy, drzewo sanda\u0142owe, paczula, cynamon, brzoskwinia, r\u00f3\u017ca, konwalia, irys, ga\u0142ka muszkato\u0142owa, wanilia, kokos, trawa wetiwerowa, kadzid\u0142o, cedr, mirra, kastoreum, bursztyn<\/div>\n<\/div>\n<\/div>\n<div><\/div>\n","protected":false},"featured_media":4393,"template":"","meta":{"inline_featured_image":false},"product_brand":[],"product_cat":[360],"product_tag":[327,339,361,307,334],"class_list":{"0":"post-4569","1":"product","2":"type-product","3":"status-publish","4":"has-post-thumbnail","6":"product_cat-opium-perfume-13","7":"product_tag-korzenna","8":"product_tag-kwiatowa","9":"product_tag-orientalna","10":"product_tag-owocowa","11":"product_tag-pies","13":"first","14":"instock","15":"taxable","16":"shipping-taxable","17":"purchasable","18":"product-type-variable","19":"has-default-attributes"},"_links":{"self":[{"href":"https:\/\/www.freshandfunny.sk\/pl\/wp-json\/wp\/v2\/product\/4569","targetHints":{"allow":["GET"]}}],"collection":[{"href":"https:\/\/www.freshandfunny.sk\/pl\/wp-json\/wp\/v2\/product"}],"about":[{"href":"https:\/\/www.freshandfunny.sk\/pl\/wp-json\/wp\/v2\/types\/product"}],"version-history":[{"count":0,"href":"https:\/\/www.freshandfunny.sk\/pl\/wp-json\/wp\/v2\/product\/4569\/revisions"}],"wp:featuredmedia":[{"embeddable":true,"href":"https:\/\/www.freshandfunny.sk\/pl\/wp-json\/wp\/v2\/media\/4393"}],"wp:attachment":[{"href":"https:\/\/www.freshandfunny.sk\/pl\/wp-json\/wp\/v2\/media?parent=4569"}],"wp:term":[{"taxonomy":"product_brand","embeddable":true,"href":"https:\/\/www.freshandfunny.sk\/pl\/wp-json\/wp\/v2\/product_brand?post=4569"},{"taxonomy":"product_cat","embeddable":true,"href":"https:\/\/www.freshandfunny.sk\/pl\/wp-json\/wp\/v2\/product_cat?post=4569"},{"taxonomy":"product_tag","embeddable":true,"href":"https:\/\/www.freshandfunny.sk\/pl\/wp-json\/wp\/v2\/product_tag?post=4569"}],"curies":[{"name":"wp","href":"https:\/\/api.w.org\/{rel}","templated":true}]}}