{"id":4574,"date":"2024-11-26T08:06:02","date_gmt":"2024-11-26T07:06:02","guid":{"rendered":"https:\/\/www.freshandfunny.sk\/produkt\/odswiezacz-powietrza-idealny-zajaczek\/"},"modified":"2024-11-26T08:06:02","modified_gmt":"2024-11-26T07:06:02","slug":"odswiezacz-powietrza-idealny-zajaczek","status":"publish","type":"product","link":"https:\/\/www.freshandfunny.sk\/pl\/produkt\/odswiezacz-powietrza-idealny-zajaczek\/","title":{"rendered":"Od\u015bwie\u017cacz powietrza \u2013 Idealny Zaj\u0105czek"},"content":{"rendered":"<p>Prosz\u0119 poda\u0107 identyfikator produktu, aby wy\u015bwietli\u0107 odpowiednie dane!<br \/>\nProsz\u0119 poda\u0107 identyfikator produktu, aby wy\u015bwietli\u0107 odpowiednie dane!<br \/>\nProsz\u0119 poda\u0107 identyfikator produktu, aby wy\u015bwietli\u0107 odpowiednie dane!<\/p>\n<h4>Podobne produkty<\/h4>\n<p>Prosz\u0119 poda\u0107 identyfikator produktu, aby wy\u015bwietli\u0107 odpowiednie dane!<\/p>\n","protected":false},"excerpt":{"rendered":"<p>Nie jest chyba tajemnic\u0105, \u017ce dzisiejszy \u015bwiat jest coraz bardziej lub mniej nastawiony na pieni\u0105dze. Tworz\u0105c t\u0119 posta\u0107, chcieli\u015bmy przynie\u015b\u0107 Wam troch\u0119 spokoju w ten zabiegany, biznesowo ukierunkowany \u015bwiat. Znajd\u017a swoj\u0105 wygod\u0119 i spok\u00f3j, wybieraj\u0105c tego sympatyczniaka.  <\/p>\n<p><strong>Kompozycja zapachu w zawieszce<\/strong><\/p>\n<p>migda\u0142y, cytrusy, cedr, rozmaryn, kwiaty pomara\u0144czy, gorzka pomara\u0144cza, migda\u0142y, fasola tonka, sk\u00f3ra, cedr, trawa wetiwerowa<\/p>\n","protected":false},"featured_media":4384,"template":"","meta":{"inline_featured_image":false},"product_brand":[],"product_cat":[309],"product_tag":[346,306,314,333],"class_list":{"0":"post-4574","1":"product","2":"type-product","3":"status-publish","4":"has-post-thumbnail","6":"product_cat-ideal-perfume-12","7":"product_tag-cytrusowa","8":"product_tag-drzewna","9":"product_tag-swieza","10":"product_tag-zajac","12":"first","13":"instock","14":"taxable","15":"shipping-taxable","16":"purchasable","17":"product-type-variable","18":"has-default-attributes"},"_links":{"self":[{"href":"https:\/\/www.freshandfunny.sk\/pl\/wp-json\/wp\/v2\/product\/4574","targetHints":{"allow":["GET"]}}],"collection":[{"href":"https:\/\/www.freshandfunny.sk\/pl\/wp-json\/wp\/v2\/product"}],"about":[{"href":"https:\/\/www.freshandfunny.sk\/pl\/wp-json\/wp\/v2\/types\/product"}],"version-history":[{"count":0,"href":"https:\/\/www.freshandfunny.sk\/pl\/wp-json\/wp\/v2\/product\/4574\/revisions"}],"wp:featuredmedia":[{"embeddable":true,"href":"https:\/\/www.freshandfunny.sk\/pl\/wp-json\/wp\/v2\/media\/4384"}],"wp:attachment":[{"href":"https:\/\/www.freshandfunny.sk\/pl\/wp-json\/wp\/v2\/media?parent=4574"}],"wp:term":[{"taxonomy":"product_brand","embeddable":true,"href":"https:\/\/www.freshandfunny.sk\/pl\/wp-json\/wp\/v2\/product_brand?post=4574"},{"taxonomy":"product_cat","embeddable":true,"href":"https:\/\/www.freshandfunny.sk\/pl\/wp-json\/wp\/v2\/product_cat?post=4574"},{"taxonomy":"product_tag","embeddable":true,"href":"https:\/\/www.freshandfunny.sk\/pl\/wp-json\/wp\/v2\/product_tag?post=4574"}],"curies":[{"name":"wp","href":"https:\/\/api.w.org\/{rel}","templated":true}]}}