{"id":4585,"date":"2024-11-26T08:05:36","date_gmt":"2024-11-26T07:05:36","guid":{"rendered":"https:\/\/www.freshandfunny.sk\/produkt\/odswiezacz-powietrza-coco\/"},"modified":"2024-11-26T08:05:36","modified_gmt":"2024-11-26T07:05:36","slug":"odswiezacz-powietrza-coco","status":"publish","type":"product","link":"https:\/\/www.freshandfunny.sk\/pl\/produkt\/odswiezacz-powietrza-coco\/","title":{"rendered":"Od\u015bwie\u017cacz powietrza \u2013 Coco"},"content":{"rendered":"<p>Prosz\u0119 poda\u0107 identyfikator produktu, aby wy\u015bwietli\u0107 odpowiednie dane!<br \/>\nProsz\u0119 poda\u0107 identyfikator produktu, aby wy\u015bwietli\u0107 odpowiednie dane!<br \/>\nProsz\u0119 poda\u0107 identyfikator produktu, aby wy\u015bwietli\u0107 odpowiednie dane!<\/p>\n<h4>Podobne produkty<\/h4>\n<p>Prosz\u0119 poda\u0107 identyfikator produktu, aby wy\u015bwietli\u0107 odpowiednie dane!<\/p>\n","protected":false},"excerpt":{"rendered":"<p>Luksusowa COCO. Co doda\u0107? W torbie ka\u017cdej luksusowej damy nie mo\u017ce zabrakn\u0105\u0107 luksusowej kocicy. Jest nieod\u0142\u0105cznym elementem jej torebki.   <\/p>\n<p><strong>Kompozycja zapachu w zawieszce<\/strong><\/p>\n<p>pomara\u0144cza, mandarynka, kwiat pomara\u0144czy, bergamotka, r\u00f3\u017ca, ja\u015bmin, ylang-ylang, mimoza, bia\u0142e pi\u017cmo, opoponaks, wetiwer, fasola tonka, wanilia, paczula<\/p>\n","protected":false},"featured_media":4374,"template":"","meta":{"inline_featured_image":false},"product_brand":[],"product_cat":[367],"product_tag":[346,308,339,368,371,358,369,365,370],"class_list":{"0":"post-4585","1":"product","2":"type-product","3":"status-publish","4":"has-post-thumbnail","6":"product_cat-coco-perfume-33","7":"product_tag-cytrusowa","8":"product_tag-koteczki","9":"product_tag-kwiatowa","10":"product_tag-macka-new","11":"product_tag-prowokatywna","12":"product_tag-romantyczna","13":"product_tag-temperamentna","14":"product_tag-uwodzicielska","15":"product_tag-zwariowana","17":"first","18":"instock","19":"taxable","20":"shipping-taxable","21":"purchasable","22":"product-type-variable","23":"has-default-attributes"},"_links":{"self":[{"href":"https:\/\/www.freshandfunny.sk\/pl\/wp-json\/wp\/v2\/product\/4585","targetHints":{"allow":["GET"]}}],"collection":[{"href":"https:\/\/www.freshandfunny.sk\/pl\/wp-json\/wp\/v2\/product"}],"about":[{"href":"https:\/\/www.freshandfunny.sk\/pl\/wp-json\/wp\/v2\/types\/product"}],"version-history":[{"count":0,"href":"https:\/\/www.freshandfunny.sk\/pl\/wp-json\/wp\/v2\/product\/4585\/revisions"}],"wp:featuredmedia":[{"embeddable":true,"href":"https:\/\/www.freshandfunny.sk\/pl\/wp-json\/wp\/v2\/media\/4374"}],"wp:attachment":[{"href":"https:\/\/www.freshandfunny.sk\/pl\/wp-json\/wp\/v2\/media?parent=4585"}],"wp:term":[{"taxonomy":"product_brand","embeddable":true,"href":"https:\/\/www.freshandfunny.sk\/pl\/wp-json\/wp\/v2\/product_brand?post=4585"},{"taxonomy":"product_cat","embeddable":true,"href":"https:\/\/www.freshandfunny.sk\/pl\/wp-json\/wp\/v2\/product_cat?post=4585"},{"taxonomy":"product_tag","embeddable":true,"href":"https:\/\/www.freshandfunny.sk\/pl\/wp-json\/wp\/v2\/product_tag?post=4585"}],"curies":[{"name":"wp","href":"https:\/\/api.w.org\/{rel}","templated":true}]}}