{"id":4590,"date":"2024-11-26T08:05:36","date_gmt":"2024-11-26T07:05:36","guid":{"rendered":"https:\/\/www.freshandfunny.sk\/produkt\/odswiezacz-powietrza-dumbo\/"},"modified":"2024-11-26T08:05:36","modified_gmt":"2024-11-26T07:05:36","slug":"odswiezacz-powietrza-dumbo","status":"publish","type":"product","link":"https:\/\/www.freshandfunny.sk\/pl\/produkt\/odswiezacz-powietrza-dumbo\/","title":{"rendered":"Od\u015bwie\u017cacz powietrza \u2013 Dumbo"},"content":{"rendered":"<p>Prosz\u0119 poda\u0107 identyfikator produktu, aby wy\u015bwietli\u0107 odpowiednie dane!<br \/>\nProsz\u0119 poda\u0107 identyfikator produktu, aby wy\u015bwietli\u0107 odpowiednie dane!<br \/>\nProsz\u0119 poda\u0107 identyfikator produktu, aby wy\u015bwietli\u0107 odpowiednie dane!<\/p>\n<h4>Podobne produkty<\/h4>\n<p>Prosz\u0119 poda\u0107 identyfikator produktu, aby wy\u015bwietli\u0107 odpowiednie dane!<\/p>\n","protected":false},"excerpt":{"rendered":"<p>Chyba ka\u017cdy z nas wie, \u017ce s\u0142o\u0144 jest w kulturach po\u0142udniowo-azjatyckich symbolem szcz\u0119\u015bcia.<br \/>\nS\u0142o\u0144 oznacza uciele\u015bnienie si\u0142y m\u0105dro\u015bci, inteligencji, delikatno\u015bci i harmonii.<br \/>\nS\u0142o\u0144 swoj\u0105 tr\u0105b\u0105 chroni swoj\u0105 obecno\u015bci\u0105 dom oraz gospodarza. Ochrona, szcz\u0119\u015bcie i p\u0142odno\u015b\u0107 \u2014 to s\u0105 jego silne energie, kt\u00f3re przenosz\u0105 pozytywn\u0105 moc Feng Shui.<br \/>S\u0142onia warto umie\u015bci\u0107 w domu, aby wnosi\u0142 do niego pozytywn\u0105 energi\u0119. Jako symbol bardzo wa\u017cne jest, aby trzyma\u0107 go z tr\u0105b\u0105 uniesion\u0105 do g\u00f3ry.<br \/>Wierzymy, \u017ce b\u0119dzie dla Was mi\u0142ym talizmanem.    <\/p>\n<p><strong>Kompozycja zapachu w zawieszce<\/strong><\/p>\n<div dir=\"ltr\">\n<div class=\"input-box\" spellcheck=\"false\">\n<div id=\"waffle-rich-text-editor\" class=\"cell-input editable disabled-input\" dir=\"ltr\" tabindex=\"0\" role=\"combobox\" contenteditable=\"false\" aria-autocomplete=\"list\" aria-label=\"H12\">drewno, sycylijski cedr, jab\u0142ko, dzwoneczek, bambus, ja\u015bmin, bia\u0142a r\u00f3\u017ca, cytrynowe drewno, jantr\u00e1m, pi\u017cmo<\/div>\n<\/div>\n<\/div>\n<div><\/div>\n","protected":false},"featured_media":4377,"template":"","meta":{"inline_featured_image":false},"product_brand":[],"product_cat":[372],"product_tag":[306,339,322,307,314],"class_list":{"0":"post-4590","1":"product","2":"type-product","3":"status-publish","4":"has-post-thumbnail","6":"product_cat-atlantis-perfume-3","7":"product_tag-drzewna","8":"product_tag-kwiatowa","9":"product_tag-morska","10":"product_tag-owocowa","11":"product_tag-swieza","13":"first","14":"instock","15":"taxable","16":"shipping-taxable","17":"purchasable","18":"product-type-variable","19":"has-default-attributes"},"_links":{"self":[{"href":"https:\/\/www.freshandfunny.sk\/pl\/wp-json\/wp\/v2\/product\/4590","targetHints":{"allow":["GET"]}}],"collection":[{"href":"https:\/\/www.freshandfunny.sk\/pl\/wp-json\/wp\/v2\/product"}],"about":[{"href":"https:\/\/www.freshandfunny.sk\/pl\/wp-json\/wp\/v2\/types\/product"}],"version-history":[{"count":0,"href":"https:\/\/www.freshandfunny.sk\/pl\/wp-json\/wp\/v2\/product\/4590\/revisions"}],"wp:featuredmedia":[{"embeddable":true,"href":"https:\/\/www.freshandfunny.sk\/pl\/wp-json\/wp\/v2\/media\/4377"}],"wp:attachment":[{"href":"https:\/\/www.freshandfunny.sk\/pl\/wp-json\/wp\/v2\/media?parent=4590"}],"wp:term":[{"taxonomy":"product_brand","embeddable":true,"href":"https:\/\/www.freshandfunny.sk\/pl\/wp-json\/wp\/v2\/product_brand?post=4590"},{"taxonomy":"product_cat","embeddable":true,"href":"https:\/\/www.freshandfunny.sk\/pl\/wp-json\/wp\/v2\/product_cat?post=4590"},{"taxonomy":"product_tag","embeddable":true,"href":"https:\/\/www.freshandfunny.sk\/pl\/wp-json\/wp\/v2\/product_tag?post=4590"}],"curies":[{"name":"wp","href":"https:\/\/api.w.org\/{rel}","templated":true}]}}