{"id":4605,"date":"2024-11-26T08:05:09","date_gmt":"2024-11-26T07:05:09","guid":{"rendered":"https:\/\/www.freshandfunny.sk\/produkt\/odswiezacz-powietrza-snowie-coyote\/"},"modified":"2024-11-26T08:05:09","modified_gmt":"2024-11-26T07:05:09","slug":"odswiezacz-powietrza-snowie-coyote","status":"publish","type":"product","link":"https:\/\/www.freshandfunny.sk\/pl\/produkt\/odswiezacz-powietrza-snowie-coyote\/","title":{"rendered":"Od\u015bwie\u017cacz powietrza \u2013 Snowie Coyote"},"content":{"rendered":"<p>Prosz\u0119 poda\u0107 identyfikator produktu, aby wy\u015bwietli\u0107 odpowiednie dane!<br \/>\nProsz\u0119 poda\u0107 identyfikator produktu, aby wy\u015bwietli\u0107 odpowiednie dane!<br \/>\nProsz\u0119 poda\u0107 identyfikator produktu, aby wy\u015bwietli\u0107 odpowiednie dane!<\/p>\n<h4>Podobne produkty<\/h4>\n<p>Prosz\u0119 poda\u0107 identyfikator produktu, aby wy\u015bwietli\u0107 odpowiednie dane!<\/p>\n","protected":false},"excerpt":{"rendered":"<p>Cichy i przyjemny towarzysz na wszystkie nieprzewidywalne podr\u00f3\u017ce. Nawet te zimowe.<br \/>Z designu \u015bnie\u017cnej drapie\u017cnej bestii czu\u0107 odrobin\u0119 luksusu stworzonego przez natur\u0119.  <\/p>\n<p><strong>Kompozycja zapachu w zawieszce<\/strong><\/p>\n<p>ananas, pigwa, czarna porzeczka, lilia, cytryna, \u017c\u00f3\u0142ty melon, lotos, mi\u00f3d, rumianek, ja\u015bmin, konwalia, lilia wodna, r\u00f3\u017ca, je\u017cyna, wanilia, brzoskwinia, wetiwer, maliny, sanda\u0142owe drewno, bursztynowe fale, pi\u017cmo<\/p>\n","protected":false},"featured_media":4399,"template":"","meta":{"inline_featured_image":false},"product_brand":[],"product_cat":[375],"product_tag":[311,322,315,314],"class_list":{"0":"post-4605","1":"product","2":"type-product","3":"status-publish","4":"has-post-thumbnail","6":"product_cat-snow-parfume-31","7":"product_tag-kojot","8":"product_tag-morska","9":"product_tag-slodka","10":"product_tag-swieza","12":"first","13":"instock","14":"taxable","15":"shipping-taxable","16":"purchasable","17":"product-type-variable","18":"has-default-attributes"},"_links":{"self":[{"href":"https:\/\/www.freshandfunny.sk\/pl\/wp-json\/wp\/v2\/product\/4605","targetHints":{"allow":["GET"]}}],"collection":[{"href":"https:\/\/www.freshandfunny.sk\/pl\/wp-json\/wp\/v2\/product"}],"about":[{"href":"https:\/\/www.freshandfunny.sk\/pl\/wp-json\/wp\/v2\/types\/product"}],"version-history":[{"count":0,"href":"https:\/\/www.freshandfunny.sk\/pl\/wp-json\/wp\/v2\/product\/4605\/revisions"}],"wp:featuredmedia":[{"embeddable":true,"href":"https:\/\/www.freshandfunny.sk\/pl\/wp-json\/wp\/v2\/media\/4399"}],"wp:attachment":[{"href":"https:\/\/www.freshandfunny.sk\/pl\/wp-json\/wp\/v2\/media?parent=4605"}],"wp:term":[{"taxonomy":"product_brand","embeddable":true,"href":"https:\/\/www.freshandfunny.sk\/pl\/wp-json\/wp\/v2\/product_brand?post=4605"},{"taxonomy":"product_cat","embeddable":true,"href":"https:\/\/www.freshandfunny.sk\/pl\/wp-json\/wp\/v2\/product_cat?post=4605"},{"taxonomy":"product_tag","embeddable":true,"href":"https:\/\/www.freshandfunny.sk\/pl\/wp-json\/wp\/v2\/product_tag?post=4605"}],"curies":[{"name":"wp","href":"https:\/\/api.w.org\/{rel}","templated":true}]}}