{"id":4620,"date":"2024-11-26T08:05:08","date_gmt":"2024-11-26T07:05:08","guid":{"rendered":"https:\/\/www.freshandfunny.sk\/produkt\/odswiezacz-powietrza-hubert-kamila\/"},"modified":"2024-11-26T08:05:08","modified_gmt":"2024-11-26T07:05:08","slug":"odswiezacz-powietrza-hubert-kamila","status":"publish","type":"product","link":"https:\/\/www.freshandfunny.sk\/pl\/produkt\/odswiezacz-powietrza-hubert-kamila\/","title":{"rendered":"Od\u015bwie\u017cacz powietrza \u2013 Hubert Kamila"},"content":{"rendered":"","protected":false},"excerpt":{"rendered":"<p>O wachlarzach powszechnie wiadomo, \u017ce s\u0105 symbolem Dalekiego Wschodu.<br \/>S\u0105 cz\u0119\u015bci\u0105 niemal ka\u017cdej rozmowy i opowie\u015bci. W\u0142adcy Dalekiego Wschodu ozdabiali swoje wachlarze r\u00f3\u017cnymi klejnotami jako znak swojego bogactwa.<br \/>Tak jest r\u00f3wnie\u017c w przypadku naszych wachlarzy. S\u0105 zdobione per\u0142ami lub z\u0142otymi dodatkami.<br \/>Podaruj sobie odrobin\u0119 orientalnego uroku w wyj\u0105tkowym wydaniu z naszej pracowni.     <\/p>\n<p><strong>Kompozycja zapachu w zawieszce<\/strong><\/p>\n<div dir=\"ltr\">\n<div class=\"input-box\" spellcheck=\"false\">\n<div id=\"waffle-rich-text-editor\" class=\"cell-input editable disabled-input\" dir=\"ltr\" tabindex=\"0\" role=\"combobox\" contenteditable=\"false\" aria-autocomplete=\"list\" aria-label=\"H3\">wanilia, owoce, jab\u0142ko, cynamon, sanda\u0142owe drewno, drewno cedrowe, z\u0142oty w\u0105s, go\u017adziki, kwiat bergamotki, li\u015bcie liliowca<\/div>\n<\/div>\n<\/div>\n<div><\/div>\n<p>&nbsp;<\/p>\n","protected":false},"featured_media":4380,"template":"","meta":{"inline_featured_image":false},"product_brand":[],"product_cat":[376],"product_tag":[303,306,305,307,304,363],"class_list":{"0":"post-4620","1":"product","2":"type-product","3":"status-publish","4":"has-post-thumbnail","6":"product_cat-hubert-perfume-8","7":"product_tag-ciepla","8":"product_tag-drzewna","9":"product_tag-lekko-korzenna","10":"product_tag-owocowa","11":"product_tag-pikantna","12":"product_tag-wielblad","14":"first","15":"instock","16":"taxable","17":"shipping-taxable","18":"purchasable","19":"product-type-variable","20":"has-default-attributes"},"_links":{"self":[{"href":"https:\/\/www.freshandfunny.sk\/pl\/wp-json\/wp\/v2\/product\/4620","targetHints":{"allow":["GET"]}}],"collection":[{"href":"https:\/\/www.freshandfunny.sk\/pl\/wp-json\/wp\/v2\/product"}],"about":[{"href":"https:\/\/www.freshandfunny.sk\/pl\/wp-json\/wp\/v2\/types\/product"}],"version-history":[{"count":0,"href":"https:\/\/www.freshandfunny.sk\/pl\/wp-json\/wp\/v2\/product\/4620\/revisions"}],"wp:featuredmedia":[{"embeddable":true,"href":"https:\/\/www.freshandfunny.sk\/pl\/wp-json\/wp\/v2\/media\/4380"}],"wp:attachment":[{"href":"https:\/\/www.freshandfunny.sk\/pl\/wp-json\/wp\/v2\/media?parent=4620"}],"wp:term":[{"taxonomy":"product_brand","embeddable":true,"href":"https:\/\/www.freshandfunny.sk\/pl\/wp-json\/wp\/v2\/product_brand?post=4620"},{"taxonomy":"product_cat","embeddable":true,"href":"https:\/\/www.freshandfunny.sk\/pl\/wp-json\/wp\/v2\/product_cat?post=4620"},{"taxonomy":"product_tag","embeddable":true,"href":"https:\/\/www.freshandfunny.sk\/pl\/wp-json\/wp\/v2\/product_tag?post=4620"}],"curies":[{"name":"wp","href":"https:\/\/api.w.org\/{rel}","templated":true}]}}