{"id":4630,"date":"2024-11-26T08:05:08","date_gmt":"2024-11-26T07:05:08","guid":{"rendered":"https:\/\/www.freshandfunny.sk\/produkt\/odswiezacz-powietrza-lucky-lemur\/"},"modified":"2024-11-26T08:05:08","modified_gmt":"2024-11-26T07:05:08","slug":"odswiezacz-powietrza-lucky-lemur","status":"publish","type":"product","link":"https:\/\/www.freshandfunny.sk\/pl\/produkt\/odswiezacz-powietrza-lucky-lemur\/","title":{"rendered":"Od\u015bwie\u017cacz powietrza \u2013 Lucky Lemur"},"content":{"rendered":"<p>Prosz\u0119 poda\u0107 identyfikator produktu, aby wy\u015bwietli\u0107 odpowiednie dane!<br \/>\nProsz\u0119 poda\u0107 identyfikator produktu, aby wy\u015bwietli\u0107 odpowiednie dane!<br \/>\nProsz\u0119 poda\u0107 identyfikator produktu, aby wy\u015bwietli\u0107 odpowiednie dane!<\/p>\n<h4>Podobne produkty<\/h4>\n<p>Prosz\u0119 poda\u0107 identyfikator produktu, aby wy\u015bwietli\u0107 odpowiednie dane!<\/p>\n","protected":false},"excerpt":{"rendered":"<p>Przysw\u00f3j sobie tropikalny design kultowych postaci pe\u0142nych harmonii. Kolory promieniuj\u0105 na Ciebie si\u0142\u0105, mi\u0142o\u015bci\u0105 i rado\u015bci\u0105 \u2014 tak jak barwy naszej naturalnej mandali.<\/p>\n<p><strong>Kompozycja zapachu w zawieszce<\/strong><\/p>\n<p>czerwona pomara\u0144cza, mi\u0119ta pieprzowa cynamon, r\u00f3\u017ca bursztyn, lekka sk\u00f3ra<\/p>\n","protected":false},"featured_media":4388,"template":"","meta":{"inline_featured_image":false},"product_brand":[],"product_cat":[374],"product_tag":[303,349,336,378,314,364],"class_list":{"0":"post-4630","1":"product","2":"type-product","3":"status-publish","4":"has-post-thumbnail","6":"product_cat-rainbow-parfume-1","7":"product_tag-ciepla","8":"product_tag-lemur","9":"product_tag-pikantna-2","10":"product_tag-skorzana","11":"product_tag-swieza","12":"product_tag-zmyslowa","14":"first","15":"instock","16":"taxable","17":"shipping-taxable","18":"purchasable","19":"product-type-variable","20":"has-default-attributes"},"_links":{"self":[{"href":"https:\/\/www.freshandfunny.sk\/pl\/wp-json\/wp\/v2\/product\/4630","targetHints":{"allow":["GET"]}}],"collection":[{"href":"https:\/\/www.freshandfunny.sk\/pl\/wp-json\/wp\/v2\/product"}],"about":[{"href":"https:\/\/www.freshandfunny.sk\/pl\/wp-json\/wp\/v2\/types\/product"}],"version-history":[{"count":0,"href":"https:\/\/www.freshandfunny.sk\/pl\/wp-json\/wp\/v2\/product\/4630\/revisions"}],"wp:featuredmedia":[{"embeddable":true,"href":"https:\/\/www.freshandfunny.sk\/pl\/wp-json\/wp\/v2\/media\/4388"}],"wp:attachment":[{"href":"https:\/\/www.freshandfunny.sk\/pl\/wp-json\/wp\/v2\/media?parent=4630"}],"wp:term":[{"taxonomy":"product_brand","embeddable":true,"href":"https:\/\/www.freshandfunny.sk\/pl\/wp-json\/wp\/v2\/product_brand?post=4630"},{"taxonomy":"product_cat","embeddable":true,"href":"https:\/\/www.freshandfunny.sk\/pl\/wp-json\/wp\/v2\/product_cat?post=4630"},{"taxonomy":"product_tag","embeddable":true,"href":"https:\/\/www.freshandfunny.sk\/pl\/wp-json\/wp\/v2\/product_tag?post=4630"}],"curies":[{"name":"wp","href":"https:\/\/api.w.org\/{rel}","templated":true}]}}