{"id":4635,"date":"2024-11-26T08:05:08","date_gmt":"2024-11-26T07:05:08","guid":{"rendered":"https:\/\/www.freshandfunny.sk\/produkt\/odswiezacz-powietrza-hubert-coyote\/"},"modified":"2024-11-26T08:05:08","modified_gmt":"2024-11-26T07:05:08","slug":"odswiezacz-powietrza-hubert-coyote","status":"publish","type":"product","link":"https:\/\/www.freshandfunny.sk\/pl\/produkt\/odswiezacz-powietrza-hubert-coyote\/","title":{"rendered":"Od\u015bwie\u017cacz powietrza \u2013 Hubert Coyote"},"content":{"rendered":"<p>Ten zapach zosta\u0142 stworzony dla m\u0119\u017cczyzny i kobiety wsp\u00f3\u0142czesno\u015bci.<br \/>\nObecne akordy: ciep\u0142y pi\u017cmowy akord, drewno, wanilia, owoce, cynamon.<br \/>\nG\u0142owa: \u015bwie\u017ce jab\u0142ko i kwiat bergamotki s\u0105 delikatnie owini\u0119te zielonymi li\u015b\u0107mi liliowca.<br \/>\nSerce: go\u017adzik i cynamon wsp\u00f3lnie definiuj\u0105 nut\u0119 serca.<br \/>\nBaza: starannie wybrane sanda\u0142owe i cedrowe drewno wraz z ekstraktem ze z\u0142otego w\u0105sa tworz\u0105 wyj\u0105tkow\u0105 baz\u0119 tej perfumowanej delikatno\u015bci.<\/p>\n","protected":false},"excerpt":{"rendered":"<p>Najpopularniejszym typem opowie\u015bci plemion Ameryki P\u00f3\u0142nocnej s\u0105 bajkowe historie. Wed\u0142ug folklorystycznej terminologii i legend Dalekiego Zachodu kojot jest figlarzem. Ci\u0105gle jest w drodze, jest g\u0142upi, troch\u0119 z\u0142y, zazwyczaj te\u017c przera\u017caj\u0105cy i niezno\u015bny. Przypomina Ci to kogo\u015b? Podaruj kojota.    <\/p>\n<p><strong>Kompozycja zapachu w zawieszce<\/strong><\/p>\n<p>wanilia, owoce, jab\u0142ko, cynamon, sanda\u0142owe drewno, drewno cedrowe, z\u0142oty w\u0105s, go\u017adziki, kwiat bergamotki, li\u015bcie liliowca<\/p>\n","protected":false},"featured_media":4381,"template":"","meta":{"inline_featured_image":false},"product_brand":[],"product_cat":[376],"product_tag":[303,306,311,305,307,304],"class_list":{"0":"post-4635","1":"product","2":"type-product","3":"status-publish","4":"has-post-thumbnail","6":"product_cat-hubert-perfume-8","7":"product_tag-ciepla","8":"product_tag-drzewna","9":"product_tag-kojot","10":"product_tag-lekko-korzenna","11":"product_tag-owocowa","12":"product_tag-pikantna","14":"first","15":"instock","16":"taxable","17":"shipping-taxable","18":"purchasable","19":"product-type-variable","20":"has-default-attributes"},"_links":{"self":[{"href":"https:\/\/www.freshandfunny.sk\/pl\/wp-json\/wp\/v2\/product\/4635","targetHints":{"allow":["GET"]}}],"collection":[{"href":"https:\/\/www.freshandfunny.sk\/pl\/wp-json\/wp\/v2\/product"}],"about":[{"href":"https:\/\/www.freshandfunny.sk\/pl\/wp-json\/wp\/v2\/types\/product"}],"version-history":[{"count":0,"href":"https:\/\/www.freshandfunny.sk\/pl\/wp-json\/wp\/v2\/product\/4635\/revisions"}],"wp:featuredmedia":[{"embeddable":true,"href":"https:\/\/www.freshandfunny.sk\/pl\/wp-json\/wp\/v2\/media\/4381"}],"wp:attachment":[{"href":"https:\/\/www.freshandfunny.sk\/pl\/wp-json\/wp\/v2\/media?parent=4635"}],"wp:term":[{"taxonomy":"product_brand","embeddable":true,"href":"https:\/\/www.freshandfunny.sk\/pl\/wp-json\/wp\/v2\/product_brand?post=4635"},{"taxonomy":"product_cat","embeddable":true,"href":"https:\/\/www.freshandfunny.sk\/pl\/wp-json\/wp\/v2\/product_cat?post=4635"},{"taxonomy":"product_tag","embeddable":true,"href":"https:\/\/www.freshandfunny.sk\/pl\/wp-json\/wp\/v2\/product_tag?post=4635"}],"curies":[{"name":"wp","href":"https:\/\/api.w.org\/{rel}","templated":true}]}}